{"id":1274,"date":"2020-10-18T15:41:56","date_gmt":"2020-10-18T12:41:56","guid":{"rendered":"https:\/\/mus2.com.tr\/mus2\/users\/educational-institutions-using-mus2\/"},"modified":"2026-04-21T15:22:15","modified_gmt":"2026-04-21T12:22:15","slug":"educational-institutions-using-mus2","status":"publish","type":"page","link":"https:\/\/mus2.com.tr\/en\/educational-institutions-using-mus2\/","title":{"rendered":"Educational Institutions Using Mus2"},"content":{"rendered":"<section class=\"l-section wpb_row height_medium\"><div class=\"l-section-h i-cf\"><div class=\"g-cols vc_row via_flex valign_top type_default stacking_default\"><div class=\"vc_col-sm-12 wpb_column vc_column_container\"><div class=\"vc_column-inner\"><div class=\"wpb_wrapper\"><div class=\"wpb_text_column\"><div class=\"wpb_wrapper\"><p>Schools where Mus2 is used by teachers and \/ or students. In some schools, teachers use it as a training tool in their lessons.<\/p>\n<div class=\"table-wrapper\">\n<table style=\"height: 2044px;\" width=\"670\">\n<tbody>\n<tr>\n<th width=\"40\">Row<\/th>\n<th>School Name<\/th>\n<th>Web Address<\/th>\n<\/tr>\n<tr>\n<td>01<\/td>\n<td>Afyon Kocatepe University<\/td>\n<td>aku.edu.tr<\/td>\n<\/tr>\n<tr>\n<td>02<\/td>\n<td>Akdeniz University<\/td>\n<td>akdeniz.edu.tr<\/td>\n<\/tr>\n<tr>\n<td>03<\/td>\n<td>Aksaray University Faculty of Education<\/td>\n<td>aksaray.edu.tr<\/td>\n<\/tr>\n<tr>\n<td>04<\/td>\n<td>Anadolu University<\/td>\n<td>anadolu.edu.tr<\/td>\n<\/tr>\n<tr>\n<td>05<\/td>\n<td>Ankara Hac\u0131 Bayram Veli University<\/td>\n<td>hacibayram.edu.tr<\/td>\n<\/tr>\n<tr>\n<td>06<\/td>\n<td>Ankara Music and Fine Arts University<\/td>\n<td>mgu.edu.tr<\/td>\n<\/tr>\n<tr>\n<td>07<\/td>\n<td>Ardahan University<\/td>\n<td>ardahan.edu.tr<\/td>\n<\/tr>\n<tr>\n<td>08<\/td>\n<td>Atat\u00fcrk University<\/td>\n<td>atauni.edu.tr<\/td>\n<\/tr>\n<tr>\n<td>09<\/td>\n<td>At\u0131l\u0131m University<\/td>\n<td>atilim.edu.tr<\/td>\n<\/tr>\n<tr>\n<td>10<\/td>\n<td>Ayd\u0131n Adnan Menderes University<\/td>\n<td>adu.edu.tr<\/td>\n<\/tr>\n<tr>\n<td>11<\/td>\n<td>Ba\u011fc\u0131lar Hikmet BARUT\u00c7UG\u0130L GSL<\/td>\n<td>bagcilarhbgsl.meb.k12.tr<\/td>\n<\/tr>\n<tr>\n<td>12<\/td>\n<td>Bah\u00e7e\u015fehir University<\/td>\n<td>bahcesehir.edu.tr<\/td>\n<\/tr>\n<tr>\n<td>13<\/td>\n<td>Ba\u015fak\u015fehir GSL (Fine Arts High School)<\/td>\n<td>basaksehirgsl.meb.k12.tr<\/td>\n<\/tr>\n<tr>\n<td>14<\/td>\n<td>Berklee College of Music<\/td>\n<td>berklee.edu<\/td>\n<\/tr>\n<tr>\n<td>15<\/td>\n<td>Bilecik Sheikh Edebali University<\/td>\n<td>bilecik.edu.tr<\/td>\n<\/tr>\n<tr>\n<td>16<\/td>\n<td>Bilkent University<\/td>\n<td>bilkent.edu.tr<\/td>\n<\/tr>\n<tr>\n<td>17<\/td>\n<td>Bo\u011fazi\u00e7i University<\/td>\n<td>boun.edu.tr<\/td>\n<\/tr>\n<tr>\n<td>18<\/td>\n<td>Bursa Uluda\u011f University<\/td>\n<td>uludag.edu.tr<\/td>\n<\/tr>\n<tr>\n<td>19<\/td>\n<td>\u00c7anakkale Onsekiz Mart University<\/td>\n<td>comu.edu.tr<\/td>\n<\/tr>\n<tr>\n<td>20<\/td>\n<td>\u00c7ankaya University<\/td>\n<td>cankaya.edu.tr<\/td>\n<\/tr>\n<tr>\n<td>21<\/td>\n<td>Dicle University<\/td>\n<td>dicle.edu.tr<\/td>\n<\/tr>\n<tr>\n<td>22<\/td>\n<td>Diyanet A\u015f\u0131kkutlu Education Center<\/td>\n<td>samsunegitim.diyanet.gov.tr<\/td>\n<\/tr>\n<tr>\n<td>23<\/td>\n<td>Dokuz Eyl\u00fcl University<\/td>\n<td>deu.edu.tr<\/td>\n<\/tr>\n<tr>\n<td>24<\/td>\n<td>Ege University<\/td>\n<td>ege.edu.tr<\/td>\n<\/tr>\n<tr>\n<td>25<\/td>\n<td>Erciyes University<\/td>\n<td>erciyes.edu.tr<\/td>\n<\/tr>\n<tr>\n<td>26<\/td>\n<td>Erzincan Binali Y\u0131ld\u0131r\u0131m University<\/td>\n<td>ebyu.edu.tr<\/td>\n<\/tr>\n<tr>\n<td>27<\/td>\n<td>Fatih University<\/td>\n<td>fatih.edu.tr<\/td>\n<\/tr>\n<tr>\n<td>28<\/td>\n<td>F\u0131rat University<\/td>\n<td>kyo.firat.edu.tr<\/td>\n<\/tr>\n<tr>\n<td>29<\/td>\n<td>Gata University<\/td>\n<td>gata.edu.tr<\/td>\n<\/tr>\n<tr>\n<td>30<\/td>\n<td>Gazi University<\/td>\n<td>gazi.edu.tr<\/td>\n<\/tr>\n<tr>\n<td>31<\/td>\n<td>Gaziantep University<\/td>\n<td>gantep.edu.tr<\/td>\n<\/tr>\n<tr>\n<td>32<\/td>\n<td>Gaziosmanpa\u015fa University<\/td>\n<td>gop.edu.tr<\/td>\n<\/tr>\n<tr>\n<td>33<\/td>\n<td>Giresun University<\/td>\n<td>giresun.edu.tr<\/td>\n<\/tr>\n<tr>\n<td>34<\/td>\n<td>Hacettepe University<\/td>\n<td>hacettepe.edu.tr<\/td>\n<\/tr>\n<tr>\n<td>35<\/td>\n<td>Harran University<\/td>\n<td>harran.edu.tr<\/td>\n<\/tr>\n<tr>\n<td>36<\/td>\n<td>Hatay Mustafa Kemal University<\/td>\n<td>mku.edu.tr<\/td>\n<\/tr>\n<tr>\n<td>37<\/td>\n<td>Hitit University<\/td>\n<td>hitit.edu.tr<\/td>\n<\/tr>\n<tr>\n<td>38<\/td>\n<td>\u0130n\u00f6n\u00fc University<\/td>\n<td>inonu.edu.tr<\/td>\n<\/tr>\n<tr>\n<td>39<\/td>\n<td>Istanbul Bilgi University<\/td>\n<td>bilgi.edu.tr<\/td>\n<\/tr>\n<tr>\n<td>40<\/td>\n<td>Istanbul Medeniyet University<\/td>\n<td>medeniyet.edu.tr<\/td>\n<\/tr>\n<tr>\n<td>41<\/td>\n<td>Istanbul Sabahattin Zaim University<\/td>\n<td>izu.edu.tr<\/td>\n<\/tr>\n<tr>\n<td>42<\/td>\n<td>Istanbul Technical University<\/td>\n<td>itu.edu.tr<\/td>\n<\/tr>\n<tr>\n<td>43<\/td>\n<td>Izmir Institute of Technology<\/td>\n<td>iyte.edu.tr<\/td>\n<\/tr>\n<tr>\n<td>44<\/td>\n<td>Kafkas University<\/td>\n<td>kafkas.edu.tr<\/td>\n<\/tr>\n<tr>\n<td>45<\/td>\n<td>K\u0131rklareli University<\/td>\n<td>klu.edu.tr<\/td>\n<\/tr>\n<tr>\n<td>46<\/td>\n<td>Ko\u00e7 University<\/td>\n<td>ku.edu.tr<\/td>\n<\/tr>\n<tr>\n<td>47<\/td>\n<td>Maltepe University<\/td>\n<td>maltepe.edu.tr<\/td>\n<\/tr>\n<tr>\n<td>48<\/td>\n<td>Mersin University<\/td>\n<td>mersin.edu.tr<\/td>\n<\/tr>\n<tr>\n<td>49<\/td>\n<td>Middle East Technical University<\/td>\n<td>arch.metu.edu.tr<\/td>\n<\/tr>\n<tr>\n<td>50<\/td>\n<td>Mimar Sinan Fine Arts High School<\/td>\n<td>msgsl.com<\/td>\n<\/tr>\n<tr>\n<td>51<\/td>\n<td>Mu\u011fla S\u0131tk\u0131 Ko\u00e7man University<\/td>\n<td>mu.edu.tr\/en<\/td>\n<\/tr>\n<tr>\n<td>52<\/td>\n<td>Necmettin Erbakan University<\/td>\n<td>erbakan.edu.tr<\/td>\n<\/tr>\n<tr>\n<td>53<\/td>\n<td>Ne\u015fet Erta\u015f Fine Arts High School<\/td>\n<td>kirsehirgssl.meb.k12.tr<\/td>\n<\/tr>\n<tr>\n<td>54<\/td>\n<td>Ni\u011fde \u00d6mer Halisdemir University<\/td>\n<td>ohu.edu.tr<\/td>\n<\/tr>\n<tr>\n<td>55<\/td>\n<td>Ondokuz May\u0131s University<\/td>\n<td>omu.edu.tr<\/td>\n<\/tr>\n<tr>\n<td>56<\/td>\n<td>Ordu University<\/td>\n<td>odu.edu.tr<\/td>\n<\/tr>\n<tr>\n<td>57<\/td>\n<td>Palet Turkish Music Primary School<\/td>\n<td>paletturkmuzigiokulu.com<\/td>\n<\/tr>\n<tr>\n<td>58<\/td>\n<td>Sakarya University<\/td>\n<td>sakarya.edu.tr<\/td>\n<\/tr>\n<tr>\n<td>59<\/td>\n<td>Sivas Cumhuriyet University<\/td>\n<td>cumhuriyet.edu.tr<\/td>\n<\/tr>\n<tr>\n<td>60<\/td>\n<td>Tekirda\u011f Fine Arts High School<\/td>\n<td>tgssl.meb.k12.tr<\/td>\n<\/tr>\n<tr>\n<td>61<\/td>\n<td>Terakki Foundation Schools<\/td>\n<td>terakki.org.tr<\/td>\n<\/tr>\n<tr>\n<td>62<\/td>\n<td>Toros University<\/td>\n<td>toros.edu.tr<\/td>\n<\/tr>\n<tr>\n<td>63<\/td>\n<td>Trakya University<\/td>\n<td>trakya.edu.tr<\/td>\n<\/tr>\n<tr>\n<td>64<\/td>\n<td>Van Y\u00fcz\u00fcnc\u00fc Y\u0131l University<\/td>\n<td>yyu.edu.tr<\/td>\n<\/tr>\n<\/tbody>\n<\/table>\n<p>&nbsp;<\/p>\n<\/div>\n<\/div><\/div><\/div><\/div><\/div><\/div><\/div><\/section>\n","protected":false},"excerpt":{"rendered":"Schools where Mus2 is used by teachers and \/ or students. In some schools, teachers use it as a training tool in their lessons. Row School Name Web Address 01 Afyon Kocatepe University aku.edu.tr 02 Akdeniz University akdeniz.edu.tr 03 Aksaray University Faculty of Education aksaray.edu.tr 04 Anadolu University anadolu.edu.tr 05 Ankara Hac\u0131 Bayram Veli University...","protected":false},"author":1,"featured_media":0,"parent":0,"menu_order":0,"comment_status":"closed","ping_status":"closed","template":"","meta":{"footnotes":""},"class_list":["post-1274","page","type-page","status-publish","hentry"],"yoast_head":"<!-- This site is optimized with the Yoast SEO plugin v27.4 - https:\/\/yoast.com\/product\/yoast-seo-wordpress\/ -->\n<title>Educational Institutions Using Mus2 - Mus2<\/title>\n<meta name=\"description\" content=\"Schools where Mus2 is used by teachers and \/ or students. In some schools, teachers use it as a training tool in their lessons.\" \/>\n<meta name=\"robots\" content=\"index, follow, max-snippet:-1, max-image-preview:large, max-video-preview:-1\" \/>\n<link rel=\"canonical\" href=\"https:\/\/mus2.com.tr\/en\/educational-institutions-using-mus2\/\" \/>\n<meta property=\"og:locale\" content=\"en_US\" \/>\n<meta property=\"og:type\" content=\"article\" \/>\n<meta property=\"og:title\" content=\"Educational Institutions Using Mus2 - Mus2\" \/>\n<meta property=\"og:description\" content=\"Schools where Mus2 is used by teachers and \/ or students. In some schools, teachers use it as a training tool in their lessons.\" \/>\n<meta property=\"og:url\" content=\"https:\/\/mus2.com.tr\/en\/educational-institutions-using-mus2\/\" \/>\n<meta property=\"og:site_name\" content=\"Mus2\" \/>\n<meta property=\"article:publisher\" content=\"https:\/\/www.facebook.com\/Mus2.com.tr\/\" \/>\n<meta property=\"article:modified_time\" content=\"2026-04-21T12:22:15+00:00\" \/>\n<meta name=\"twitter:card\" content=\"summary_large_image\" \/>\n<meta name=\"twitter:label1\" content=\"Est. reading time\" \/>\n\t<meta name=\"twitter:data1\" content=\"3 minutes\" \/>\n<script type=\"application\/ld+json\" class=\"yoast-schema-graph\">{\"@context\":\"https:\\\/\\\/schema.org\",\"@graph\":[{\"@type\":\"WebPage\",\"@id\":\"https:\\\/\\\/mus2.com.tr\\\/en\\\/educational-institutions-using-mus2\\\/\",\"url\":\"https:\\\/\\\/mus2.com.tr\\\/en\\\/educational-institutions-using-mus2\\\/\",\"name\":\"Educational Institutions Using Mus2 - Mus2\",\"isPartOf\":{\"@id\":\"https:\\\/\\\/mus2.com.tr\\\/en\\\/#website\"},\"datePublished\":\"2020-10-18T12:41:56+00:00\",\"dateModified\":\"2026-04-21T12:22:15+00:00\",\"description\":\"Schools where Mus2 is used by teachers and \\\/ or students. In some schools, teachers use it as a training tool in their lessons.\",\"breadcrumb\":{\"@id\":\"https:\\\/\\\/mus2.com.tr\\\/en\\\/educational-institutions-using-mus2\\\/#breadcrumb\"},\"inLanguage\":\"en-US\",\"potentialAction\":[{\"@type\":\"ReadAction\",\"target\":[\"https:\\\/\\\/mus2.com.tr\\\/en\\\/educational-institutions-using-mus2\\\/\"]}]},{\"@type\":\"BreadcrumbList\",\"@id\":\"https:\\\/\\\/mus2.com.tr\\\/en\\\/educational-institutions-using-mus2\\\/#breadcrumb\",\"itemListElement\":[{\"@type\":\"ListItem\",\"position\":1,\"name\":\"Ana sayfa\",\"item\":\"https:\\\/\\\/mus2.com.tr\\\/en\\\/\"},{\"@type\":\"ListItem\",\"position\":2,\"name\":\"Educational Institutions Using Mus2\"}]},{\"@type\":\"WebSite\",\"@id\":\"https:\\\/\\\/mus2.com.tr\\\/en\\\/#website\",\"url\":\"https:\\\/\\\/mus2.com.tr\\\/en\\\/\",\"name\":\"Mus2\",\"description\":\"T\u00fcrk makam m\u00fczi\u011fi ve mikrotonal m\u00fczik i\u00e7in nota yaz\u0131m\u0131\",\"publisher\":{\"@id\":\"https:\\\/\\\/mus2.com.tr\\\/en\\\/#organization\"},\"potentialAction\":[{\"@type\":\"SearchAction\",\"target\":{\"@type\":\"EntryPoint\",\"urlTemplate\":\"https:\\\/\\\/mus2.com.tr\\\/en\\\/?s={search_term_string}\"},\"query-input\":{\"@type\":\"PropertyValueSpecification\",\"valueRequired\":true,\"valueName\":\"search_term_string\"}}],\"inLanguage\":\"en-US\"},{\"@type\":\"Organization\",\"@id\":\"https:\\\/\\\/mus2.com.tr\\\/en\\\/#organization\",\"name\":\"Mus2\",\"url\":\"https:\\\/\\\/mus2.com.tr\\\/en\\\/\",\"logo\":{\"@type\":\"ImageObject\",\"inLanguage\":\"en-US\",\"@id\":\"https:\\\/\\\/mus2.com.tr\\\/en\\\/#\\\/schema\\\/logo\\\/image\\\/\",\"url\":\"https:\\\/\\\/mus2.com.tr\\\/wp-content\\\/uploads\\\/2022\\\/05\\\/mus2-logo.png\",\"contentUrl\":\"https:\\\/\\\/mus2.com.tr\\\/wp-content\\\/uploads\\\/2022\\\/05\\\/mus2-logo.png\",\"width\":800,\"height\":317,\"caption\":\"Mus2\"},\"image\":{\"@id\":\"https:\\\/\\\/mus2.com.tr\\\/en\\\/#\\\/schema\\\/logo\\\/image\\\/\"},\"sameAs\":[\"https:\\\/\\\/www.facebook.com\\\/Mus2.com.tr\\\/\"]}]}<\/script>\n<!-- \/ Yoast SEO plugin. -->","yoast_head_json":{"title":"Educational Institutions Using Mus2 - Mus2","description":"Schools where Mus2 is used by teachers and \/ or students. In some schools, teachers use it as a training tool in their lessons.","robots":{"index":"index","follow":"follow","max-snippet":"max-snippet:-1","max-image-preview":"max-image-preview:large","max-video-preview":"max-video-preview:-1"},"canonical":"https:\/\/mus2.com.tr\/en\/educational-institutions-using-mus2\/","og_locale":"en_US","og_type":"article","og_title":"Educational Institutions Using Mus2 - Mus2","og_description":"Schools where Mus2 is used by teachers and \/ or students. In some schools, teachers use it as a training tool in their lessons.","og_url":"https:\/\/mus2.com.tr\/en\/educational-institutions-using-mus2\/","og_site_name":"Mus2","article_publisher":"https:\/\/www.facebook.com\/Mus2.com.tr\/","article_modified_time":"2026-04-21T12:22:15+00:00","twitter_card":"summary_large_image","twitter_misc":{"Est. reading time":"3 minutes"},"schema":{"@context":"https:\/\/schema.org","@graph":[{"@type":"WebPage","@id":"https:\/\/mus2.com.tr\/en\/educational-institutions-using-mus2\/","url":"https:\/\/mus2.com.tr\/en\/educational-institutions-using-mus2\/","name":"Educational Institutions Using Mus2 - Mus2","isPartOf":{"@id":"https:\/\/mus2.com.tr\/en\/#website"},"datePublished":"2020-10-18T12:41:56+00:00","dateModified":"2026-04-21T12:22:15+00:00","description":"Schools where Mus2 is used by teachers and \/ or students. In some schools, teachers use it as a training tool in their lessons.","breadcrumb":{"@id":"https:\/\/mus2.com.tr\/en\/educational-institutions-using-mus2\/#breadcrumb"},"inLanguage":"en-US","potentialAction":[{"@type":"ReadAction","target":["https:\/\/mus2.com.tr\/en\/educational-institutions-using-mus2\/"]}]},{"@type":"BreadcrumbList","@id":"https:\/\/mus2.com.tr\/en\/educational-institutions-using-mus2\/#breadcrumb","itemListElement":[{"@type":"ListItem","position":1,"name":"Ana sayfa","item":"https:\/\/mus2.com.tr\/en\/"},{"@type":"ListItem","position":2,"name":"Educational Institutions Using Mus2"}]},{"@type":"WebSite","@id":"https:\/\/mus2.com.tr\/en\/#website","url":"https:\/\/mus2.com.tr\/en\/","name":"Mus2","description":"T\u00fcrk makam m\u00fczi\u011fi ve mikrotonal m\u00fczik i\u00e7in nota yaz\u0131m\u0131","publisher":{"@id":"https:\/\/mus2.com.tr\/en\/#organization"},"potentialAction":[{"@type":"SearchAction","target":{"@type":"EntryPoint","urlTemplate":"https:\/\/mus2.com.tr\/en\/?s={search_term_string}"},"query-input":{"@type":"PropertyValueSpecification","valueRequired":true,"valueName":"search_term_string"}}],"inLanguage":"en-US"},{"@type":"Organization","@id":"https:\/\/mus2.com.tr\/en\/#organization","name":"Mus2","url":"https:\/\/mus2.com.tr\/en\/","logo":{"@type":"ImageObject","inLanguage":"en-US","@id":"https:\/\/mus2.com.tr\/en\/#\/schema\/logo\/image\/","url":"https:\/\/mus2.com.tr\/wp-content\/uploads\/2022\/05\/mus2-logo.png","contentUrl":"https:\/\/mus2.com.tr\/wp-content\/uploads\/2022\/05\/mus2-logo.png","width":800,"height":317,"caption":"Mus2"},"image":{"@id":"https:\/\/mus2.com.tr\/en\/#\/schema\/logo\/image\/"},"sameAs":["https:\/\/www.facebook.com\/Mus2.com.tr\/"]}]}},"_links":{"self":[{"href":"https:\/\/mus2.com.tr\/en\/wp-json\/wp\/v2\/pages\/1274","targetHints":{"allow":["GET"]}}],"collection":[{"href":"https:\/\/mus2.com.tr\/en\/wp-json\/wp\/v2\/pages"}],"about":[{"href":"https:\/\/mus2.com.tr\/en\/wp-json\/wp\/v2\/types\/page"}],"author":[{"embeddable":true,"href":"https:\/\/mus2.com.tr\/en\/wp-json\/wp\/v2\/users\/1"}],"replies":[{"embeddable":true,"href":"https:\/\/mus2.com.tr\/en\/wp-json\/wp\/v2\/comments?post=1274"}],"version-history":[{"count":34,"href":"https:\/\/mus2.com.tr\/en\/wp-json\/wp\/v2\/pages\/1274\/revisions"}],"predecessor-version":[{"id":3792,"href":"https:\/\/mus2.com.tr\/en\/wp-json\/wp\/v2\/pages\/1274\/revisions\/3792"}],"wp:attachment":[{"href":"https:\/\/mus2.com.tr\/en\/wp-json\/wp\/v2\/media?parent=1274"}],"curies":[{"name":"wp","href":"https:\/\/api.w.org\/{rel}","templated":true}]}}