{"id":2765,"date":"2022-05-25T15:51:59","date_gmt":"2022-05-25T12:51:59","guid":{"rendered":"https:\/\/mus2.com.tr\/?page_id=2765"},"modified":"2022-05-25T17:22:43","modified_gmt":"2022-05-25T14:22:43","slug":"news","status":"publish","type":"page","link":"https:\/\/mus2.com.tr\/en\/news\/","title":{"rendered":"News"},"content":{"rendered":"<section class=\"l-section wpb_row height_small\"><div class=\"l-section-h i-cf\"><div class=\"g-cols vc_row via_flex valign_top type_default stacking_default\"><div class=\"vc_col-sm-12 wpb_column vc_column_container\"><div class=\"vc_column-inner\"><div class=\"wpb_wrapper\"><div class=\"w-grid us_grid type_grid layout_2597 cols_1 pagination_ajax preload_style_spinner\" id=\"us_grid_1\" style=\"--columns:1;--gap:2.5rem;\" data-filterable=\"true\"><style>.layout_2597 .w-grid-item-h{}.layout_2597 .usg_post_title_1{font-size:1.4rem!important;margin-bottom:0!important}.layout_2597 .usg_post_content_1{line-height:1.35!important;margin-top:0.25rem!important}.layout_2597 .usg_post_date_1{color:var(--color-content-faded)!important;font-size:0.85em!important}<\/style><div class=\"w-grid-list\">\t<article class=\"w-grid-item size_1x1 post-3641 post type-post status-publish format-standard hentry category-news\" data-id=\"3641\">\r\n\t\t<div class=\"w-grid-item-h\">\r\n\t\t\t\t\t\t<h3 class=\"w-post-elm post_title usg_post_title_1 entry-title color_link_inherit\"><a href=\"https:\/\/mus2.com.tr\/en\/news\/mus2-3-3-1-is-out\/\">Mus2 3.3.1 is out<\/a><\/h3><time class=\"w-post-elm post_date usg_post_date_1 has_text_color entry-date published\" datetime=\"2025-09-23T09:47:41+03:00\"><i class=\"fas fa-calendar\"><\/i>23 September 2025<\/time><div class=\"w-post-elm post_content usg_post_content_1\">Changes in this version: Files in MusicXML format can now be imported\/exported with Mus2. Bug fixes: Some On macOS versions, double-clicking Mus2 files opened a blank page instead of the&hellip;<\/div>\t\t<\/div>\r\n\t\t\t<\/article>\r\n\t<article class=\"w-grid-item size_1x1 post-3170 post type-post status-publish format-standard hentry category-news\" data-id=\"3170\">\r\n\t\t<div class=\"w-grid-item-h\">\r\n\t\t\t\t\t\t<h3 class=\"w-post-elm post_title usg_post_title_1 entry-title color_link_inherit\"><a href=\"https:\/\/mus2.com.tr\/en\/news\/mus2-3-2-1-is-out\/\">Mus2 3.2.1 is out<\/a><\/h3><time class=\"w-post-elm post_date usg_post_date_1 has_text_color entry-date published\" datetime=\"2022-09-12T09:42:40+03:00\"><i class=\"fas fa-calendar\"><\/i>12 September 2022<\/time><div class=\"w-post-elm post_content usg_post_content_1\">Changes in this version: Added the ability to mute the staves individually. Maqam and usul (rhythm) fields are added to the score information. Bug fixed (double click on a file&hellip;<\/div>\t\t<\/div>\r\n\t\t\t<\/article>\r\n\t<article class=\"w-grid-item size_1x1 post-2753 post type-post status-publish format-standard hentry category-news tag-mus2-en tag-notation\" data-id=\"2753\">\r\n\t\t<div class=\"w-grid-item-h\">\r\n\t\t\t\t\t\t<h3 class=\"w-post-elm post_title usg_post_title_1 entry-title color_link_inherit\"><a href=\"https:\/\/mus2.com.tr\/en\/news\/mus2-3-1-1-is-out\/\">Mus2 3.1.1 is out<\/a><\/h3><time class=\"w-post-elm post_date usg_post_date_1 has_text_color entry-date published\" datetime=\"2022-05-24T15:34:26+03:00\"><i class=\"fas fa-calendar\"><\/i>24 May 2022<\/time><div class=\"w-post-elm post_content usg_post_content_1\">Changes in this version: \u2022 Added batch font\/point edit feature for text fields. \u2022 New features is added to the Score Information screen. \u2022 Some names are changed in the&hellip;<\/div>\t\t<\/div>\r\n\t\t\t<\/article>\r\n\t<article class=\"w-grid-item size_1x1 post-2479 post type-post status-publish format-standard hentry category-news tag-general-information tag-mus2-en\" data-id=\"2479\">\r\n\t\t<div class=\"w-grid-item-h\">\r\n\t\t\t\t\t\t<h3 class=\"w-post-elm post_title usg_post_title_1 entry-title color_link_inherit\"><a href=\"https:\/\/mus2.com.tr\/en\/news\/a-video-titled-getting-the-notation-played-from-the-desired-pitch-is-now-on-youtube\/\">A video titled &#8216;Getting the notation played from a desired pitch&#8217; is now on Youtube.<\/a><\/h3><time class=\"w-post-elm post_date usg_post_date_1 has_text_color entry-date published\" datetime=\"2022-03-18T01:26:10+03:00\"><i class=\"fas fa-calendar\"><\/i>18 March 2022<\/time><div class=\"w-post-elm post_content usg_post_content_1\">We tried to answer the most frequently queried subject &#8216;Getting the notation played from a desired pitch&#8217; with a detailed video. You can reach the video from here, and the&hellip;<\/div>\t\t<\/div>\r\n\t\t\t<\/article>\r\n\t<article class=\"w-grid-item size_1x1 post-2320 post type-post status-publish format-standard hentry category-news tag-general-information tag-mus2-en\" data-id=\"2320\">\r\n\t\t<div class=\"w-grid-item-h\">\r\n\t\t\t\t\t\t<h3 class=\"w-post-elm post_title usg_post_title_1 entry-title color_link_inherit\"><a href=\"https:\/\/mus2.com.tr\/en\/news\/mus2-3-1-0-released\/\">Mus2 3.1.0 released<\/a><\/h3><time class=\"w-post-elm post_date usg_post_date_1 has_text_color entry-date published\" datetime=\"2022-02-07T15:39:46+03:00\"><i class=\"fas fa-calendar\"><\/i>7 February 2022<\/time><div class=\"w-post-elm post_content usg_post_content_1\">The subscription system started with the 3.x series. It is possible to subscribe with one, two and three-year options. Users with previous versions will be able to continue using their&hellip;<\/div>\t\t<\/div>\r\n\t\t\t<\/article>\r\n\t<article class=\"w-grid-item size_1x1 post-1979 post type-post status-publish format-standard hentry category-news tag-general-information tag-mus2-en\" data-id=\"1979\">\r\n\t\t<div class=\"w-grid-item-h\">\r\n\t\t\t\t\t\t<h3 class=\"w-post-elm post_title usg_post_title_1 entry-title color_link_inherit\"><a href=\"https:\/\/mus2.com.tr\/en\/news\/mus2-2-1-6-is-out\/\">Mus2 2.1.6 is out<\/a><\/h3><time class=\"w-post-elm post_date usg_post_date_1 has_text_color entry-date published\" datetime=\"2021-09-13T18:03:42+03:00\"><i class=\"fas fa-calendar\"><\/i>13 September 2021<\/time><div class=\"w-post-elm post_content usg_post_content_1\">In this version, the display of notes used in different voices, Ahenk list, and Layout are improved. We will keep working on new versions of Mus2. Click to download Mus2.<\/div>\t\t<\/div>\r\n\t\t\t<\/article>\r\n\t<article class=\"w-grid-item size_1x1 post-818 post type-post status-publish format-standard hentry category-news tag-general-information tag-mus2-en\" data-id=\"818\">\r\n\t\t<div class=\"w-grid-item-h\">\r\n\t\t\t\t\t\t<h3 class=\"w-post-elm post_title usg_post_title_1 entry-title color_link_inherit\"><a href=\"https:\/\/mus2.com.tr\/en\/news\/mus2-youtube-channel-is-now-live\/\">Mus2 YouTube channel is now live<\/a><\/h3><time class=\"w-post-elm post_date usg_post_date_1 has_text_color entry-date published\" datetime=\"2020-06-20T14:27:31+03:00\"><i class=\"fas fa-calendar\"><\/i>20 June 2020<\/time><div class=\"w-post-elm post_content usg_post_content_1\">To give information and tips on the usage of Mus2, we started a YouTube channel. Click to access Mus2 YouTube channel.<\/div>\t\t<\/div>\r\n\t\t\t<\/article>\r\n\t<article class=\"w-grid-item size_1x1 post-712 post type-post status-publish format-standard hentry category-news tag-general-information tag-mus2-en\" data-id=\"712\">\r\n\t\t<div class=\"w-grid-item-h\">\r\n\t\t\t\t\t\t<h3 class=\"w-post-elm post_title usg_post_title_1 entry-title color_link_inherit\"><a href=\"https:\/\/mus2.com.tr\/en\/news\/mus2-2-1-now-available\/\">Mus2 2.1 now available<\/a><\/h3><time class=\"w-post-elm post_date usg_post_date_1 has_text_color entry-date published\" datetime=\"2020-05-23T16:45:36+03:00\"><i class=\"fas fa-calendar\"><\/i>23 May 2020<\/time><div class=\"w-post-elm post_content usg_post_content_1\"><p>The latest version of Mus2 provides access to the SymbTr sheet music collection.<\/p>\n<\/div>\t\t<\/div>\r\n\t\t\t<\/article>\r\n<\/div>\t<div class=\"w-grid-preloader\">\r\n\t\t<div class=\"g-preloader type_1\">\r\n\t\t\t<div><\/div>\r\n\t\t<\/div>\r\n\t<\/div>\r\n\t\t<div class=\"w-grid-json hidden\" onclick='return {&quot;action&quot;:&quot;us_ajax_grid&quot;,&quot;infinite_scroll&quot;:0,&quot;max_num_pages&quot;:1,&quot;pagination&quot;:&quot;ajax&quot;,&quot;template_vars&quot;:{&quot;columns&quot;:&quot;1&quot;,&quot;exclude_items&quot;:&quot;none&quot;,&quot;img_size&quot;:&quot;default&quot;,&quot;ignore_items_size&quot;:0,&quot;items_layout&quot;:&quot;2597&quot;,&quot;items_offset&quot;:&quot;1&quot;,&quot;load_animation&quot;:&quot;none&quot;,&quot;overriding_link&quot;:&quot;{\\&quot;url\\&quot;:\\&quot;\\&quot;}&quot;,&quot;post_id&quot;:0,&quot;query_args&quot;:{&quot;post_type&quot;:[&quot;post&quot;],&quot;tax_query&quot;:[{&quot;taxonomy&quot;:&quot;category&quot;,&quot;field&quot;:&quot;slug&quot;,&quot;terms&quot;:[&quot;haber&quot;]}],&quot;post_status&quot;:[&quot;publish&quot;],&quot;posts_per_page&quot;:999},&quot;orderby_query_args&quot;:{&quot;orderby&quot;:{&quot;date&quot;:&quot;DESC&quot;}},&quot;type&quot;:&quot;grid&quot;,&quot;us_grid_post_type&quot;:&quot;post&quot;,&quot;us_grid_ajax_index&quot;:1,&quot;us_grid_filter_query_string&quot;:null,&quot;us_grid_index&quot;:1,&quot;page_args&quot;:[],&quot;lang&quot;:&quot;en&quot;}}'><\/div>\r\n\t<\/div><\/div><\/div><\/div><\/div><\/div><\/section>\n","protected":false},"excerpt":{"rendered":"The latest version of Mus2 provides access to the SymbTr sheet music collection. Click to download Mus2","protected":false},"author":1,"featured_media":0,"parent":0,"menu_order":0,"comment_status":"closed","ping_status":"closed","template":"","meta":{"footnotes":""},"class_list":["post-2765","page","type-page","status-publish","hentry"],"yoast_head":"<!-- This site is optimized with the Yoast SEO plugin v27.4 - https:\/\/yoast.com\/product\/yoast-seo-wordpress\/ -->\n<title>News - Mus2<\/title>\n<meta name=\"robots\" content=\"index, follow, max-snippet:-1, max-image-preview:large, max-video-preview:-1\" \/>\n<link rel=\"canonical\" href=\"https:\/\/mus2.com.tr\/en\/news\/\" \/>\n<meta property=\"og:locale\" content=\"en_US\" \/>\n<meta property=\"og:type\" content=\"article\" \/>\n<meta property=\"og:title\" content=\"News - Mus2\" \/>\n<meta property=\"og:url\" content=\"https:\/\/mus2.com.tr\/en\/news\/\" \/>\n<meta property=\"og:site_name\" content=\"Mus2\" \/>\n<meta property=\"article:publisher\" content=\"https:\/\/www.facebook.com\/Mus2.com.tr\/\" \/>\n<meta property=\"article:modified_time\" content=\"2022-05-25T14:22:43+00:00\" \/>\n<meta name=\"twitter:card\" content=\"summary_large_image\" \/>\n<script type=\"application\/ld+json\" class=\"yoast-schema-graph\">{\"@context\":\"https:\\\/\\\/schema.org\",\"@graph\":[{\"@type\":\"WebPage\",\"@id\":\"https:\\\/\\\/mus2.com.tr\\\/en\\\/news\\\/\",\"url\":\"https:\\\/\\\/mus2.com.tr\\\/en\\\/news\\\/\",\"name\":\"News - Mus2\",\"isPartOf\":{\"@id\":\"https:\\\/\\\/mus2.com.tr\\\/en\\\/#website\"},\"datePublished\":\"2022-05-25T12:51:59+00:00\",\"dateModified\":\"2022-05-25T14:22:43+00:00\",\"breadcrumb\":{\"@id\":\"https:\\\/\\\/mus2.com.tr\\\/en\\\/news\\\/#breadcrumb\"},\"inLanguage\":\"en-US\",\"potentialAction\":[{\"@type\":\"ReadAction\",\"target\":[\"https:\\\/\\\/mus2.com.tr\\\/en\\\/news\\\/\"]}]},{\"@type\":\"BreadcrumbList\",\"@id\":\"https:\\\/\\\/mus2.com.tr\\\/en\\\/news\\\/#breadcrumb\",\"itemListElement\":[{\"@type\":\"ListItem\",\"position\":1,\"name\":\"Ana sayfa\",\"item\":\"https:\\\/\\\/mus2.com.tr\\\/en\\\/\"},{\"@type\":\"ListItem\",\"position\":2,\"name\":\"News\"}]},{\"@type\":\"WebSite\",\"@id\":\"https:\\\/\\\/mus2.com.tr\\\/en\\\/#website\",\"url\":\"https:\\\/\\\/mus2.com.tr\\\/en\\\/\",\"name\":\"Mus2\",\"description\":\"T\u00fcrk makam m\u00fczi\u011fi ve mikrotonal m\u00fczik i\u00e7in nota yaz\u0131m\u0131\",\"publisher\":{\"@id\":\"https:\\\/\\\/mus2.com.tr\\\/en\\\/#organization\"},\"potentialAction\":[{\"@type\":\"SearchAction\",\"target\":{\"@type\":\"EntryPoint\",\"urlTemplate\":\"https:\\\/\\\/mus2.com.tr\\\/en\\\/?s={search_term_string}\"},\"query-input\":{\"@type\":\"PropertyValueSpecification\",\"valueRequired\":true,\"valueName\":\"search_term_string\"}}],\"inLanguage\":\"en-US\"},{\"@type\":\"Organization\",\"@id\":\"https:\\\/\\\/mus2.com.tr\\\/en\\\/#organization\",\"name\":\"Mus2\",\"url\":\"https:\\\/\\\/mus2.com.tr\\\/en\\\/\",\"logo\":{\"@type\":\"ImageObject\",\"inLanguage\":\"en-US\",\"@id\":\"https:\\\/\\\/mus2.com.tr\\\/en\\\/#\\\/schema\\\/logo\\\/image\\\/\",\"url\":\"https:\\\/\\\/mus2.com.tr\\\/wp-content\\\/uploads\\\/2022\\\/05\\\/mus2-logo.png\",\"contentUrl\":\"https:\\\/\\\/mus2.com.tr\\\/wp-content\\\/uploads\\\/2022\\\/05\\\/mus2-logo.png\",\"width\":800,\"height\":317,\"caption\":\"Mus2\"},\"image\":{\"@id\":\"https:\\\/\\\/mus2.com.tr\\\/en\\\/#\\\/schema\\\/logo\\\/image\\\/\"},\"sameAs\":[\"https:\\\/\\\/www.facebook.com\\\/Mus2.com.tr\\\/\"]}]}<\/script>\n<!-- \/ Yoast SEO plugin. -->","yoast_head_json":{"title":"News - Mus2","robots":{"index":"index","follow":"follow","max-snippet":"max-snippet:-1","max-image-preview":"max-image-preview:large","max-video-preview":"max-video-preview:-1"},"canonical":"https:\/\/mus2.com.tr\/en\/news\/","og_locale":"en_US","og_type":"article","og_title":"News - Mus2","og_url":"https:\/\/mus2.com.tr\/en\/news\/","og_site_name":"Mus2","article_publisher":"https:\/\/www.facebook.com\/Mus2.com.tr\/","article_modified_time":"2022-05-25T14:22:43+00:00","twitter_card":"summary_large_image","schema":{"@context":"https:\/\/schema.org","@graph":[{"@type":"WebPage","@id":"https:\/\/mus2.com.tr\/en\/news\/","url":"https:\/\/mus2.com.tr\/en\/news\/","name":"News - Mus2","isPartOf":{"@id":"https:\/\/mus2.com.tr\/en\/#website"},"datePublished":"2022-05-25T12:51:59+00:00","dateModified":"2022-05-25T14:22:43+00:00","breadcrumb":{"@id":"https:\/\/mus2.com.tr\/en\/news\/#breadcrumb"},"inLanguage":"en-US","potentialAction":[{"@type":"ReadAction","target":["https:\/\/mus2.com.tr\/en\/news\/"]}]},{"@type":"BreadcrumbList","@id":"https:\/\/mus2.com.tr\/en\/news\/#breadcrumb","itemListElement":[{"@type":"ListItem","position":1,"name":"Ana sayfa","item":"https:\/\/mus2.com.tr\/en\/"},{"@type":"ListItem","position":2,"name":"News"}]},{"@type":"WebSite","@id":"https:\/\/mus2.com.tr\/en\/#website","url":"https:\/\/mus2.com.tr\/en\/","name":"Mus2","description":"T\u00fcrk makam m\u00fczi\u011fi ve mikrotonal m\u00fczik i\u00e7in nota yaz\u0131m\u0131","publisher":{"@id":"https:\/\/mus2.com.tr\/en\/#organization"},"potentialAction":[{"@type":"SearchAction","target":{"@type":"EntryPoint","urlTemplate":"https:\/\/mus2.com.tr\/en\/?s={search_term_string}"},"query-input":{"@type":"PropertyValueSpecification","valueRequired":true,"valueName":"search_term_string"}}],"inLanguage":"en-US"},{"@type":"Organization","@id":"https:\/\/mus2.com.tr\/en\/#organization","name":"Mus2","url":"https:\/\/mus2.com.tr\/en\/","logo":{"@type":"ImageObject","inLanguage":"en-US","@id":"https:\/\/mus2.com.tr\/en\/#\/schema\/logo\/image\/","url":"https:\/\/mus2.com.tr\/wp-content\/uploads\/2022\/05\/mus2-logo.png","contentUrl":"https:\/\/mus2.com.tr\/wp-content\/uploads\/2022\/05\/mus2-logo.png","width":800,"height":317,"caption":"Mus2"},"image":{"@id":"https:\/\/mus2.com.tr\/en\/#\/schema\/logo\/image\/"},"sameAs":["https:\/\/www.facebook.com\/Mus2.com.tr\/"]}]}},"_links":{"self":[{"href":"https:\/\/mus2.com.tr\/en\/wp-json\/wp\/v2\/pages\/2765","targetHints":{"allow":["GET"]}}],"collection":[{"href":"https:\/\/mus2.com.tr\/en\/wp-json\/wp\/v2\/pages"}],"about":[{"href":"https:\/\/mus2.com.tr\/en\/wp-json\/wp\/v2\/types\/page"}],"author":[{"embeddable":true,"href":"https:\/\/mus2.com.tr\/en\/wp-json\/wp\/v2\/users\/1"}],"replies":[{"embeddable":true,"href":"https:\/\/mus2.com.tr\/en\/wp-json\/wp\/v2\/comments?post=2765"}],"version-history":[{"count":4,"href":"https:\/\/mus2.com.tr\/en\/wp-json\/wp\/v2\/pages\/2765\/revisions"}],"predecessor-version":[{"id":2804,"href":"https:\/\/mus2.com.tr\/en\/wp-json\/wp\/v2\/pages\/2765\/revisions\/2804"}],"wp:attachment":[{"href":"https:\/\/mus2.com.tr\/en\/wp-json\/wp\/v2\/media?parent=2765"}],"curies":[{"name":"wp","href":"https:\/\/api.w.org\/{rel}","templated":true}]}}