{"id":2783,"date":"2022-05-25T16:46:33","date_gmt":"2022-05-25T13:46:33","guid":{"rendered":"https:\/\/mus2.com.tr\/?page_id=2783"},"modified":"2022-05-25T17:33:11","modified_gmt":"2022-05-25T14:33:11","slug":"videos","status":"publish","type":"page","link":"https:\/\/mus2.com.tr\/en\/videos\/","title":{"rendered":"Videos"},"content":{"rendered":"<section class=\"l-section wpb_row height_medium\"><div class=\"l-section-h i-cf\"><div class=\"g-cols vc_row via_flex valign_top type_default stacking_default\"><div class=\"vc_col-sm-12 wpb_column vc_column_container\"><div class=\"vc_column-inner\"><div class=\"wpb_wrapper\"><form class=\"w-filter for_grid state_desktop us-field-style_1 layout_hor items_1 mod_dropdown dropdown_style_trendy align_none drop_on_hover hide_item_title hide_disabled_values\" action onsubmit=\"return false;\" onclick='return {&quot;filterPrefix&quot;:&quot;filter&quot;,&quot;hideDisabledValues&quot;:true,&quot;layout&quot;:&quot;hor&quot;,&quot;mobileWidth&quot;:600,&quot;use_grid&quot;:&quot;first&quot;,&quot;gridNotFoundMessage&quot;:&quot;Nothing to filter. Add a suitable Grid to this page.&quot;}'><div class=\"w-filter-list\"><div class=\"w-filter-list-title\">Filters<\/div><button class=\"w-filter-list-closer\" title=\"Close\" aria-label=\"Close\"><\/button><div class=\"w-filter-item type_checkbox\" data-source=\"tax|post_tag\"><button class=\"w-filter-item-title\">Filter by Tag<span><\/span><\/button><a class=\"w-filter-item-reset\" href=\"#\" title=\"Reset\"><span>Reset<\/span><\/a><div class=\"w-filter-item-content\"><div class=\"w-filter-item-values\" data-maxheight=\"40vh\" style=\"max-height:40vh\"><div class=\"w-filter-item-value\" data-item-amount=\"7\"><label><input type=\"checkbox\" value=\"general-information\" name=\"filter_post_tag\"><span class=\"w-filter-item-value-label\">General Information<\/span><\/label><\/div><div class=\"w-filter-item-value\" data-item-amount=\"1\"><label><input type=\"checkbox\" value=\"layout\" name=\"filter_post_tag\"><span class=\"w-filter-item-value-label\">Layout<\/span><\/label><\/div><div class=\"w-filter-item-value\" data-item-amount=\"1\"><label><input type=\"checkbox\" value=\"macos-en\" name=\"filter_post_tag\"><span class=\"w-filter-item-value-label\">MacOS<\/span><\/label><\/div><div class=\"w-filter-item-value\" data-item-amount=\"7\"><label><input type=\"checkbox\" value=\"mus2-en\" name=\"filter_post_tag\"><span class=\"w-filter-item-value-label\">Mus2<\/span><\/label><\/div><div class=\"w-filter-item-value\" data-item-amount=\"4\"><label><input type=\"checkbox\" value=\"notation\" name=\"filter_post_tag\"><span class=\"w-filter-item-value-label\">Notation<\/span><\/label><\/div><div class=\"w-filter-item-value\" data-item-amount=\"2\"><label><input type=\"checkbox\" value=\"playing\" name=\"filter_post_tag\"><span class=\"w-filter-item-value-label\">Playing<\/span><\/label><\/div><\/div><\/div><\/div><\/div><div class=\"w-filter-list-panel\"><button class=\"w-btn us-btn-style_1\"><span class=\"w-btn-label\">Apply<\/span><\/button><\/div><style>@media( max-width:600px ){.w-filter.state_desktop .w-filter-list,.w-filter-item-title>span{display:none}.w-filter-opener{display:inline-block}}<\/style><button class=\"w-filter-opener\"><span>Filters<\/span><\/button><div class=\"w-filter-json-filters-args hidden\" onclick='return {&quot;taxonomies_query_args&quot;:{&quot;tax|post_tag&quot;:{&quot;accidentals&quot;:{&quot;fields&quot;:&quot;ids&quot;,&quot;nopaging&quot;:true,&quot;post_status&quot;:[&quot;publish&quot;,&quot;inherit&quot;],&quot;post_type&quot;:[],&quot;posts_per_page&quot;:1,&quot;suppress_filters&quot;:true,&quot;tax_query&quot;:[{&quot;taxonomy&quot;:&quot;post_tag&quot;,&quot;field&quot;:&quot;slug&quot;,&quot;terms&quot;:&quot;accidentals&quot;}]},&quot;general-information&quot;:{&quot;fields&quot;:&quot;ids&quot;,&quot;nopaging&quot;:true,&quot;post_status&quot;:[&quot;publish&quot;,&quot;inherit&quot;],&quot;post_type&quot;:[],&quot;posts_per_page&quot;:1,&quot;suppress_filters&quot;:true,&quot;tax_query&quot;:[{&quot;taxonomy&quot;:&quot;post_tag&quot;,&quot;field&quot;:&quot;slug&quot;,&quot;terms&quot;:&quot;general-information&quot;}]},&quot;key-signature&quot;:{&quot;fields&quot;:&quot;ids&quot;,&quot;nopaging&quot;:true,&quot;post_status&quot;:[&quot;publish&quot;,&quot;inherit&quot;],&quot;post_type&quot;:[],&quot;posts_per_page&quot;:1,&quot;suppress_filters&quot;:true,&quot;tax_query&quot;:[{&quot;taxonomy&quot;:&quot;post_tag&quot;,&quot;field&quot;:&quot;slug&quot;,&quot;terms&quot;:&quot;key-signature&quot;}]},&quot;layout&quot;:{&quot;fields&quot;:&quot;ids&quot;,&quot;nopaging&quot;:true,&quot;post_status&quot;:[&quot;publish&quot;,&quot;inherit&quot;],&quot;post_type&quot;:[],&quot;posts_per_page&quot;:1,&quot;suppress_filters&quot;:true,&quot;tax_query&quot;:[{&quot;taxonomy&quot;:&quot;post_tag&quot;,&quot;field&quot;:&quot;slug&quot;,&quot;terms&quot;:&quot;layout&quot;}]},&quot;macos-en&quot;:{&quot;fields&quot;:&quot;ids&quot;,&quot;nopaging&quot;:true,&quot;post_status&quot;:[&quot;publish&quot;,&quot;inherit&quot;],&quot;post_type&quot;:[],&quot;posts_per_page&quot;:1,&quot;suppress_filters&quot;:true,&quot;tax_query&quot;:[{&quot;taxonomy&quot;:&quot;post_tag&quot;,&quot;field&quot;:&quot;slug&quot;,&quot;terms&quot;:&quot;macos-en&quot;}]},&quot;measure&quot;:{&quot;fields&quot;:&quot;ids&quot;,&quot;nopaging&quot;:true,&quot;post_status&quot;:[&quot;publish&quot;,&quot;inherit&quot;],&quot;post_type&quot;:[],&quot;posts_per_page&quot;:1,&quot;suppress_filters&quot;:true,&quot;tax_query&quot;:[{&quot;taxonomy&quot;:&quot;post_tag&quot;,&quot;field&quot;:&quot;slug&quot;,&quot;terms&quot;:&quot;measure&quot;}]},&quot;mus2-en&quot;:{&quot;fields&quot;:&quot;ids&quot;,&quot;nopaging&quot;:true,&quot;post_status&quot;:[&quot;publish&quot;,&quot;inherit&quot;],&quot;post_type&quot;:[],&quot;posts_per_page&quot;:1,&quot;suppress_filters&quot;:true,&quot;tax_query&quot;:[{&quot;taxonomy&quot;:&quot;post_tag&quot;,&quot;field&quot;:&quot;slug&quot;,&quot;terms&quot;:&quot;mus2-en&quot;}]},&quot;notation&quot;:{&quot;fields&quot;:&quot;ids&quot;,&quot;nopaging&quot;:true,&quot;post_status&quot;:[&quot;publish&quot;,&quot;inherit&quot;],&quot;post_type&quot;:[],&quot;posts_per_page&quot;:1,&quot;suppress_filters&quot;:true,&quot;tax_query&quot;:[{&quot;taxonomy&quot;:&quot;post_tag&quot;,&quot;field&quot;:&quot;slug&quot;,&quot;terms&quot;:&quot;notation&quot;}]},&quot;playing&quot;:{&quot;fields&quot;:&quot;ids&quot;,&quot;nopaging&quot;:true,&quot;post_status&quot;:[&quot;publish&quot;,&quot;inherit&quot;],&quot;post_type&quot;:[],&quot;posts_per_page&quot;:1,&quot;suppress_filters&quot;:true,&quot;tax_query&quot;:[{&quot;taxonomy&quot;:&quot;post_tag&quot;,&quot;field&quot;:&quot;slug&quot;,&quot;terms&quot;:&quot;playing&quot;}]},&quot;rhythm&quot;:{&quot;fields&quot;:&quot;ids&quot;,&quot;nopaging&quot;:true,&quot;post_status&quot;:[&quot;publish&quot;,&quot;inherit&quot;],&quot;post_type&quot;:[],&quot;posts_per_page&quot;:1,&quot;suppress_filters&quot;:true,&quot;tax_query&quot;:[{&quot;taxonomy&quot;:&quot;post_tag&quot;,&quot;field&quot;:&quot;slug&quot;,&quot;terms&quot;:&quot;rhythm&quot;}]},&quot;staff&quot;:{&quot;fields&quot;:&quot;ids&quot;,&quot;nopaging&quot;:true,&quot;post_status&quot;:[&quot;publish&quot;,&quot;inherit&quot;],&quot;post_type&quot;:[],&quot;posts_per_page&quot;:1,&quot;suppress_filters&quot;:true,&quot;tax_query&quot;:[{&quot;taxonomy&quot;:&quot;post_tag&quot;,&quot;field&quot;:&quot;slug&quot;,&quot;terms&quot;:&quot;staff&quot;}]},&quot;transpose&quot;:{&quot;fields&quot;:&quot;ids&quot;,&quot;nopaging&quot;:true,&quot;post_status&quot;:[&quot;publish&quot;,&quot;inherit&quot;],&quot;post_type&quot;:[],&quot;posts_per_page&quot;:1,&quot;suppress_filters&quot;:true,&quot;tax_query&quot;:[{&quot;taxonomy&quot;:&quot;post_tag&quot;,&quot;field&quot;:&quot;slug&quot;,&quot;terms&quot;:&quot;transpose&quot;}]},&quot;tuning&quot;:{&quot;fields&quot;:&quot;ids&quot;,&quot;nopaging&quot;:true,&quot;post_status&quot;:[&quot;publish&quot;,&quot;inherit&quot;],&quot;post_type&quot;:[],&quot;posts_per_page&quot;:1,&quot;suppress_filters&quot;:true,&quot;tax_query&quot;:[{&quot;taxonomy&quot;:&quot;post_tag&quot;,&quot;field&quot;:&quot;slug&quot;,&quot;terms&quot;:&quot;tuning&quot;}]}}}}'><\/div><\/form><div class=\"w-separator size_small\"><\/div><div class=\"w-grid us_grid type_grid layout_2736 cols_1 preload_style_spinner\" id=\"us_grid_1\" style=\"--columns:1;--gap:2rem;\" data-filterable=\"true\"><style>.layout_2736 .w-grid-item-h{}.layout_2736 .usg_post_title_1{font-size:1.4rem!important;margin-bottom:0!important}.layout_2736 .usg_post_date_1{color:var(--color-content-faded)!important;font-size:0.85rem!important}.layout_2736 .usg_post_taxonomy_1{color:var(--color-content-faded)!important;font-size:0.85rem!important}.layout_2736 .usg_post_image_1{width:20%!important}<\/style><div class=\"w-grid-list\">\t<article class=\"w-grid-item size_1x1 post-2155 post type-post status-publish format-standard hentry category-videos tag-notation tag-playing\" data-id=\"2155\">\r\n\t\t<div class=\"w-grid-item-h\">\r\n\t\t\t\t\t\t<div class=\"w-hwrapper usg_hwrapper_2 align_none valign_top\"><div class=\"w-vwrapper usg_vwrapper_1 align_none valign_top\"><h3 class=\"w-post-elm post_title usg_post_title_1 entry-title color_link_inherit\"><a href=\"https:\/\/mus2.com.tr\/en\/videos\/notating-pesrev-and-saz-semaisi-pieces-for-correct-playback-2\/\">Notating Pesrev and Saz Semaisi pieces for correct playback<\/a><\/h3><div class=\"w-hwrapper usg_hwrapper_1 align_none valign_top\"><div class=\"w-post-elm post_taxonomy usg_post_taxonomy_1 has_text_color style_simple color_link_inherit\"><i class=\"fas fa-tag\"><\/i><span class=\"term-45 term-notation\">Notation<\/span><b>, <\/b><span class=\"term-46 term-playing\">Playing<\/span><\/div><time class=\"w-post-elm post_date usg_post_date_1 has_text_color entry-date published\" datetime=\"2021-10-19T16:00:49+03:00\"><i class=\"fas fa-calendar\"><\/i>19 October 2021<\/time><\/div><\/div><\/div>\t\t<\/div>\r\n\t\t\t<\/article>\r\n\t<article class=\"w-grid-item size_1x1 post-2147 post type-post status-publish format-standard has-post-thumbnail hentry category-videos tag-notation\" data-id=\"2147\">\r\n\t\t<div class=\"w-grid-item-h\">\r\n\t\t\t\t\t\t<div class=\"w-hwrapper usg_hwrapper_2 align_none valign_top\"><div class=\"w-post-elm post_image usg_post_image_1 has_width stretched\"><a href=\"https:\/\/mus2.com.tr\/en\/videos\/how-to-flip-stems-triads-ties-and-groups-of-notes\/\" aria-label=\"Flipping note stems, tuplets, string, and note groups\"><img loading=\"lazy\" decoding=\"async\" width=\"1024\" height=\"576\" src=\"https:\/\/mus2.com.tr\/wp-content\/uploads\/2021\/10\/Nota-saplari-ucleme-bag-ve-nota-gruplarinin-ters-cevrilmesi-1024x576.jpg\" class=\"attachment-large size-large wp-post-image\" alt=\"\" srcset=\"https:\/\/mus2.com.tr\/wp-content\/uploads\/2021\/10\/Nota-saplari-ucleme-bag-ve-nota-gruplarinin-ters-cevrilmesi-1024x576.jpg 1024w, https:\/\/mus2.com.tr\/wp-content\/uploads\/2021\/10\/Nota-saplari-ucleme-bag-ve-nota-gruplarinin-ters-cevrilmesi-300x169.jpg 300w, https:\/\/mus2.com.tr\/wp-content\/uploads\/2021\/10\/Nota-saplari-ucleme-bag-ve-nota-gruplarinin-ters-cevrilmesi-768x432.jpg 768w, https:\/\/mus2.com.tr\/wp-content\/uploads\/2021\/10\/Nota-saplari-ucleme-bag-ve-nota-gruplarinin-ters-cevrilmesi.jpg 1280w\" sizes=\"auto, (max-width: 1024px) 100vw, 1024px\" \/><\/a><\/div><div class=\"w-vwrapper usg_vwrapper_1 align_none valign_top\"><h3 class=\"w-post-elm post_title usg_post_title_1 entry-title color_link_inherit\"><a href=\"https:\/\/mus2.com.tr\/en\/videos\/how-to-flip-stems-triads-ties-and-groups-of-notes\/\">Flipping note stems, tuplets, string, and note groups<\/a><\/h3><div class=\"w-hwrapper usg_hwrapper_1 align_none valign_top\"><div class=\"w-post-elm post_taxonomy usg_post_taxonomy_1 has_text_color style_simple color_link_inherit\"><i class=\"fas fa-tag\"><\/i><span class=\"term-45 term-notation\">Notation<\/span><\/div><time class=\"w-post-elm post_date usg_post_date_1 has_text_color entry-date published\" datetime=\"2021-10-19T15:42:13+03:00\"><i class=\"fas fa-calendar\"><\/i>19 October 2021<\/time><\/div><\/div><\/div>\t\t<\/div>\r\n\t\t\t<\/article>\r\n\t<article class=\"w-grid-item size_1x1 post-2101 post type-post status-publish format-standard has-post-thumbnail hentry category-videos\" data-id=\"2101\">\r\n\t\t<div class=\"w-grid-item-h\">\r\n\t\t\t\t\t\t<div class=\"w-hwrapper usg_hwrapper_2 align_none valign_top\"><div class=\"w-post-elm post_image usg_post_image_1 has_width stretched\"><a href=\"https:\/\/mus2.com.tr\/en\/videos\/introduction-to-note-writing-using-mus2-mus2\/\" aria-label=\"Introduction to note writing using Mus2 | Mus2\"><img loading=\"lazy\" decoding=\"async\" width=\"1024\" height=\"576\" src=\"https:\/\/mus2.com.tr\/wp-content\/uploads\/2021\/10\/Introduction-to-note-writing-using-Mus2-Mus2-1024x576.jpg\" class=\"attachment-large size-large wp-post-image\" alt=\"\" srcset=\"https:\/\/mus2.com.tr\/wp-content\/uploads\/2021\/10\/Introduction-to-note-writing-using-Mus2-Mus2-1024x576.jpg 1024w, https:\/\/mus2.com.tr\/wp-content\/uploads\/2021\/10\/Introduction-to-note-writing-using-Mus2-Mus2-300x169.jpg 300w, https:\/\/mus2.com.tr\/wp-content\/uploads\/2021\/10\/Introduction-to-note-writing-using-Mus2-Mus2-768x432.jpg 768w, https:\/\/mus2.com.tr\/wp-content\/uploads\/2021\/10\/Introduction-to-note-writing-using-Mus2-Mus2.jpg 1280w\" sizes=\"auto, (max-width: 1024px) 100vw, 1024px\" \/><\/a><\/div><div class=\"w-vwrapper usg_vwrapper_1 align_none valign_top\"><h3 class=\"w-post-elm post_title usg_post_title_1 entry-title color_link_inherit\"><a href=\"https:\/\/mus2.com.tr\/en\/videos\/introduction-to-note-writing-using-mus2-mus2\/\">Introduction to note writing using Mus2 | Mus2<\/a><\/h3><div class=\"w-hwrapper usg_hwrapper_1 align_none valign_top\"><time class=\"w-post-elm post_date usg_post_date_1 has_text_color entry-date published\" datetime=\"2021-02-13T14:08:16+03:00\"><i class=\"fas fa-calendar\"><\/i>13 February 2021<\/time><\/div><\/div><\/div>\t\t<\/div>\r\n\t\t\t<\/article>\r\n\t<article class=\"w-grid-item size_1x1 post-1461 post type-post status-publish format-standard hentry category-how-to category-videos tag-layout\" data-id=\"1461\">\r\n\t\t<div class=\"w-grid-item-h\">\r\n\t\t\t\t\t\t<div class=\"w-hwrapper usg_hwrapper_2 align_none valign_top\"><div class=\"w-vwrapper usg_vwrapper_1 align_none valign_top\"><h3 class=\"w-post-elm post_title usg_post_title_1 entry-title color_link_inherit\"><a href=\"https:\/\/mus2.com.tr\/en\/how-to\/how-to-show-and-hide-the-score-header-in-mus2\/\">How to Show and Hide the Score Header in Mus2<\/a><\/h3><div class=\"w-hwrapper usg_hwrapper_1 align_none valign_top\"><div class=\"w-post-elm post_taxonomy usg_post_taxonomy_1 has_text_color style_simple color_link_inherit\"><i class=\"fas fa-tag\"><\/i><span class=\"term-38 term-layout\">Layout<\/span><\/div><time class=\"w-post-elm post_date usg_post_date_1 has_text_color entry-date published\" datetime=\"2020-12-02T22:57:48+03:00\"><i class=\"fas fa-calendar\"><\/i>2 December 2020<\/time><\/div><\/div><\/div>\t\t<\/div>\r\n\t\t\t<\/article>\r\n\t<article class=\"w-grid-item size_1x1 post-848 post type-post status-publish format-standard hentry category-how-to category-videos tag-general-information tag-macos-en\" data-id=\"848\">\r\n\t\t<div class=\"w-grid-item-h\">\r\n\t\t\t\t\t\t<div class=\"w-hwrapper usg_hwrapper_2 align_none valign_top\"><div class=\"w-vwrapper usg_vwrapper_1 align_none valign_top\"><h3 class=\"w-post-elm post_title usg_post_title_1 entry-title color_link_inherit\"><a href=\"https:\/\/mus2.com.tr\/en\/how-to\/how-to-solve-the-toolbar-display-problem-for-mus2-on-mac-os\/\">How to solve the toolbar display problem for mus2 on Mac OS<\/a><\/h3><div class=\"w-hwrapper usg_hwrapper_1 align_none valign_top\"><div class=\"w-post-elm post_taxonomy usg_post_taxonomy_1 has_text_color style_simple color_link_inherit\"><i class=\"fas fa-tag\"><\/i><span class=\"term-33 term-general-information\">General Information<\/span><b>, <\/b><span class=\"term-52 term-macos-en\">MacOS<\/span><\/div><time class=\"w-post-elm post_date usg_post_date_1 has_text_color entry-date published\" datetime=\"2020-06-20T22:42:16+03:00\"><i class=\"fas fa-calendar\"><\/i>20 June 2020<\/time><\/div><\/div><\/div>\t\t<\/div>\r\n\t\t\t<\/article>\r\n\t<article class=\"w-grid-item size_1x1 post-2143 post type-post status-publish format-standard hentry category-videos\" data-id=\"2143\">\r\n\t\t<div class=\"w-grid-item-h\">\r\n\t\t\t\t\t\t<div class=\"w-hwrapper usg_hwrapper_2 align_none valign_top\"><div class=\"w-vwrapper usg_vwrapper_1 align_none valign_top\"><h3 class=\"w-post-elm post_title usg_post_title_1 entry-title color_link_inherit\"><a href=\"https:\/\/mus2.com.tr\/en\/videos\/mus2-microtonal-notation-software-within-the-context-of-compmusic-utku-uzmen\/\">Mus2 Microtonal notation software within the context of CompMusic &#8211; Utku Uzmen<\/a><\/h3><div class=\"w-hwrapper usg_hwrapper_1 align_none valign_top\"><time class=\"w-post-elm post_date usg_post_date_1 has_text_color entry-date published\" datetime=\"2011-10-25T15:29:05+03:00\"><i class=\"fas fa-calendar\"><\/i>25 October 2011<\/time><\/div><\/div><\/div>\t\t<\/div>\r\n\t\t\t<\/article>\r\n<\/div>\t<div class=\"w-grid-preloader\">\r\n\t\t<div class=\"g-preloader type_1\">\r\n\t\t\t<div><\/div>\r\n\t\t<\/div>\r\n\t<\/div>\r\n\t\t<div class=\"w-grid-json hidden\" onclick='return {&quot;action&quot;:&quot;us_ajax_grid&quot;,&quot;infinite_scroll&quot;:0,&quot;max_num_pages&quot;:1,&quot;pagination&quot;:&quot;none&quot;,&quot;template_vars&quot;:{&quot;columns&quot;:&quot;1&quot;,&quot;exclude_items&quot;:&quot;none&quot;,&quot;img_size&quot;:&quot;default&quot;,&quot;ignore_items_size&quot;:0,&quot;items_layout&quot;:&quot;2736&quot;,&quot;items_offset&quot;:&quot;1&quot;,&quot;load_animation&quot;:&quot;none&quot;,&quot;overriding_link&quot;:&quot;{\\&quot;url\\&quot;:\\&quot;\\&quot;}&quot;,&quot;post_id&quot;:0,&quot;query_args&quot;:{&quot;post_type&quot;:[&quot;post&quot;],&quot;tax_query&quot;:[{&quot;taxonomy&quot;:&quot;category&quot;,&quot;field&quot;:&quot;slug&quot;,&quot;terms&quot;:[&quot;video&quot;]}],&quot;post_status&quot;:[&quot;publish&quot;],&quot;posts_per_page&quot;:999},&quot;orderby_query_args&quot;:{&quot;orderby&quot;:{&quot;date&quot;:&quot;DESC&quot;}},&quot;type&quot;:&quot;grid&quot;,&quot;us_grid_post_type&quot;:&quot;post&quot;,&quot;us_grid_ajax_index&quot;:1,&quot;us_grid_filter_query_string&quot;:null,&quot;us_grid_index&quot;:1,&quot;page_args&quot;:[],&quot;lang&quot;:&quot;en&quot;}}'><\/div>\r\n\t<\/div><\/div><\/div><\/div><\/div><\/div><\/section>\n","protected":false},"excerpt":{"rendered":"\ufeff Compmusic Meeting, October 17-19th, 2011 at MTG-Barcelona","protected":false},"author":1,"featured_media":0,"parent":0,"menu_order":0,"comment_status":"closed","ping_status":"closed","template":"","meta":{"footnotes":""},"class_list":["post-2783","page","type-page","status-publish","hentry"],"yoast_head":"<!-- This site is optimized with the Yoast SEO plugin v27.4 - https:\/\/yoast.com\/product\/yoast-seo-wordpress\/ -->\n<title>Videos - Mus2<\/title>\n<meta name=\"robots\" content=\"index, follow, max-snippet:-1, max-image-preview:large, max-video-preview:-1\" \/>\n<link rel=\"canonical\" href=\"https:\/\/mus2.com.tr\/en\/videos\/\" \/>\n<meta property=\"og:locale\" content=\"en_US\" \/>\n<meta property=\"og:type\" content=\"article\" \/>\n<meta property=\"og:title\" content=\"Videos - Mus2\" \/>\n<meta property=\"og:url\" content=\"https:\/\/mus2.com.tr\/en\/videos\/\" \/>\n<meta property=\"og:site_name\" content=\"Mus2\" \/>\n<meta property=\"article:publisher\" content=\"https:\/\/www.facebook.com\/Mus2.com.tr\/\" \/>\n<meta property=\"article:modified_time\" content=\"2022-05-25T14:33:11+00:00\" \/>\n<meta name=\"twitter:card\" content=\"summary_large_image\" \/>\n<script type=\"application\/ld+json\" class=\"yoast-schema-graph\">{\"@context\":\"https:\\\/\\\/schema.org\",\"@graph\":[{\"@type\":\"WebPage\",\"@id\":\"https:\\\/\\\/mus2.com.tr\\\/en\\\/videos\\\/\",\"url\":\"https:\\\/\\\/mus2.com.tr\\\/en\\\/videos\\\/\",\"name\":\"Videos - Mus2\",\"isPartOf\":{\"@id\":\"https:\\\/\\\/mus2.com.tr\\\/en\\\/#website\"},\"datePublished\":\"2022-05-25T13:46:33+00:00\",\"dateModified\":\"2022-05-25T14:33:11+00:00\",\"breadcrumb\":{\"@id\":\"https:\\\/\\\/mus2.com.tr\\\/en\\\/videos\\\/#breadcrumb\"},\"inLanguage\":\"en-US\",\"potentialAction\":[{\"@type\":\"ReadAction\",\"target\":[\"https:\\\/\\\/mus2.com.tr\\\/en\\\/videos\\\/\"]}]},{\"@type\":\"BreadcrumbList\",\"@id\":\"https:\\\/\\\/mus2.com.tr\\\/en\\\/videos\\\/#breadcrumb\",\"itemListElement\":[{\"@type\":\"ListItem\",\"position\":1,\"name\":\"Ana sayfa\",\"item\":\"https:\\\/\\\/mus2.com.tr\\\/en\\\/\"},{\"@type\":\"ListItem\",\"position\":2,\"name\":\"Videos\"}]},{\"@type\":\"WebSite\",\"@id\":\"https:\\\/\\\/mus2.com.tr\\\/en\\\/#website\",\"url\":\"https:\\\/\\\/mus2.com.tr\\\/en\\\/\",\"name\":\"Mus2\",\"description\":\"T\u00fcrk makam m\u00fczi\u011fi ve mikrotonal m\u00fczik i\u00e7in nota yaz\u0131m\u0131\",\"publisher\":{\"@id\":\"https:\\\/\\\/mus2.com.tr\\\/en\\\/#organization\"},\"potentialAction\":[{\"@type\":\"SearchAction\",\"target\":{\"@type\":\"EntryPoint\",\"urlTemplate\":\"https:\\\/\\\/mus2.com.tr\\\/en\\\/?s={search_term_string}\"},\"query-input\":{\"@type\":\"PropertyValueSpecification\",\"valueRequired\":true,\"valueName\":\"search_term_string\"}}],\"inLanguage\":\"en-US\"},{\"@type\":\"Organization\",\"@id\":\"https:\\\/\\\/mus2.com.tr\\\/en\\\/#organization\",\"name\":\"Mus2\",\"url\":\"https:\\\/\\\/mus2.com.tr\\\/en\\\/\",\"logo\":{\"@type\":\"ImageObject\",\"inLanguage\":\"en-US\",\"@id\":\"https:\\\/\\\/mus2.com.tr\\\/en\\\/#\\\/schema\\\/logo\\\/image\\\/\",\"url\":\"https:\\\/\\\/mus2.com.tr\\\/wp-content\\\/uploads\\\/2022\\\/05\\\/mus2-logo.png\",\"contentUrl\":\"https:\\\/\\\/mus2.com.tr\\\/wp-content\\\/uploads\\\/2022\\\/05\\\/mus2-logo.png\",\"width\":800,\"height\":317,\"caption\":\"Mus2\"},\"image\":{\"@id\":\"https:\\\/\\\/mus2.com.tr\\\/en\\\/#\\\/schema\\\/logo\\\/image\\\/\"},\"sameAs\":[\"https:\\\/\\\/www.facebook.com\\\/Mus2.com.tr\\\/\"]}]}<\/script>\n<!-- \/ Yoast SEO plugin. -->","yoast_head_json":{"title":"Videos - Mus2","robots":{"index":"index","follow":"follow","max-snippet":"max-snippet:-1","max-image-preview":"max-image-preview:large","max-video-preview":"max-video-preview:-1"},"canonical":"https:\/\/mus2.com.tr\/en\/videos\/","og_locale":"en_US","og_type":"article","og_title":"Videos - Mus2","og_url":"https:\/\/mus2.com.tr\/en\/videos\/","og_site_name":"Mus2","article_publisher":"https:\/\/www.facebook.com\/Mus2.com.tr\/","article_modified_time":"2022-05-25T14:33:11+00:00","twitter_card":"summary_large_image","schema":{"@context":"https:\/\/schema.org","@graph":[{"@type":"WebPage","@id":"https:\/\/mus2.com.tr\/en\/videos\/","url":"https:\/\/mus2.com.tr\/en\/videos\/","name":"Videos - Mus2","isPartOf":{"@id":"https:\/\/mus2.com.tr\/en\/#website"},"datePublished":"2022-05-25T13:46:33+00:00","dateModified":"2022-05-25T14:33:11+00:00","breadcrumb":{"@id":"https:\/\/mus2.com.tr\/en\/videos\/#breadcrumb"},"inLanguage":"en-US","potentialAction":[{"@type":"ReadAction","target":["https:\/\/mus2.com.tr\/en\/videos\/"]}]},{"@type":"BreadcrumbList","@id":"https:\/\/mus2.com.tr\/en\/videos\/#breadcrumb","itemListElement":[{"@type":"ListItem","position":1,"name":"Ana sayfa","item":"https:\/\/mus2.com.tr\/en\/"},{"@type":"ListItem","position":2,"name":"Videos"}]},{"@type":"WebSite","@id":"https:\/\/mus2.com.tr\/en\/#website","url":"https:\/\/mus2.com.tr\/en\/","name":"Mus2","description":"T\u00fcrk makam m\u00fczi\u011fi ve mikrotonal m\u00fczik i\u00e7in nota yaz\u0131m\u0131","publisher":{"@id":"https:\/\/mus2.com.tr\/en\/#organization"},"potentialAction":[{"@type":"SearchAction","target":{"@type":"EntryPoint","urlTemplate":"https:\/\/mus2.com.tr\/en\/?s={search_term_string}"},"query-input":{"@type":"PropertyValueSpecification","valueRequired":true,"valueName":"search_term_string"}}],"inLanguage":"en-US"},{"@type":"Organization","@id":"https:\/\/mus2.com.tr\/en\/#organization","name":"Mus2","url":"https:\/\/mus2.com.tr\/en\/","logo":{"@type":"ImageObject","inLanguage":"en-US","@id":"https:\/\/mus2.com.tr\/en\/#\/schema\/logo\/image\/","url":"https:\/\/mus2.com.tr\/wp-content\/uploads\/2022\/05\/mus2-logo.png","contentUrl":"https:\/\/mus2.com.tr\/wp-content\/uploads\/2022\/05\/mus2-logo.png","width":800,"height":317,"caption":"Mus2"},"image":{"@id":"https:\/\/mus2.com.tr\/en\/#\/schema\/logo\/image\/"},"sameAs":["https:\/\/www.facebook.com\/Mus2.com.tr\/"]}]}},"_links":{"self":[{"href":"https:\/\/mus2.com.tr\/en\/wp-json\/wp\/v2\/pages\/2783","targetHints":{"allow":["GET"]}}],"collection":[{"href":"https:\/\/mus2.com.tr\/en\/wp-json\/wp\/v2\/pages"}],"about":[{"href":"https:\/\/mus2.com.tr\/en\/wp-json\/wp\/v2\/types\/page"}],"author":[{"embeddable":true,"href":"https:\/\/mus2.com.tr\/en\/wp-json\/wp\/v2\/users\/1"}],"replies":[{"embeddable":true,"href":"https:\/\/mus2.com.tr\/en\/wp-json\/wp\/v2\/comments?post=2783"}],"version-history":[{"count":2,"href":"https:\/\/mus2.com.tr\/en\/wp-json\/wp\/v2\/pages\/2783\/revisions"}],"predecessor-version":[{"id":2812,"href":"https:\/\/mus2.com.tr\/en\/wp-json\/wp\/v2\/pages\/2783\/revisions\/2812"}],"wp:attachment":[{"href":"https:\/\/mus2.com.tr\/en\/wp-json\/wp\/v2\/media?parent=2783"}],"curies":[{"name":"wp","href":"https:\/\/api.w.org\/{rel}","templated":true}]}}