{"id":688,"date":"2020-05-23T16:32:12","date_gmt":"2020-05-23T13:32:12","guid":{"rendered":"https:\/\/mus2.com.tr\/mus2\/"},"modified":"2026-02-11T15:57:57","modified_gmt":"2026-02-11T12:57:57","slug":"mus2","status":"publish","type":"page","link":"https:\/\/mus2.com.tr\/en\/","title":{"rendered":"Mus2"},"content":{"rendered":"<section class=\"l-section wpb_row us_custom_623ba360 height_medium full_height valign_center color_primary with_img parallax_ver parallax_xpos_right\"><div class=\"l-section-img\" role=\"img\" aria-label=\"Image\" data-img-width=\"900\" data-img-height=\"963\" style=\"background-image: url(https:\/\/mus2.com.tr\/wp-content\/uploads\/2022\/05\/mus2-background.png);background-position: bottom right;background-repeat: no-repeat;background-size: contain;\"><\/div><div class=\"l-section-overlay\" style=\"background:rgba(26,26,26,0.25)\"><\/div><div class=\"l-section-h i-cf\"><div class=\"g-cols vc_row via_flex valign_middle type_default stacking_default\"><div class=\"vc_col-sm-6 wpb_column vc_column_container\"><div class=\"vc_column-inner\"><div class=\"wpb_wrapper\"><div class=\"wpb_text_column\"><div class=\"wpb_wrapper\"><p><img loading=\"lazy\" decoding=\"async\" id=\"t-mini-logo\" class=\"alignnone wp-image-349 size-full\" src=\"https:\/\/mus2.com.tr\/wp-content\/uploads\/2020\/04\/logo.png\" alt=\"\" width=\"82\" height=\"82\" \/><br \/>\n<img loading=\"lazy\" decoding=\"async\" class=\"alignnone size-full wp-image-1256\" style=\"margin-left: -30px;\" src=\"https:\/\/mus2.com.tr\/wp-content\/uploads\/2022\/01\/mus2-3x.png\" alt=\"mus2-2x-logo\" width=\"250\" height=\"74\" \/><br \/>\n<span style=\"color: #ddd; display: block; margin: 0.25rem 0; max-width: 20em;\">Notation software for microtonal works, Turkish maqam music, Western classical music<\/span><\/p>\n<\/div><\/div><div class=\"w-separator size_small\"><\/div><div class=\"wpb_text_column\"><div class=\"wpb_wrapper\"><ul class=\"trz-new\">\n<li><a href=\"https:\/\/mus2.com.tr\/en\/docs\/mus2-users-guide\/basics\/importing-files\/\">Read and write music files in MusicXML format<\/a><\/li>\n<li><a href=\"https:\/\/mus2.com.tr\/en\/docs\/mus2-users-guide\/basics\/archive\/\">Easy access to your scores with Archive feature and filters<\/a> (2200 ready-made scores)<\/li>\n<li><a href=\"https:\/\/mus2.com.tr\/en\/docs\/mus2-users-guide\/writing-music\/notes\/#writing-multiple-voices-in-one-stave-writing-vertically-aligned%C2%A0\">Different colors for different voices<\/a><u><\/u><u><\/u><\/li>\n<li><a href=\"https:\/\/mus2.com.tr\/en\/docs\/mus2-users-guide\/staves-instruments\/muting-and-unmuting-staves\/\">Option to mute the instrument(s)<\/a><\/li>\n<li><a href=\"https:\/\/mus2.com.tr\/en\/docs\/mus2-users-guide\/tuning\/creating-tunings\/#transpoze-degerleri-tablosu\">Enriched harmony table<\/a><\/li>\n<li><a href=\"https:\/\/mus2.com.tr\/en\/docs\/mus2-users-guide\/working-with-midi\/recording\/\">Microtonal MIDI recording<\/a><\/li>\n<\/ul>\n<\/div><\/div><div class=\"w-separator size_medium\"><\/div><div class=\"w-vwrapper align_none valign_top\"><div class=\"w-btn-wrapper align_none\"><a class=\"w-btn us-btn-style_2 us_custom_539cb859\" title=\"Buy\" href=\"https:\/\/mus2.com.tr\/en\/buy\/\"><span class=\"w-btn-label\">Buy<\/span><\/a><\/div><div class=\"w-btn-wrapper align_none\"><a class=\"w-btn us-btn-style_1 us_custom_539cb859\" title=\"Download\" href=\"https:\/\/mus2.com.tr\/en\/download\/\"><span class=\"w-btn-label\">Download<\/span><\/a><\/div><div class=\"w-btn-wrapper align_none\"><a class=\"w-btn us-btn-style_3 us_custom_539cb859\" title=\"Explore\" href=\"https:\/\/mus2.com.tr\/en\/explore\/\"><span class=\"w-btn-label\">Explore<\/span><\/a><\/div><\/div><\/div><\/div><\/div><div class=\"vc_col-sm-6 wpb_column vc_column_container\"><div class=\"vc_column-inner\"><div class=\"wpb_wrapper\"><div class=\"w-grid us_grid type_grid layout_2745 cols_1 preload_style_spinner\" id=\"us_grid_1\" style=\"--columns:1;--gap:1.5rem;\" data-filterable=\"true\"><style>.layout_2745 .w-grid-item-h{}.layout_2745 .usg_post_custom_field_3{transition-duration:0.3s;transform-origin:50% 50%;transform:scale(1) translate(0,0);opacity:0.2}.layout_2745 .w-grid-item-h:focus-within .usg_post_custom_field_3,.layout_2745 .w-grid-item-h:hover .usg_post_custom_field_3{transform:scale(1) translate(0,0);opacity:0.2}.layout_2745 .usg_post_content_1{font-size:1.2rem!important}.layout_2745 .usg_post_image_1{width:4rem!important;margin-right:1rem!important}.layout_2745 .usg_post_custom_field_1{line-height:1.5!important;font-weight:700!important}.layout_2745 .usg_post_custom_field_2{color:var(--color-content-faded)!important;font-size:0.9rem!important;line-height:1.5!important}.layout_2745 .usg_vwrapper_2{padding-left:2rem!important}.layout_2745 .usg_post_custom_field_3{font-size:1.4rem!important;line-height:1!important;position:absolute!important;top:0!important;left:0!important}.layout_2745 .usg_post_custom_field_4{color:var(--color-content-faded)!important;font-size:0.9rem!important;line-height:1.5!important}.layout_2745 .usg_post_date_1{color:var(--color-content-faded)!important;font-size:0.9rem!important;line-height:1.5!important}<\/style><div class=\"w-grid-list\">\t<article class=\"w-grid-item size_1x1 post-3248 us_testimonial type-us_testimonial status-publish hentry\" data-id=\"3248\">\r\n\t\t<div class=\"w-grid-item-h\">\r\n\t\t\t\t\t\t<div class=\"w-vwrapper usg_vwrapper_2 align_none valign_top\"><div class=\"w-post-elm post_custom_field usg_post_custom_field_3 type_text  color_link_inherit\"><i class=\"far fa-quote-left\"><\/i><span class=\"w-post-elm-value\"><\/span><\/div><div class=\"w-post-elm post_content usg_post_content_1\"><p><i>Hi, I&#8217;m Manel Ribera a composer from Barcelona.<br \/>\nCongratulations on creating such software so that I can compose microtonal music easily!<\/i><\/p>\n<\/div><div class=\"w-hwrapper usg_hwrapper_1 align_none valign_middle\"><div class=\"w-vwrapper usg_vwrapper_1 align_none valign_top\" style=\"--vwrapper-gap:0rem\"><div class=\"w-post-elm post_custom_field usg_post_custom_field_1 type_text us_testimonial_author\"><a target=\"_blank\" rel=\"nofollow\" href=\"http:\/\/www.manelribera.com\"><span class=\"w-post-elm-value\">Manel Ribera, Barcelona - Spain<\/span><\/a><\/div><div class=\"w-post-elm post_custom_field usg_post_custom_field_2 has_text_color type_text us_testimonial_role color_link_inherit\"><span class=\"w-post-elm-value\">Composer<\/span><\/div><time class=\"w-post-elm post_date usg_post_date_1 has_text_color entry-date published\" datetime=\"2022-12-20T14:41:16+03:00\">20 December 2022<\/time><\/div><\/div><\/div>\t\t<\/div>\r\n\t\t\t<\/article>\r\n<\/div>\t<div class=\"w-grid-preloader\">\r\n\t\t<div class=\"g-preloader type_1\">\r\n\t\t\t<div><\/div>\r\n\t\t<\/div>\r\n\t<\/div>\r\n\t\t<div class=\"w-grid-json hidden\" onclick='return {&quot;action&quot;:&quot;us_ajax_grid&quot;,&quot;infinite_scroll&quot;:0,&quot;max_num_pages&quot;:35,&quot;pagination&quot;:&quot;none&quot;,&quot;template_vars&quot;:{&quot;columns&quot;:&quot;1&quot;,&quot;exclude_items&quot;:&quot;none&quot;,&quot;img_size&quot;:&quot;default&quot;,&quot;ignore_items_size&quot;:0,&quot;items_layout&quot;:&quot;2745&quot;,&quot;items_offset&quot;:&quot;1&quot;,&quot;load_animation&quot;:&quot;none&quot;,&quot;overriding_link&quot;:&quot;{\\&quot;url\\&quot;:\\&quot;\\&quot;}&quot;,&quot;post_id&quot;:0,&quot;query_args&quot;:{&quot;post_type&quot;:[&quot;us_testimonial&quot;],&quot;post_status&quot;:[&quot;publish&quot;],&quot;posts_per_page&quot;:&quot;1&quot;},&quot;orderby_query_args&quot;:{&quot;orderby&quot;:&quot;RAND(1935952475)&quot;},&quot;type&quot;:&quot;grid&quot;,&quot;us_grid_post_type&quot;:&quot;us_testimonial&quot;,&quot;us_grid_ajax_index&quot;:1,&quot;us_grid_filter_query_string&quot;:null,&quot;us_grid_index&quot;:1,&quot;page_args&quot;:[],&quot;lang&quot;:&quot;en&quot;}}'><\/div>\r\n\t<\/div><div class=\"w-separator size_small\"><\/div><div class=\"w-text us_custom_354a8f16 has_text_color icon_atleft\"><span class=\"w-text-h\"><i class=\"fas fa-arrow-right\"><\/i><span class=\"w-text-value\">Click for all reviews<\/span><\/span><\/div><\/div><\/div><\/div><\/div><\/div><\/section><section class=\"l-section wpb_row us_custom_623ba360 height_medium color_primary\"><div class=\"l-section-h i-cf\"><div class=\"g-cols vc_row via_flex valign_top type_default stacking_default\"><div class=\"vc_col-sm-12 wpb_column vc_column_container\"><div class=\"vc_column-inner\"><div class=\"wpb_wrapper\"><div class=\"w-vwrapper align_center valign_top\" style=\"--vwrapper-gap:0.5rem\"><h2 class=\"w-text us_custom_ba205bf8\"><span class=\"w-text-h\"><span class=\"w-text-value\">What&#8217;s New in Mus2 3.x<\/span><\/span><\/h2><p class=\"w-text\"><span class=\"w-text-h\"><span class=\"w-text-value\">Meet the new features that will make Mus2 even more useful<\/span><\/span><\/p><\/div><div class=\"w-separator size_medium\"><\/div><div class=\"g-cols wpb_row via_flex valign_top type_default stacking_default\"><div class=\"vc_col-sm-4 wpb_column vc_column_container has_bg_color\"><div class=\"vc_column-inner us_custom_057801f8\"><div class=\"wpb_wrapper\"><div class=\"w-iconbox iconpos_left style_default color_custom align_left\"><div class=\"w-iconbox-icon\" style=\"font-size:2rem;--icon-color:#3ce61e;\"><i class=\"fas fa-file-music\"><\/i><\/div><div class=\"w-iconbox-meta\"><h4 class=\"w-iconbox-title\" style=\"font-size:2rem;\">MusicXML<\/h4><div class=\"w-iconbox-text\"><p><span>Files in MusicXML format can now be imported\/exported with Mus2.<\/span><\/p>\n<\/div><\/div><\/div><\/div><\/div><\/div><div class=\"vc_col-sm-4 wpb_column vc_column_container has_bg_color\"><div class=\"vc_column-inner us_custom_057801f8\"><div class=\"wpb_wrapper\"><div class=\"w-iconbox iconpos_left style_default color_custom align_left\"><div class=\"w-iconbox-icon\" style=\"font-size:2rem;--icon-color:#3ce61e;\"><i class=\"fas fa-check-square\"><\/i><\/div><div class=\"w-iconbox-meta\"><h4 class=\"w-iconbox-title\" style=\"font-size:2rem;\">Silent Staves<\/h4><div class=\"w-iconbox-text\"><p>You can now mute staves individually in multiple stave scores.<\/p>\n<\/div><\/div><\/div><\/div><\/div><\/div><div class=\"vc_col-sm-4 wpb_column vc_column_container has_bg_color\"><div class=\"vc_column-inner us_custom_057801f8\"><div class=\"wpb_wrapper\"><div class=\"w-iconbox iconpos_left style_default color_custom align_left\"><div class=\"w-iconbox-icon\" style=\"font-size:2rem;--icon-color:#3ce61e;\"><i class=\"fas fa-info-square\"><\/i><\/div><div class=\"w-iconbox-meta\"><h4 class=\"w-iconbox-title\" style=\"font-size:2rem;\">Maqam and Usul<\/h4><div class=\"w-iconbox-text\"><p>With these two fields in the Score Information, you can add maqam and usul information to your pieces.<\/p>\n<\/div><\/div><\/div><\/div><\/div><\/div><\/div><div class=\"w-separator size_medium\"><\/div><div class=\"w-hwrapper valign_middle align_center\" style=\"--hwrapper-gap:1rem\"><div class=\"w-btn-wrapper align_none\"><a class=\"w-btn us-btn-style_1 us_custom_32255e41 icon_atleft\" href=\"https:\/\/mus2.com.tr\/en\/download\/\"><i class=\"fas fa-arrow-circle-down\"><\/i><span class=\"w-btn-label\">Download Latest Version<\/span><\/a><\/div><\/div><div class=\"w-separator size_medium\"><\/div><div class=\"w-vwrapper align_none valign_top\" style=\"--vwrapper-gap:0.5rem\"><div class=\"w-actionbox color_primary controls_right\"><div class=\"w-actionbox-text\"><h3 class=\"w-actionbox-title\">Features added with Mus2 3.3.1<\/h3><\/div><div class=\"w-actionbox-controls\"><a class=\"w-btn us-btn-style_4 icon_atleft\" href=\"https:\/\/mus2.com.tr\/en\/docs\/mus2-users-guide\/release-notes\/whats-new-in-version-3-3-1\/\"><i class=\"fas fa-arrow-circle-right\"><\/i><span class=\"w-btn-label\">Mus2 3.3.1 Release Notes<\/span><\/a><\/div><\/div><div class=\"w-separator size_custom with_line width_default thick_1 style_solid color_border align_center\" style=\"height:10px\"><div class=\"w-separator-h\"><\/div><\/div><div class=\"w-actionbox color_primary controls_right\"><div class=\"w-actionbox-text\"><h3 class=\"w-actionbox-title\">Features added with Mus2 3.2.1<\/h3><\/div><div class=\"w-actionbox-controls\"><a class=\"w-btn us-btn-style_4 icon_atleft\" href=\"https:\/\/mus2.com.tr\/en\/docs\/mus2-users-guide\/release-notes\/whats-new-in-version-3-2-1\/\"><i class=\"fas fa-arrow-circle-right\"><\/i><span class=\"w-btn-label\">Mus2 3.2.1 Release Notes<\/span><\/a><\/div><\/div><div class=\"w-separator size_custom with_line width_default thick_1 style_solid color_border align_center\" style=\"height:10px\"><div class=\"w-separator-h\"><\/div><\/div><div class=\"w-actionbox color_primary controls_right\"><div class=\"w-actionbox-text\"><h3 class=\"w-actionbox-title\">Features added with Mus2 3.1.1<\/h3><\/div><div class=\"w-actionbox-controls\"><a class=\"w-btn us-btn-style_4 icon_atleft\" href=\"https:\/\/mus2.com.tr\/en\/docs\/mus2-users-guide\/release-notes\/whats-new-in-version-3-1-1\/\"><i class=\"fas fa-arrow-circle-right\"><\/i><span class=\"w-btn-label\">Mus2 3.1.1 Release Notes<\/span><\/a><\/div><\/div><div class=\"w-separator size_custom with_line width_default thick_1 style_solid color_border align_center\" style=\"height:10px\"><div class=\"w-separator-h\"><\/div><\/div><div class=\"w-actionbox color_primary controls_right\"><div class=\"w-actionbox-text\"><h3 class=\"w-actionbox-title\">Features added with Mus2 2.1.6<\/h3><\/div><div class=\"w-actionbox-controls\"><a class=\"w-btn us-btn-style_4 icon_atleft\" href=\"https:\/\/mus2.com.tr\/en\/docs\/mus2-users-guide\/release-notes\/whats-new-in-version-2-1-6\/\"><i class=\"fas fa-arrow-circle-right\"><\/i><span class=\"w-btn-label\">Mus2 2.1.6 Release Notes<\/span><\/a><\/div><\/div><\/div><\/div><\/div><\/div><\/div><\/div><\/section><section class=\"l-section wpb_row height_medium\"><div class=\"l-section-h i-cf\"><div class=\"g-cols vc_row via_flex valign_top type_default stacking_default\"><div class=\"vc_col-sm-12 wpb_column vc_column_container\"><div class=\"vc_column-inner\"><div class=\"wpb_wrapper\"><h2 class=\"w-text\"><span class=\"w-text-h\"><span class=\"w-text-value\">Latest News<\/span><\/span><\/h2><div class=\"w-separator size_small\"><\/div><div class=\"w-grid us_grid type_grid layout_2597 cols_2 preload_style_spinner\" id=\"us_grid_2\" style=\"--columns:2;--gap:1.5rem;\" data-filterable=\"true\"><style>@media (max-width:600px){#us_grid_2{--columns:1!important}}.layout_2597 .w-grid-item-h{}.layout_2597 .usg_post_title_1{font-size:1.4rem!important;margin-bottom:0!important}.layout_2597 .usg_post_content_1{line-height:1.35!important;margin-top:0.25rem!important}.layout_2597 .usg_post_date_1{color:var(--color-content-faded)!important;font-size:0.85em!important}<\/style><div class=\"w-grid-list\">\t<article class=\"w-grid-item size_1x1 post-3641 post type-post status-publish format-standard hentry category-news\" data-id=\"3641\">\r\n\t\t<div class=\"w-grid-item-h\">\r\n\t\t\t\t\t\t<h3 class=\"w-post-elm post_title usg_post_title_1 entry-title color_link_inherit\"><a href=\"https:\/\/mus2.com.tr\/en\/news\/mus2-3-3-1-is-out\/\">Mus2 3.3.1 is out<\/a><\/h3><time class=\"w-post-elm post_date usg_post_date_1 has_text_color entry-date published\" datetime=\"2025-09-23T09:47:41+03:00\"><i class=\"fas fa-calendar\"><\/i>23 September 2025<\/time><div class=\"w-post-elm post_content usg_post_content_1\">Changes in this version: Files in MusicXML format can now be imported\/exported with Mus2. Bug fixes: Some On macOS versions, double-clicking Mus2 files opened a blank page instead of the&hellip;<\/div>\t\t<\/div>\r\n\t\t\t<\/article>\r\n\t<article class=\"w-grid-item size_1x1 post-3170 post type-post status-publish format-standard hentry category-news\" data-id=\"3170\">\r\n\t\t<div class=\"w-grid-item-h\">\r\n\t\t\t\t\t\t<h3 class=\"w-post-elm post_title usg_post_title_1 entry-title color_link_inherit\"><a href=\"https:\/\/mus2.com.tr\/en\/news\/mus2-3-2-1-is-out\/\">Mus2 3.2.1 is out<\/a><\/h3><time class=\"w-post-elm post_date usg_post_date_1 has_text_color entry-date published\" datetime=\"2022-09-12T09:42:40+03:00\"><i class=\"fas fa-calendar\"><\/i>12 September 2022<\/time><div class=\"w-post-elm post_content usg_post_content_1\">Changes in this version: Added the ability to mute the staves individually. Maqam and usul (rhythm) fields are added to the score information. Bug fixed (double click on a file&hellip;<\/div>\t\t<\/div>\r\n\t\t\t<\/article>\r\n<\/div>\t<div class=\"w-grid-preloader\">\r\n\t\t<div class=\"g-preloader type_1\">\r\n\t\t\t<div><\/div>\r\n\t\t<\/div>\r\n\t<\/div>\r\n\t\t<div class=\"w-grid-json hidden\" onclick='return {&quot;action&quot;:&quot;us_ajax_grid&quot;,&quot;infinite_scroll&quot;:0,&quot;max_num_pages&quot;:4,&quot;pagination&quot;:&quot;none&quot;,&quot;template_vars&quot;:{&quot;columns&quot;:&quot;2&quot;,&quot;exclude_items&quot;:&quot;none&quot;,&quot;img_size&quot;:&quot;default&quot;,&quot;ignore_items_size&quot;:0,&quot;items_layout&quot;:&quot;2597&quot;,&quot;items_offset&quot;:&quot;1&quot;,&quot;load_animation&quot;:&quot;none&quot;,&quot;overriding_link&quot;:&quot;{\\&quot;url\\&quot;:\\&quot;\\&quot;}&quot;,&quot;post_id&quot;:0,&quot;query_args&quot;:{&quot;post_type&quot;:[&quot;post&quot;],&quot;tax_query&quot;:[{&quot;taxonomy&quot;:&quot;category&quot;,&quot;field&quot;:&quot;slug&quot;,&quot;terms&quot;:[&quot;news&quot;]}],&quot;post_status&quot;:[&quot;publish&quot;],&quot;posts_per_page&quot;:&quot;2&quot;},&quot;orderby_query_args&quot;:{&quot;orderby&quot;:{&quot;date&quot;:&quot;DESC&quot;}},&quot;type&quot;:&quot;grid&quot;,&quot;us_grid_post_type&quot;:&quot;post&quot;,&quot;us_grid_ajax_index&quot;:2,&quot;us_grid_filter_query_string&quot;:null,&quot;us_grid_index&quot;:2,&quot;page_args&quot;:[],&quot;lang&quot;:&quot;en&quot;}}'><\/div>\r\n\t<\/div><div class=\"w-separator size_small\"><\/div><div class=\"w-btn-wrapper align_none\"><a class=\"w-btn us-btn-style_3\" title=\"News\" href=\"https:\/\/mus2.com.tr\/en\/news\/\"><span class=\"w-btn-label\">View All News<\/span><\/a><\/div><\/div><\/div><\/div><\/div><\/div><\/section>\n","protected":false},"excerpt":{"rendered":"Changes in this version: Added the ability to mute the staves individually. Maqam and usul (rhythm) fields are added to the score information. Bug fixed (double click on a file to open it on MAC). Detailed release notes are available on the What's New in Version 3.2.1 page","protected":false},"author":1,"featured_media":0,"parent":0,"menu_order":0,"comment_status":"closed","ping_status":"closed","template":"","meta":{"footnotes":""},"class_list":["post-688","page","type-page","status-publish","hentry"],"yoast_head":"<!-- This site is optimized with the Yoast SEO plugin v27.4 - https:\/\/yoast.com\/product\/yoast-seo-wordpress\/ -->\n<title>Mus2 - Mus2<\/title>\n<meta name=\"description\" content=\"Notation software for microtonal works, Turkish maqam music, Western classical music\" \/>\n<meta name=\"robots\" content=\"index, follow, max-snippet:-1, max-image-preview:large, max-video-preview:-1\" \/>\n<link rel=\"canonical\" href=\"https:\/\/mus2.com.tr\/en\/\" \/>\n<meta property=\"og:locale\" content=\"en_US\" \/>\n<meta property=\"og:type\" content=\"article\" \/>\n<meta property=\"og:title\" content=\"Mus2 - Mus2\" \/>\n<meta property=\"og:description\" content=\"Notation software for microtonal works, Turkish maqam music, Western classical music\" \/>\n<meta property=\"og:url\" content=\"https:\/\/mus2.com.tr\/en\/\" \/>\n<meta property=\"og:site_name\" content=\"Mus2\" \/>\n<meta property=\"article:publisher\" content=\"https:\/\/www.facebook.com\/Mus2.com.tr\/\" \/>\n<meta property=\"article:modified_time\" content=\"2026-02-11T12:57:57+00:00\" \/>\n<meta property=\"og:image\" content=\"https:\/\/mus2.com.tr\/wp-content\/uploads\/2020\/04\/logo.png\" \/>\n\t<meta property=\"og:image:width\" content=\"82\" \/>\n\t<meta property=\"og:image:height\" content=\"82\" \/>\n\t<meta property=\"og:image:type\" content=\"image\/png\" \/>\n<meta name=\"twitter:card\" content=\"summary_large_image\" \/>\n<meta name=\"twitter:label1\" content=\"Est. reading time\" \/>\n\t<meta name=\"twitter:data1\" content=\"3 minutes\" \/>\n<script type=\"application\/ld+json\" class=\"yoast-schema-graph\">{\"@context\":\"https:\\\/\\\/schema.org\",\"@graph\":[{\"@type\":\"WebPage\",\"@id\":\"https:\\\/\\\/mus2.com.tr\\\/en\\\/\",\"url\":\"https:\\\/\\\/mus2.com.tr\\\/en\\\/\",\"name\":\"Mus2 - Mus2\",\"isPartOf\":{\"@id\":\"https:\\\/\\\/mus2.com.tr\\\/en\\\/#website\"},\"primaryImageOfPage\":{\"@id\":\"https:\\\/\\\/mus2.com.tr\\\/en\\\/#primaryimage\"},\"image\":{\"@id\":\"https:\\\/\\\/mus2.com.tr\\\/en\\\/#primaryimage\"},\"thumbnailUrl\":\"https:\\\/\\\/mus2.com.tr\\\/wp-content\\\/uploads\\\/2020\\\/04\\\/logo.png\",\"datePublished\":\"2020-05-23T13:32:12+00:00\",\"dateModified\":\"2026-02-11T12:57:57+00:00\",\"description\":\"Notation software for microtonal works, Turkish maqam music, Western classical music\",\"breadcrumb\":{\"@id\":\"https:\\\/\\\/mus2.com.tr\\\/en\\\/#breadcrumb\"},\"inLanguage\":\"en-US\",\"potentialAction\":[{\"@type\":\"ReadAction\",\"target\":[\"https:\\\/\\\/mus2.com.tr\\\/en\\\/\"]}]},{\"@type\":\"ImageObject\",\"inLanguage\":\"en-US\",\"@id\":\"https:\\\/\\\/mus2.com.tr\\\/en\\\/#primaryimage\",\"url\":\"https:\\\/\\\/mus2.com.tr\\\/wp-content\\\/uploads\\\/2020\\\/04\\\/logo.png\",\"contentUrl\":\"https:\\\/\\\/mus2.com.tr\\\/wp-content\\\/uploads\\\/2020\\\/04\\\/logo.png\"},{\"@type\":\"BreadcrumbList\",\"@id\":\"https:\\\/\\\/mus2.com.tr\\\/en\\\/#breadcrumb\",\"itemListElement\":[{\"@type\":\"ListItem\",\"position\":1,\"name\":\"Ana sayfa\",\"item\":\"https:\\\/\\\/mus2.com.tr\\\/en\\\/\"},{\"@type\":\"ListItem\",\"position\":2,\"name\":\"Mus2\"}]},{\"@type\":\"WebSite\",\"@id\":\"https:\\\/\\\/mus2.com.tr\\\/en\\\/#website\",\"url\":\"https:\\\/\\\/mus2.com.tr\\\/en\\\/\",\"name\":\"Mus2\",\"description\":\"T\u00fcrk makam m\u00fczi\u011fi ve mikrotonal m\u00fczik i\u00e7in nota yaz\u0131m\u0131\",\"publisher\":{\"@id\":\"https:\\\/\\\/mus2.com.tr\\\/en\\\/#organization\"},\"potentialAction\":[{\"@type\":\"SearchAction\",\"target\":{\"@type\":\"EntryPoint\",\"urlTemplate\":\"https:\\\/\\\/mus2.com.tr\\\/en\\\/?s={search_term_string}\"},\"query-input\":{\"@type\":\"PropertyValueSpecification\",\"valueRequired\":true,\"valueName\":\"search_term_string\"}}],\"inLanguage\":\"en-US\"},{\"@type\":\"Organization\",\"@id\":\"https:\\\/\\\/mus2.com.tr\\\/en\\\/#organization\",\"name\":\"Mus2\",\"url\":\"https:\\\/\\\/mus2.com.tr\\\/en\\\/\",\"logo\":{\"@type\":\"ImageObject\",\"inLanguage\":\"en-US\",\"@id\":\"https:\\\/\\\/mus2.com.tr\\\/en\\\/#\\\/schema\\\/logo\\\/image\\\/\",\"url\":\"https:\\\/\\\/mus2.com.tr\\\/wp-content\\\/uploads\\\/2022\\\/05\\\/mus2-logo.png\",\"contentUrl\":\"https:\\\/\\\/mus2.com.tr\\\/wp-content\\\/uploads\\\/2022\\\/05\\\/mus2-logo.png\",\"width\":800,\"height\":317,\"caption\":\"Mus2\"},\"image\":{\"@id\":\"https:\\\/\\\/mus2.com.tr\\\/en\\\/#\\\/schema\\\/logo\\\/image\\\/\"},\"sameAs\":[\"https:\\\/\\\/www.facebook.com\\\/Mus2.com.tr\\\/\"]}]}<\/script>\n<!-- \/ Yoast SEO plugin. -->","yoast_head_json":{"title":"Mus2 - Mus2","description":"Notation software for microtonal works, Turkish maqam music, Western classical music","robots":{"index":"index","follow":"follow","max-snippet":"max-snippet:-1","max-image-preview":"max-image-preview:large","max-video-preview":"max-video-preview:-1"},"canonical":"https:\/\/mus2.com.tr\/en\/","og_locale":"en_US","og_type":"article","og_title":"Mus2 - Mus2","og_description":"Notation software for microtonal works, Turkish maqam music, Western classical music","og_url":"https:\/\/mus2.com.tr\/en\/","og_site_name":"Mus2","article_publisher":"https:\/\/www.facebook.com\/Mus2.com.tr\/","article_modified_time":"2026-02-11T12:57:57+00:00","og_image":[{"width":82,"height":82,"url":"https:\/\/mus2.com.tr\/wp-content\/uploads\/2020\/04\/logo.png","type":"image\/png"}],"twitter_card":"summary_large_image","twitter_misc":{"Est. reading time":"3 minutes"},"schema":{"@context":"https:\/\/schema.org","@graph":[{"@type":"WebPage","@id":"https:\/\/mus2.com.tr\/en\/","url":"https:\/\/mus2.com.tr\/en\/","name":"Mus2 - Mus2","isPartOf":{"@id":"https:\/\/mus2.com.tr\/en\/#website"},"primaryImageOfPage":{"@id":"https:\/\/mus2.com.tr\/en\/#primaryimage"},"image":{"@id":"https:\/\/mus2.com.tr\/en\/#primaryimage"},"thumbnailUrl":"https:\/\/mus2.com.tr\/wp-content\/uploads\/2020\/04\/logo.png","datePublished":"2020-05-23T13:32:12+00:00","dateModified":"2026-02-11T12:57:57+00:00","description":"Notation software for microtonal works, Turkish maqam music, Western classical music","breadcrumb":{"@id":"https:\/\/mus2.com.tr\/en\/#breadcrumb"},"inLanguage":"en-US","potentialAction":[{"@type":"ReadAction","target":["https:\/\/mus2.com.tr\/en\/"]}]},{"@type":"ImageObject","inLanguage":"en-US","@id":"https:\/\/mus2.com.tr\/en\/#primaryimage","url":"https:\/\/mus2.com.tr\/wp-content\/uploads\/2020\/04\/logo.png","contentUrl":"https:\/\/mus2.com.tr\/wp-content\/uploads\/2020\/04\/logo.png"},{"@type":"BreadcrumbList","@id":"https:\/\/mus2.com.tr\/en\/#breadcrumb","itemListElement":[{"@type":"ListItem","position":1,"name":"Ana sayfa","item":"https:\/\/mus2.com.tr\/en\/"},{"@type":"ListItem","position":2,"name":"Mus2"}]},{"@type":"WebSite","@id":"https:\/\/mus2.com.tr\/en\/#website","url":"https:\/\/mus2.com.tr\/en\/","name":"Mus2","description":"T\u00fcrk makam m\u00fczi\u011fi ve mikrotonal m\u00fczik i\u00e7in nota yaz\u0131m\u0131","publisher":{"@id":"https:\/\/mus2.com.tr\/en\/#organization"},"potentialAction":[{"@type":"SearchAction","target":{"@type":"EntryPoint","urlTemplate":"https:\/\/mus2.com.tr\/en\/?s={search_term_string}"},"query-input":{"@type":"PropertyValueSpecification","valueRequired":true,"valueName":"search_term_string"}}],"inLanguage":"en-US"},{"@type":"Organization","@id":"https:\/\/mus2.com.tr\/en\/#organization","name":"Mus2","url":"https:\/\/mus2.com.tr\/en\/","logo":{"@type":"ImageObject","inLanguage":"en-US","@id":"https:\/\/mus2.com.tr\/en\/#\/schema\/logo\/image\/","url":"https:\/\/mus2.com.tr\/wp-content\/uploads\/2022\/05\/mus2-logo.png","contentUrl":"https:\/\/mus2.com.tr\/wp-content\/uploads\/2022\/05\/mus2-logo.png","width":800,"height":317,"caption":"Mus2"},"image":{"@id":"https:\/\/mus2.com.tr\/en\/#\/schema\/logo\/image\/"},"sameAs":["https:\/\/www.facebook.com\/Mus2.com.tr\/"]}]}},"_links":{"self":[{"href":"https:\/\/mus2.com.tr\/en\/wp-json\/wp\/v2\/pages\/688","targetHints":{"allow":["GET"]}}],"collection":[{"href":"https:\/\/mus2.com.tr\/en\/wp-json\/wp\/v2\/pages"}],"about":[{"href":"https:\/\/mus2.com.tr\/en\/wp-json\/wp\/v2\/types\/page"}],"author":[{"embeddable":true,"href":"https:\/\/mus2.com.tr\/en\/wp-json\/wp\/v2\/users\/1"}],"replies":[{"embeddable":true,"href":"https:\/\/mus2.com.tr\/en\/wp-json\/wp\/v2\/comments?post=688"}],"version-history":[{"count":45,"href":"https:\/\/mus2.com.tr\/en\/wp-json\/wp\/v2\/pages\/688\/revisions"}],"predecessor-version":[{"id":3763,"href":"https:\/\/mus2.com.tr\/en\/wp-json\/wp\/v2\/pages\/688\/revisions\/3763"}],"wp:attachment":[{"href":"https:\/\/mus2.com.tr\/en\/wp-json\/wp\/v2\/media?parent=688"}],"curies":[{"name":"wp","href":"https:\/\/api.w.org\/{rel}","templated":true}]}}