{"id":716,"date":"2020-05-23T17:31:02","date_gmt":"2020-05-23T14:31:02","guid":{"rendered":"https:\/\/mus2.com.tr\/mus2\/users\/"},"modified":"2026-02-02T11:55:21","modified_gmt":"2026-02-02T08:55:21","slug":"users","status":"publish","type":"page","link":"https:\/\/mus2.com.tr\/en\/users\/","title":{"rendered":"Mus2 Users in the World and Turkey"},"content":{"rendered":"<section class=\"l-section wpb_row height_medium\"><div class=\"l-section-h i-cf\"><div class=\"g-cols vc_row via_flex valign_top type_default stacking_default\"><div class=\"vc_col-sm-12 wpb_column vc_column_container\"><div class=\"vc_column-inner\"><div class=\"wpb_wrapper\"><p class=\"w-text\"><span class=\"w-text-h\"><span class=\"w-text-value\">Mus2 microtonal musical notation application is used in 80 cities in Turkiye and 51 countries around the world.<\/span><\/span><\/p><div class=\"w-separator size_small\"><\/div><div class=\"g-cols wpb_row via_flex valign_top type_default stacking_default\" style=\"--additional-gap:4px;\"><div class=\"vc_col-sm-12 vc_col-md-6 wpb_column vc_column_container\"><div class=\"vc_column-inner us_custom_4af741be\"><div class=\"wpb_wrapper\"><div class=\"w-image align_center\"><div class=\"w-image-h\"><img decoding=\"async\" width=\"1230\" height=\"2560\" src=\"https:\/\/mus2.com.tr\/wp-content\/uploads\/2026\/01\/mus2-kullanicilar-ulkeler-scaled.png\" class=\"attachment-full size-full\" alt=\"\" loading=\"lazy\" srcset=\"https:\/\/mus2.com.tr\/wp-content\/uploads\/2026\/01\/mus2-kullanicilar-ulkeler-scaled.png 1230w, https:\/\/mus2.com.tr\/wp-content\/uploads\/2026\/01\/mus2-kullanicilar-ulkeler-144x300.png 144w, https:\/\/mus2.com.tr\/wp-content\/uploads\/2026\/01\/mus2-kullanicilar-ulkeler-492x1024.png 492w\" sizes=\"auto, (max-width: 1230px) 100vw, 1230px\" \/><\/div><\/div><\/div><\/div><\/div><div class=\"vc_col-sm-12 vc_col-md-6 wpb_column vc_column_container\"><div class=\"vc_column-inner us_custom_4af741be\"><div class=\"wpb_wrapper\"><div class=\"w-image align_center\"><div class=\"w-image-h\"><img decoding=\"async\" width=\"749\" height=\"2560\" src=\"https:\/\/mus2.com.tr\/wp-content\/uploads\/2026\/01\/mus2-kullanicilar-sehirler-1-scaled.png\" class=\"attachment-full size-full\" alt=\"\" loading=\"lazy\" srcset=\"https:\/\/mus2.com.tr\/wp-content\/uploads\/2026\/01\/mus2-kullanicilar-sehirler-1-scaled.png 749w, https:\/\/mus2.com.tr\/wp-content\/uploads\/2026\/01\/mus2-kullanicilar-sehirler-1-88x300.png 88w\" sizes=\"auto, (max-width: 749px) 100vw, 749px\" \/><\/div><\/div><\/div><\/div><\/div><\/div><\/div><\/div><\/div><\/div><\/div><\/section>\n","protected":false},"excerpt":{"rendered":"Mus2 microtonal musical notation application is used in 80 cities in Turkiye and 51 countries around the world.","protected":false},"author":1,"featured_media":0,"parent":0,"menu_order":0,"comment_status":"closed","ping_status":"closed","template":"","meta":{"footnotes":""},"class_list":["post-716","page","type-page","status-publish","hentry"],"yoast_head":"<!-- This site is optimized with the Yoast SEO plugin v27.4 - https:\/\/yoast.com\/product\/yoast-seo-wordpress\/ -->\n<title>Mus2 Users in the World and Turkey - Mus2<\/title>\n<meta name=\"description\" content=\"Mus2 microtonal musical notation application is used in 80 cities in Turkey and 51 countries around the world.\" \/>\n<meta name=\"robots\" content=\"index, follow, max-snippet:-1, max-image-preview:large, max-video-preview:-1\" \/>\n<link rel=\"canonical\" href=\"https:\/\/mus2.com.tr\/en\/users\/\" \/>\n<meta property=\"og:locale\" content=\"en_US\" \/>\n<meta property=\"og:type\" content=\"article\" \/>\n<meta property=\"og:title\" content=\"Mus2 Users in the World and Turkey - Mus2\" \/>\n<meta property=\"og:description\" content=\"Mus2 microtonal musical notation application is used in 80 cities in Turkey and 51 countries around the world.\" \/>\n<meta property=\"og:url\" content=\"https:\/\/mus2.com.tr\/en\/users\/\" \/>\n<meta property=\"og:site_name\" content=\"Mus2\" \/>\n<meta property=\"article:publisher\" content=\"https:\/\/www.facebook.com\/Mus2.com.tr\/\" \/>\n<meta property=\"article:modified_time\" content=\"2026-02-02T08:55:21+00:00\" \/>\n<meta name=\"twitter:card\" content=\"summary_large_image\" \/>\n<meta name=\"twitter:label1\" content=\"Est. reading time\" \/>\n\t<meta name=\"twitter:data1\" content=\"1 minute\" \/>\n<script type=\"application\/ld+json\" class=\"yoast-schema-graph\">{\"@context\":\"https:\\\/\\\/schema.org\",\"@graph\":[{\"@type\":\"WebPage\",\"@id\":\"https:\\\/\\\/mus2.com.tr\\\/en\\\/users\\\/\",\"url\":\"https:\\\/\\\/mus2.com.tr\\\/en\\\/users\\\/\",\"name\":\"Mus2 Users in the World and Turkey - Mus2\",\"isPartOf\":{\"@id\":\"https:\\\/\\\/mus2.com.tr\\\/en\\\/#website\"},\"datePublished\":\"2020-05-23T14:31:02+00:00\",\"dateModified\":\"2026-02-02T08:55:21+00:00\",\"description\":\"Mus2 microtonal musical notation application is used in 80 cities in Turkey and 51 countries around the world.\",\"breadcrumb\":{\"@id\":\"https:\\\/\\\/mus2.com.tr\\\/en\\\/users\\\/#breadcrumb\"},\"inLanguage\":\"en-US\",\"potentialAction\":[{\"@type\":\"ReadAction\",\"target\":[\"https:\\\/\\\/mus2.com.tr\\\/en\\\/users\\\/\"]}]},{\"@type\":\"BreadcrumbList\",\"@id\":\"https:\\\/\\\/mus2.com.tr\\\/en\\\/users\\\/#breadcrumb\",\"itemListElement\":[{\"@type\":\"ListItem\",\"position\":1,\"name\":\"Ana sayfa\",\"item\":\"https:\\\/\\\/mus2.com.tr\\\/en\\\/\"},{\"@type\":\"ListItem\",\"position\":2,\"name\":\"Mus2 Users in the World and Turkey\"}]},{\"@type\":\"WebSite\",\"@id\":\"https:\\\/\\\/mus2.com.tr\\\/en\\\/#website\",\"url\":\"https:\\\/\\\/mus2.com.tr\\\/en\\\/\",\"name\":\"Mus2\",\"description\":\"T\u00fcrk makam m\u00fczi\u011fi ve mikrotonal m\u00fczik i\u00e7in nota yaz\u0131m\u0131\",\"publisher\":{\"@id\":\"https:\\\/\\\/mus2.com.tr\\\/en\\\/#organization\"},\"potentialAction\":[{\"@type\":\"SearchAction\",\"target\":{\"@type\":\"EntryPoint\",\"urlTemplate\":\"https:\\\/\\\/mus2.com.tr\\\/en\\\/?s={search_term_string}\"},\"query-input\":{\"@type\":\"PropertyValueSpecification\",\"valueRequired\":true,\"valueName\":\"search_term_string\"}}],\"inLanguage\":\"en-US\"},{\"@type\":\"Organization\",\"@id\":\"https:\\\/\\\/mus2.com.tr\\\/en\\\/#organization\",\"name\":\"Mus2\",\"url\":\"https:\\\/\\\/mus2.com.tr\\\/en\\\/\",\"logo\":{\"@type\":\"ImageObject\",\"inLanguage\":\"en-US\",\"@id\":\"https:\\\/\\\/mus2.com.tr\\\/en\\\/#\\\/schema\\\/logo\\\/image\\\/\",\"url\":\"https:\\\/\\\/mus2.com.tr\\\/wp-content\\\/uploads\\\/2022\\\/05\\\/mus2-logo.png\",\"contentUrl\":\"https:\\\/\\\/mus2.com.tr\\\/wp-content\\\/uploads\\\/2022\\\/05\\\/mus2-logo.png\",\"width\":800,\"height\":317,\"caption\":\"Mus2\"},\"image\":{\"@id\":\"https:\\\/\\\/mus2.com.tr\\\/en\\\/#\\\/schema\\\/logo\\\/image\\\/\"},\"sameAs\":[\"https:\\\/\\\/www.facebook.com\\\/Mus2.com.tr\\\/\"]}]}<\/script>\n<!-- \/ Yoast SEO plugin. -->","yoast_head_json":{"title":"Mus2 Users in the World and Turkey - Mus2","description":"Mus2 microtonal musical notation application is used in 80 cities in Turkey and 51 countries around the world.","robots":{"index":"index","follow":"follow","max-snippet":"max-snippet:-1","max-image-preview":"max-image-preview:large","max-video-preview":"max-video-preview:-1"},"canonical":"https:\/\/mus2.com.tr\/en\/users\/","og_locale":"en_US","og_type":"article","og_title":"Mus2 Users in the World and Turkey - Mus2","og_description":"Mus2 microtonal musical notation application is used in 80 cities in Turkey and 51 countries around the world.","og_url":"https:\/\/mus2.com.tr\/en\/users\/","og_site_name":"Mus2","article_publisher":"https:\/\/www.facebook.com\/Mus2.com.tr\/","article_modified_time":"2026-02-02T08:55:21+00:00","twitter_card":"summary_large_image","twitter_misc":{"Est. reading time":"1 minute"},"schema":{"@context":"https:\/\/schema.org","@graph":[{"@type":"WebPage","@id":"https:\/\/mus2.com.tr\/en\/users\/","url":"https:\/\/mus2.com.tr\/en\/users\/","name":"Mus2 Users in the World and Turkey - Mus2","isPartOf":{"@id":"https:\/\/mus2.com.tr\/en\/#website"},"datePublished":"2020-05-23T14:31:02+00:00","dateModified":"2026-02-02T08:55:21+00:00","description":"Mus2 microtonal musical notation application is used in 80 cities in Turkey and 51 countries around the world.","breadcrumb":{"@id":"https:\/\/mus2.com.tr\/en\/users\/#breadcrumb"},"inLanguage":"en-US","potentialAction":[{"@type":"ReadAction","target":["https:\/\/mus2.com.tr\/en\/users\/"]}]},{"@type":"BreadcrumbList","@id":"https:\/\/mus2.com.tr\/en\/users\/#breadcrumb","itemListElement":[{"@type":"ListItem","position":1,"name":"Ana sayfa","item":"https:\/\/mus2.com.tr\/en\/"},{"@type":"ListItem","position":2,"name":"Mus2 Users in the World and Turkey"}]},{"@type":"WebSite","@id":"https:\/\/mus2.com.tr\/en\/#website","url":"https:\/\/mus2.com.tr\/en\/","name":"Mus2","description":"T\u00fcrk makam m\u00fczi\u011fi ve mikrotonal m\u00fczik i\u00e7in nota yaz\u0131m\u0131","publisher":{"@id":"https:\/\/mus2.com.tr\/en\/#organization"},"potentialAction":[{"@type":"SearchAction","target":{"@type":"EntryPoint","urlTemplate":"https:\/\/mus2.com.tr\/en\/?s={search_term_string}"},"query-input":{"@type":"PropertyValueSpecification","valueRequired":true,"valueName":"search_term_string"}}],"inLanguage":"en-US"},{"@type":"Organization","@id":"https:\/\/mus2.com.tr\/en\/#organization","name":"Mus2","url":"https:\/\/mus2.com.tr\/en\/","logo":{"@type":"ImageObject","inLanguage":"en-US","@id":"https:\/\/mus2.com.tr\/en\/#\/schema\/logo\/image\/","url":"https:\/\/mus2.com.tr\/wp-content\/uploads\/2022\/05\/mus2-logo.png","contentUrl":"https:\/\/mus2.com.tr\/wp-content\/uploads\/2022\/05\/mus2-logo.png","width":800,"height":317,"caption":"Mus2"},"image":{"@id":"https:\/\/mus2.com.tr\/en\/#\/schema\/logo\/image\/"},"sameAs":["https:\/\/www.facebook.com\/Mus2.com.tr\/"]}]}},"_links":{"self":[{"href":"https:\/\/mus2.com.tr\/en\/wp-json\/wp\/v2\/pages\/716","targetHints":{"allow":["GET"]}}],"collection":[{"href":"https:\/\/mus2.com.tr\/en\/wp-json\/wp\/v2\/pages"}],"about":[{"href":"https:\/\/mus2.com.tr\/en\/wp-json\/wp\/v2\/types\/page"}],"author":[{"embeddable":true,"href":"https:\/\/mus2.com.tr\/en\/wp-json\/wp\/v2\/users\/1"}],"replies":[{"embeddable":true,"href":"https:\/\/mus2.com.tr\/en\/wp-json\/wp\/v2\/comments?post=716"}],"version-history":[{"count":12,"href":"https:\/\/mus2.com.tr\/en\/wp-json\/wp\/v2\/pages\/716\/revisions"}],"predecessor-version":[{"id":3721,"href":"https:\/\/mus2.com.tr\/en\/wp-json\/wp\/v2\/pages\/716\/revisions\/3721"}],"wp:attachment":[{"href":"https:\/\/mus2.com.tr\/en\/wp-json\/wp\/v2\/media?parent=716"}],"curies":[{"name":"wp","href":"https:\/\/api.w.org\/{rel}","templated":true}]}}