{"id":722,"date":"2020-05-23T19:01:29","date_gmt":"2020-05-23T16:01:29","guid":{"rendered":"https:\/\/mus2.com.tr\/explore\/"},"modified":"2022-05-25T18:29:47","modified_gmt":"2022-05-25T15:29:47","slug":"explore","status":"publish","type":"page","link":"https:\/\/mus2.com.tr\/en\/explore\/","title":{"rendered":"Explore Mus2"},"content":{"rendered":"<section class=\"l-section wpb_row height_medium\"><div class=\"l-section-h i-cf\"><div class=\"g-cols vc_row via_flex valign_top type_default stacking_default\"><div class=\"vc_col-sm-6 wpb_column vc_column_container\"><div class=\"vc_column-inner\"><div class=\"wpb_wrapper\"><div class=\"w-video align_none ratio_16x9 has_iframe\"><div class=\"w-video-h\"><iframe title=\"Youtube video player\" src=\"\/\/www.youtube.com\/embed\/I75eSZtVvwg?autoplay=0&controls=1&origin=https:\/\/mus2.com.tr\/en\/&loop=0&mute=0\" allowfullscreen=\"1\" loading=\"lazy\"><\/iframe><\/div><\/div><div class=\"wpb_text_column\"><div class=\"wpb_wrapper\"><p>Watch a 2 min video highlighting basic features of Mus2<\/p>\n<\/div><\/div><\/div><\/div><\/div><div class=\"vc_col-sm-6 wpb_column vc_column_container\"><div class=\"vc_column-inner\"><div class=\"wpb_wrapper\"><div class=\"wpb_text_column\"><div class=\"wpb_wrapper\"><h2>Notation software for microtonal works, Turkish maqam music, Western classical music<\/h2>\n<p>Mus2 (pronounced \/mu\u02d0siki\/) is a music application designed for the notation of microtonal works, Turkish maqam music and Western classical music. Tasks that require cumbersome workarounds in other notation software are extremely easy to accomplish in Mus2.<\/p>\n<\/div><\/div><\/div><\/div><\/div><\/div><\/div><\/section><section class=\"l-section wpb_row height_medium color_alternate\"><div class=\"l-section-h i-cf\"><div class=\"g-cols vc_row via_flex valign_middle type_default stacking_default\"><div class=\"vc_col-sm-6 wpb_column vc_column_container\"><div class=\"vc_column-inner\"><div class=\"wpb_wrapper\"><div class=\"wpb_text_column\"><div class=\"wpb_wrapper\"><h2>Microtonal<\/h2>\n<p>Mus2 has been designed to make it easy to work with non-12-TET tunings and pitch systems, such as 53-TET used in Turkish music.<\/p>\n<p>In Mus2 you have complete freedom to define what pitches the lines and spaces of a staff represent\u2013in absolute frequencies or in cents and as rationals, relative to the first pitch of a scale. Moreover, a scale can have any number of pitches.<\/p>\n<\/div><\/div><\/div><\/div><\/div><div class=\"vc_col-sm-6 wpb_column vc_column_container\"><div class=\"vc_column-inner\"><div class=\"wpb_wrapper\"><div class=\"w-image align_center\"><div class=\"w-image-h\"><img decoding=\"async\" width=\"325\" height=\"191\" src=\"https:\/\/mus2.com.tr\/wp-content\/uploads\/2020\/04\/tuning-window-tr.png\" class=\"attachment-large size-large\" alt=\"\" loading=\"lazy\" srcset=\"https:\/\/mus2.com.tr\/wp-content\/uploads\/2020\/04\/tuning-window-tr.png 325w, https:\/\/mus2.com.tr\/wp-content\/uploads\/2020\/04\/tuning-window-tr-300x176.png 300w\" sizes=\"auto, (max-width: 325px) 100vw, 325px\" \/><\/div><\/div><\/div><\/div><\/div><\/div><\/div><\/section><section class=\"l-section wpb_row height_medium\"><div class=\"l-section-h i-cf\"><div class=\"g-cols vc_row via_flex valign_middle type_default stacking_default\"><div class=\"vc_col-sm-6 wpb_column vc_column_container\"><div class=\"vc_column-inner\"><div class=\"wpb_wrapper\"><div class=\"w-image align_center\"><div class=\"w-image-h\"><img decoding=\"async\" width=\"325\" height=\"150\" src=\"https:\/\/mus2.com.tr\/wp-content\/uploads\/2020\/04\/accidentals.png\" class=\"attachment-large size-large\" alt=\"\" loading=\"lazy\" srcset=\"https:\/\/mus2.com.tr\/wp-content\/uploads\/2020\/04\/accidentals.png 325w, https:\/\/mus2.com.tr\/wp-content\/uploads\/2020\/04\/accidentals-300x138.png 300w\" sizes=\"auto, (max-width: 325px) 100vw, 325px\" \/><\/div><\/div><\/div><\/div><\/div><div class=\"vc_col-sm-6 wpb_column vc_column_container\"><div class=\"vc_column-inner\"><div class=\"wpb_wrapper\"><div class=\"wpb_text_column\"><div class=\"wpb_wrapper\"><h2>Custom Accidentals<\/h2>\n<p>Alternative sound systems may raquire alternative accidental signs. Import symbols from vector graphics and music fonts into Mus2 to create your own accidentals.<\/p>\n<p>Not only can you easily adjust the layout and musical meaning of these symbols, you can also use them with notes and in key signatures just like any other accidental.<\/p>\n<p>For a quick start, Mus2 comes with quarter tone symbols and accidentals used in Turkish classical and folk music.<\/p>\n<\/div><\/div><\/div><\/div><\/div><\/div><\/div><\/section><section class=\"l-section wpb_row height_medium color_alternate\"><div class=\"l-section-h i-cf\"><div class=\"g-cols vc_row via_flex valign_middle type_default stacking_default\"><div class=\"vc_col-sm-6 wpb_column vc_column_container\"><div class=\"vc_column-inner\"><div class=\"wpb_wrapper\"><div class=\"wpb_text_column\"><div class=\"wpb_wrapper\"><h2>Intonationally Correct Playback<\/h2>\n<p>Hear your score performed by sampled acoustic and electronic instruments in any tuning. Mus2 understands and plays back the articulations, ornaments, dynamic markings, and other symbols in your score.<\/p>\n<p>The polyphony (number of simultaneous notes) limitation commonly found in other MIDI-based microtonal solutions does not exist in Mus2. When you do need the sound processing capabilities of other music software, simply export your score as a MIDI, Wave or AIFF file.<\/p>\n<\/div><\/div><\/div><\/div><\/div><div class=\"vc_col-sm-6 wpb_column vc_column_container\"><div class=\"vc_column-inner\"><div class=\"wpb_wrapper\"><div class=\"w-image align_center\"><div class=\"w-image-h\"><img decoding=\"async\" width=\"316\" height=\"268\" src=\"https:\/\/mus2.com.tr\/wp-content\/uploads\/2020\/04\/nota-kart.png\" class=\"attachment-large size-large\" alt=\"\" loading=\"lazy\" srcset=\"https:\/\/mus2.com.tr\/wp-content\/uploads\/2020\/04\/nota-kart.png 316w, https:\/\/mus2.com.tr\/wp-content\/uploads\/2020\/04\/nota-kart-300x254.png 300w\" sizes=\"auto, (max-width: 316px) 100vw, 316px\" \/><\/div><\/div><\/div><\/div><\/div><\/div><\/div><\/section><section class=\"l-section wpb_row height_medium\"><div class=\"l-section-h i-cf\"><div class=\"g-cols vc_row via_flex valign_middle type_default stacking_default\"><div class=\"vc_col-sm-6 wpb_column vc_column_container stretched\"><div class=\"vc_column-inner\"><div class=\"wpb_wrapper\"><div class=\"w-image align_center\"><div class=\"w-image-h\"><img decoding=\"async\" width=\"880\" height=\"518\" src=\"https:\/\/mus2.com.tr\/wp-content\/uploads\/2020\/05\/recording-screen.png\" class=\"attachment-full size-full\" alt=\"Mus2 - Bir Nev civans\u0131n notation\" loading=\"lazy\" srcset=\"https:\/\/mus2.com.tr\/wp-content\/uploads\/2020\/05\/recording-screen.png 880w, https:\/\/mus2.com.tr\/wp-content\/uploads\/2020\/05\/recording-screen-300x177.png 300w, https:\/\/mus2.com.tr\/wp-content\/uploads\/2020\/05\/recording-screen-768x452.png 768w\" sizes=\"auto, (max-width: 880px) 100vw, 880px\" \/><\/div><\/div><\/div><\/div><\/div><div class=\"vc_col-sm-6 wpb_column vc_column_container\"><div class=\"vc_column-inner\"><div class=\"wpb_wrapper\"><div class=\"wpb_text_column\"><div class=\"wpb_wrapper\"><h2>Microtonal MIDI Recording<\/h2>\n<p>Connect a keyboard or any other MIDI-compatible instrument and record music in any tuning. You can create key mappings for your tunings to assign each key to an arbitrary pitch and, thanks to Mus2\u2019s microtonal sampler, get real-time intonationally accurate playback.<\/p>\n<p>Once you\u2019re done recording and editing with the built-in sequencer, simply copy the recorded passage and paste it onto a staff.<\/p>\n<\/div><\/div><\/div><\/div><\/div><\/div><\/div><\/section><section class=\"l-section wpb_row height_medium color_alternate\"><div class=\"l-section-h i-cf\"><div class=\"g-cols vc_row via_flex valign_middle type_default stacking_default\"><div class=\"vc_col-sm-6 wpb_column vc_column_container\"><div class=\"vc_column-inner\"><div class=\"wpb_wrapper\"><div class=\"wpb_text_column\"><div class=\"wpb_wrapper\"><h2>Simple Workflow<\/h2>\n<p>All the notation tools in Mus2 are in the toolstrip at the left edge of the screen. The toolstrip prevents visual clutter by showing the options that apply to the currently selected tool only. To add a symbol to the page, choose it from the toolstrip and click on the page\u2013the symbol is automatically placed, and overall layout updated, as necessary.<\/p>\n<p>You can use Mus2 with the same familiar interface and features in Windows and Mac OS X.<\/p>\n<\/div><\/div><\/div><\/div><\/div><div class=\"vc_col-sm-6 wpb_column vc_column_container\"><div class=\"vc_column-inner\"><div class=\"wpb_wrapper\"><div class=\"w-image align_center\"><div class=\"w-image-h\"><img decoding=\"async\" width=\"325\" height=\"249\" src=\"https:\/\/mus2.com.tr\/wp-content\/uploads\/2020\/04\/toolstrip.png\" class=\"attachment-large size-large\" alt=\"\" loading=\"lazy\" srcset=\"https:\/\/mus2.com.tr\/wp-content\/uploads\/2020\/04\/toolstrip.png 325w, https:\/\/mus2.com.tr\/wp-content\/uploads\/2020\/04\/toolstrip-300x230.png 300w\" sizes=\"auto, (max-width: 325px) 100vw, 325px\" \/><\/div><\/div><\/div><\/div><\/div><\/div><\/div><\/section><section class=\"l-section wpb_row height_medium\"><div class=\"l-section-h i-cf\"><div class=\"g-cols vc_row via_flex valign_middle type_default stacking_default\"><div class=\"vc_col-sm-6 wpb_column vc_column_container\"><div class=\"vc_column-inner us_custom_f03ee871\"><div class=\"wpb_wrapper\"><div class=\"w-image us_custom_5fb408b3 align_center\"><div class=\"w-image-h\"><img decoding=\"async\" width=\"507\" height=\"703\" src=\"https:\/\/mus2.com.tr\/wp-content\/uploads\/2022\/05\/stack-of-notes.png\" class=\"attachment-large size-large\" alt=\"\" loading=\"lazy\" srcset=\"https:\/\/mus2.com.tr\/wp-content\/uploads\/2022\/05\/stack-of-notes.png 507w, https:\/\/mus2.com.tr\/wp-content\/uploads\/2022\/05\/stack-of-notes-216x300.png 216w\" sizes=\"auto, (max-width: 507px) 100vw, 507px\" \/><\/div><\/div><\/div><\/div><\/div><div class=\"vc_col-sm-6 wpb_column vc_column_container\"><div class=\"vc_column-inner\"><div class=\"wpb_wrapper\"><div class=\"wpb_text_column\"><div class=\"wpb_wrapper\"><h2>SymbTr<\/h2>\n<p>SymbTr Turkish makam music score collection is an archive of <strong>more than 2000 pieces<\/strong> presented as part of the CompMusic research project. With 2.x and later versions of Mus2, you can download the archive to your computer and open and work on the works in it.<\/p>\n<\/div><\/div><\/div><\/div><\/div><\/div><\/div><\/section><section class=\"l-section wpb_row height_medium color_alternate\"><div class=\"l-section-h i-cf\"><div class=\"g-cols vc_row via_flex valign_middle type_default stacking_default\"><div class=\"vc_col-sm-12 wpb_column vc_column_container\"><div class=\"vc_column-inner\"><div class=\"wpb_wrapper\"><div class=\"w-actionbox color_primary controls_right\"><div class=\"w-actionbox-text\"><h2 class=\"w-actionbox-title\">Try for Free<\/h2><div class=\"w-actionbox-description\"><p>You can try all the features of Mus2 for free and indefinitely*. Music notes prepared with Mus2 will always be free to view and listen to with the trial version of Mus2.<\/p>\n<\/div><\/div><div class=\"w-actionbox-controls\"><a class=\"w-btn us-btn-style_1 icon_atleft\" title=\"Download\" href=\"https:\/\/mus2.com.tr\/en\/download\/\"><i class=\"fas fa-arrow-circle-down\"><\/i><span class=\"w-btn-label\">Free Download<\/span><\/a><\/div><\/div><div class=\"w-separator size_small\"><\/div><div class=\"wpb_text_column\"><div class=\"wpb_wrapper\"><p>* The demo version of Mus2 contains limitations on saving and printing files. Refer to the <a href=\"https:\/\/mus2.com.tr\/en\/docs\/mus2-users-guide\/introduction\/demo-mode\/\">User\u2019s Guide<\/a> for details.<\/p>\n<\/div><\/div><\/div><\/div><\/div><\/div><\/div><\/section>\n","protected":false},"excerpt":{"rendered":"Watch a 2 min video highlighting basic features of Mus2 Notation software for microtonal works, Turkish maqam music, Western classical music Mus2 (pronounced \/mu\u02d0siki\/) is a music application designed for the notation of microtonal works, Turkish maqam music and Western classical music. Tasks that require cumbersome workarounds in other notation software are extremely easy to...","protected":false},"author":1,"featured_media":0,"parent":0,"menu_order":0,"comment_status":"closed","ping_status":"closed","template":"","meta":{"footnotes":""},"class_list":["post-722","page","type-page","status-publish","hentry"],"yoast_head":"<!-- This site is optimized with the Yoast SEO plugin v27.4 - https:\/\/yoast.com\/product\/yoast-seo-wordpress\/ -->\n<title>Explore - Mus2<\/title>\n<meta name=\"description\" content=\"Mus2 notates Turkish maqam music, microtonal music and Western tampered music with custom accidentals, microtonal playback and MIDI Recording\" \/>\n<meta name=\"robots\" content=\"index, follow, max-snippet:-1, max-image-preview:large, max-video-preview:-1\" \/>\n<link rel=\"canonical\" href=\"https:\/\/mus2.com.tr\/en\/explore\/\" \/>\n<meta property=\"og:locale\" content=\"en_US\" \/>\n<meta property=\"og:type\" content=\"article\" \/>\n<meta property=\"og:title\" content=\"Explore - Mus2\" \/>\n<meta property=\"og:description\" content=\"Mus2 notates Turkish maqam music, microtonal music and Western tampered music with custom accidentals, microtonal playback and MIDI Recording\" \/>\n<meta property=\"og:url\" content=\"https:\/\/mus2.com.tr\/en\/explore\/\" \/>\n<meta property=\"og:site_name\" content=\"Mus2\" \/>\n<meta property=\"article:publisher\" content=\"https:\/\/www.facebook.com\/Mus2.com.tr\/\" \/>\n<meta property=\"article:modified_time\" content=\"2022-05-25T15:29:47+00:00\" \/>\n<meta name=\"twitter:card\" content=\"summary_large_image\" \/>\n<meta name=\"twitter:label1\" content=\"Est. reading time\" \/>\n\t<meta name=\"twitter:data1\" content=\"4 minutes\" \/>\n<script type=\"application\/ld+json\" class=\"yoast-schema-graph\">{\"@context\":\"https:\\\/\\\/schema.org\",\"@graph\":[{\"@type\":\"WebPage\",\"@id\":\"https:\\\/\\\/mus2.com.tr\\\/en\\\/explore\\\/\",\"url\":\"https:\\\/\\\/mus2.com.tr\\\/en\\\/explore\\\/\",\"name\":\"Explore - Mus2\",\"isPartOf\":{\"@id\":\"https:\\\/\\\/mus2.com.tr\\\/en\\\/#website\"},\"datePublished\":\"2020-05-23T16:01:29+00:00\",\"dateModified\":\"2022-05-25T15:29:47+00:00\",\"description\":\"Mus2 notates Turkish maqam music, microtonal music and Western tampered music with custom accidentals, microtonal playback and MIDI Recording\",\"breadcrumb\":{\"@id\":\"https:\\\/\\\/mus2.com.tr\\\/en\\\/explore\\\/#breadcrumb\"},\"inLanguage\":\"en-US\",\"potentialAction\":[{\"@type\":\"ReadAction\",\"target\":[\"https:\\\/\\\/mus2.com.tr\\\/en\\\/explore\\\/\"]}]},{\"@type\":\"BreadcrumbList\",\"@id\":\"https:\\\/\\\/mus2.com.tr\\\/en\\\/explore\\\/#breadcrumb\",\"itemListElement\":[{\"@type\":\"ListItem\",\"position\":1,\"name\":\"Ana sayfa\",\"item\":\"https:\\\/\\\/mus2.com.tr\\\/en\\\/\"},{\"@type\":\"ListItem\",\"position\":2,\"name\":\"Explore Mus2\"}]},{\"@type\":\"WebSite\",\"@id\":\"https:\\\/\\\/mus2.com.tr\\\/en\\\/#website\",\"url\":\"https:\\\/\\\/mus2.com.tr\\\/en\\\/\",\"name\":\"Mus2\",\"description\":\"T\u00fcrk makam m\u00fczi\u011fi ve mikrotonal m\u00fczik i\u00e7in nota yaz\u0131m\u0131\",\"publisher\":{\"@id\":\"https:\\\/\\\/mus2.com.tr\\\/en\\\/#organization\"},\"potentialAction\":[{\"@type\":\"SearchAction\",\"target\":{\"@type\":\"EntryPoint\",\"urlTemplate\":\"https:\\\/\\\/mus2.com.tr\\\/en\\\/?s={search_term_string}\"},\"query-input\":{\"@type\":\"PropertyValueSpecification\",\"valueRequired\":true,\"valueName\":\"search_term_string\"}}],\"inLanguage\":\"en-US\"},{\"@type\":\"Organization\",\"@id\":\"https:\\\/\\\/mus2.com.tr\\\/en\\\/#organization\",\"name\":\"Mus2\",\"url\":\"https:\\\/\\\/mus2.com.tr\\\/en\\\/\",\"logo\":{\"@type\":\"ImageObject\",\"inLanguage\":\"en-US\",\"@id\":\"https:\\\/\\\/mus2.com.tr\\\/en\\\/#\\\/schema\\\/logo\\\/image\\\/\",\"url\":\"https:\\\/\\\/mus2.com.tr\\\/wp-content\\\/uploads\\\/2022\\\/05\\\/mus2-logo.png\",\"contentUrl\":\"https:\\\/\\\/mus2.com.tr\\\/wp-content\\\/uploads\\\/2022\\\/05\\\/mus2-logo.png\",\"width\":800,\"height\":317,\"caption\":\"Mus2\"},\"image\":{\"@id\":\"https:\\\/\\\/mus2.com.tr\\\/en\\\/#\\\/schema\\\/logo\\\/image\\\/\"},\"sameAs\":[\"https:\\\/\\\/www.facebook.com\\\/Mus2.com.tr\\\/\"]}]}<\/script>\n<!-- \/ Yoast SEO plugin. -->","yoast_head_json":{"title":"Explore - Mus2","description":"Mus2 notates Turkish maqam music, microtonal music and Western tampered music with custom accidentals, microtonal playback and MIDI Recording","robots":{"index":"index","follow":"follow","max-snippet":"max-snippet:-1","max-image-preview":"max-image-preview:large","max-video-preview":"max-video-preview:-1"},"canonical":"https:\/\/mus2.com.tr\/en\/explore\/","og_locale":"en_US","og_type":"article","og_title":"Explore - Mus2","og_description":"Mus2 notates Turkish maqam music, microtonal music and Western tampered music with custom accidentals, microtonal playback and MIDI Recording","og_url":"https:\/\/mus2.com.tr\/en\/explore\/","og_site_name":"Mus2","article_publisher":"https:\/\/www.facebook.com\/Mus2.com.tr\/","article_modified_time":"2022-05-25T15:29:47+00:00","twitter_card":"summary_large_image","twitter_misc":{"Est. reading time":"4 minutes"},"schema":{"@context":"https:\/\/schema.org","@graph":[{"@type":"WebPage","@id":"https:\/\/mus2.com.tr\/en\/explore\/","url":"https:\/\/mus2.com.tr\/en\/explore\/","name":"Explore - Mus2","isPartOf":{"@id":"https:\/\/mus2.com.tr\/en\/#website"},"datePublished":"2020-05-23T16:01:29+00:00","dateModified":"2022-05-25T15:29:47+00:00","description":"Mus2 notates Turkish maqam music, microtonal music and Western tampered music with custom accidentals, microtonal playback and MIDI Recording","breadcrumb":{"@id":"https:\/\/mus2.com.tr\/en\/explore\/#breadcrumb"},"inLanguage":"en-US","potentialAction":[{"@type":"ReadAction","target":["https:\/\/mus2.com.tr\/en\/explore\/"]}]},{"@type":"BreadcrumbList","@id":"https:\/\/mus2.com.tr\/en\/explore\/#breadcrumb","itemListElement":[{"@type":"ListItem","position":1,"name":"Ana sayfa","item":"https:\/\/mus2.com.tr\/en\/"},{"@type":"ListItem","position":2,"name":"Explore Mus2"}]},{"@type":"WebSite","@id":"https:\/\/mus2.com.tr\/en\/#website","url":"https:\/\/mus2.com.tr\/en\/","name":"Mus2","description":"T\u00fcrk makam m\u00fczi\u011fi ve mikrotonal m\u00fczik i\u00e7in nota yaz\u0131m\u0131","publisher":{"@id":"https:\/\/mus2.com.tr\/en\/#organization"},"potentialAction":[{"@type":"SearchAction","target":{"@type":"EntryPoint","urlTemplate":"https:\/\/mus2.com.tr\/en\/?s={search_term_string}"},"query-input":{"@type":"PropertyValueSpecification","valueRequired":true,"valueName":"search_term_string"}}],"inLanguage":"en-US"},{"@type":"Organization","@id":"https:\/\/mus2.com.tr\/en\/#organization","name":"Mus2","url":"https:\/\/mus2.com.tr\/en\/","logo":{"@type":"ImageObject","inLanguage":"en-US","@id":"https:\/\/mus2.com.tr\/en\/#\/schema\/logo\/image\/","url":"https:\/\/mus2.com.tr\/wp-content\/uploads\/2022\/05\/mus2-logo.png","contentUrl":"https:\/\/mus2.com.tr\/wp-content\/uploads\/2022\/05\/mus2-logo.png","width":800,"height":317,"caption":"Mus2"},"image":{"@id":"https:\/\/mus2.com.tr\/en\/#\/schema\/logo\/image\/"},"sameAs":["https:\/\/www.facebook.com\/Mus2.com.tr\/"]}]}},"_links":{"self":[{"href":"https:\/\/mus2.com.tr\/en\/wp-json\/wp\/v2\/pages\/722","targetHints":{"allow":["GET"]}}],"collection":[{"href":"https:\/\/mus2.com.tr\/en\/wp-json\/wp\/v2\/pages"}],"about":[{"href":"https:\/\/mus2.com.tr\/en\/wp-json\/wp\/v2\/types\/page"}],"author":[{"embeddable":true,"href":"https:\/\/mus2.com.tr\/en\/wp-json\/wp\/v2\/users\/1"}],"replies":[{"embeddable":true,"href":"https:\/\/mus2.com.tr\/en\/wp-json\/wp\/v2\/comments?post=722"}],"version-history":[{"count":4,"href":"https:\/\/mus2.com.tr\/en\/wp-json\/wp\/v2\/pages\/722\/revisions"}],"predecessor-version":[{"id":2828,"href":"https:\/\/mus2.com.tr\/en\/wp-json\/wp\/v2\/pages\/722\/revisions\/2828"}],"wp:attachment":[{"href":"https:\/\/mus2.com.tr\/en\/wp-json\/wp\/v2\/media?parent=722"}],"curies":[{"name":"wp","href":"https:\/\/api.w.org\/{rel}","templated":true}]}}