{"id":779,"date":"2020-06-12T16:11:35","date_gmt":"2020-06-12T13:11:35","guid":{"rendered":"https:\/\/mus2.com.tr\/download\/"},"modified":"2025-09-22T15:31:12","modified_gmt":"2025-09-22T12:31:12","slug":"download","status":"publish","type":"page","link":"https:\/\/mus2.com.tr\/en\/download\/","title":{"rendered":"Download"},"content":{"rendered":"<section class=\"l-section wpb_row us_custom_3225ba67 height_auto\"><div class=\"l-section-h i-cf\"><div class=\"g-cols vc_row via_flex valign_top type_default stacking_default\"><div class=\"vc_col-sm-12 wpb_column vc_column_container\"><div class=\"vc_column-inner\"><div class=\"wpb_wrapper\"><div class=\"wpb_text_column us_custom_886fb0cf trz-tip\"><div class=\"wpb_wrapper\"><p>Attention: Mus2 3.x is provided with a subscription system. Previous licenses will not apply to versions 3.x and later. Users who do not switch to the subscription system can download the 2.x versions from the links at the <a href=\"#notes\">bottom of the page<\/a>.<\/p>\n<\/div><\/div><\/div><\/div><\/div><\/div><\/div><\/section><section class=\"l-section wpb_row height_small\"><div class=\"l-section-h i-cf\"><div class=\"g-cols vc_row via_flex valign_top type_default stacking_default\"><div class=\"vc_col-sm-12 wpb_column vc_column_container has_bg_color\"><div class=\"vc_column-inner us_custom_e59f0a3a\"><div class=\"wpb_wrapper\"><div class=\"wpb_text_column\"><div class=\"wpb_wrapper\"><h2>Mus2 3.3.1 is out!<\/h2>\n<p>You can get detailed information about this release on our What&#8217;s new in <a href=\"https:\/\/mus2.com.tr\/en\/docs\/mus2-users-guide\/whats-new-in-version-3-2-1-2\/\">Mus2 3.2.1<\/a> page.<\/p>\n<\/div><\/div><\/div><\/div><\/div><\/div><\/div><\/section><section class=\"l-section wpb_row us_custom_eb849559 height_auto\"><div class=\"l-section-h i-cf\"><div class=\"g-cols vc_row via_flex valign_top type_default stacking_default\" style=\"--additional-gap:1rem;\"><div class=\"vc_col-sm-6 wpb_column vc_column_container has_bg_color\"><div class=\"vc_column-inner us_custom_c70c97eb\"><div class=\"wpb_wrapper\"><div class=\"wpb_text_column\"><div class=\"wpb_wrapper\"><h2><img loading=\"lazy\" decoding=\"async\" class=\"alignnone wp-image-407\" src=\"https:\/\/mus2.com.tr\/wp-content\/uploads\/2020\/04\/windows45.png\" alt=\"\" width=\"42\" height=\"42\" \/> Windows<\/h2>\n<\/div><\/div><div class=\"wpb_text_column\"><div class=\"wpb_wrapper\"><p>Download Mus2 for Windows:<\/p>\n<\/div><\/div><div class=\"w-btn-wrapper align_none\"><a class=\"w-btn us-btn-style_1 gtm-download-windows-tr icon_atleft\" href=\"https:\/\/mus2.com.tr\/dl\/Mus2-3.3.1-Setup.exe\"><i class=\"fas fa-arrow-circle-down\"><\/i><span class=\"w-btn-label\">Mus2 3.3.1 (WINDOWS)<\/span><\/a><\/div><div class=\"w-separator size_small with_line width_default thick_1 style_solid color_border align_center\"><div class=\"w-separator-h\"><\/div><\/div><div class=\"wpb_text_column us_custom_1f257949 trz-no-bullet-ul\"><div class=\"wpb_wrapper\"><h3>Technical Requirements<\/h3>\n<ul>\n<li>Supported Operating Systems:<br \/>\n<strong>Windows Versions<\/strong><\/li>\n<li>Processor: <strong>Pentium IV 2.5 GHz<\/strong><\/li>\n<li>Memory: <strong>1 GB<\/strong><\/li>\n<li>Free Disk Space: <strong>250 MB<\/strong><\/li>\n<li>Audio Output: <strong>DirectX 9.0 compatible sound card<\/strong><\/li>\n<li>Recording: <strong>MIDI compatible instrument<\/strong><\/li>\n<\/ul>\n<\/div><\/div><\/div><\/div><\/div><div class=\"vc_col-sm-6 wpb_column vc_column_container has_bg_color\"><div class=\"vc_column-inner us_custom_c70c97eb\"><div class=\"wpb_wrapper\"><div class=\"wpb_text_column\"><div class=\"wpb_wrapper\"><h2><img loading=\"lazy\" decoding=\"async\" class=\"alignnone wp-image-409\" src=\"https:\/\/mus2.com.tr\/wp-content\/uploads\/2020\/04\/mac45.png\" alt=\"\" width=\"42\" height=\"42\" \/> Mac<\/h2>\n<\/div><\/div><div class=\"wpb_text_column\"><div class=\"wpb_wrapper\"><p>Download Mus2 for OS X:<\/p>\n<\/div><\/div><div class=\"w-btn-wrapper align_none\"><a class=\"w-btn us-btn-style_1 gtm-download-mac-tr icon_atleft\" href=\"https:\/\/mus2.com.tr\/dl\/Mus2_3.3.1_Setup.pkg\"><i class=\"fas fa-arrow-circle-down\"><\/i><span class=\"w-btn-label\">Mus2 3.3.1 (OS X)<\/span><\/a><\/div><div class=\"w-separator size_small with_line width_default thick_1 style_solid color_border align_center\"><div class=\"w-separator-h\"><\/div><\/div><div class=\"wpb_text_column us_custom_1f257949 trz-no-bullet-ul\"><div class=\"wpb_wrapper\"><h3>Technical Requirements<\/h3>\n<ul>\n<li>Supported Operating Systems:<br \/>\n<strong>Mac OS X 10.13 or newer<\/strong><\/li>\n<li>Processor: <strong>Pentium IV 2.5 GHz<\/strong><\/li>\n<li>Memory: <strong>1 GB<\/strong><\/li>\n<li>Free Disk Space: <strong>250 MB<\/strong><\/li>\n<li>Audio Output: <strong>Core Audio compatible sound card<\/strong><\/li>\n<li>Recording: <strong>MIDI compatible instrument<\/strong><\/li>\n<\/ul>\n<\/div><\/div><\/div><\/div><\/div><\/div><\/div><\/section><section class=\"l-section wpb_row height_medium\" id=\"notes\"><div class=\"l-section-h i-cf\"><div class=\"g-cols vc_row via_flex valign_top type_default stacking_default\"><div class=\"vc_col-sm-12 wpb_column vc_column_container\"><div class=\"vc_column-inner\"><div class=\"wpb_wrapper\"><div class=\"wpb_text_column us_custom_895c1dd2\"><div class=\"wpb_wrapper\"><h3>Notles<\/h3>\n<ul>\n<li>With the 3.x version, the SUBSCRIPTION system was started.<\/li>\n<li>Subscribed users will get all the updates for free.<\/li>\n<li>Previous licenses will not apply to versions 3.x and later.<\/li>\n<li>Older versions will no longer be updated.<\/li>\n<li>You can download version 2.x from these links:\n<ul>\n<li>Download <a href=\"https:\/\/mus2.com.tr\/dl\/Mus2-2.1.6-Setup.exe\">Mus2 2.1.6 for Windows<\/a><\/li>\n<li>Download <a href=\"https:\/\/mus2.com.tr\/dl\/Mus2_2.1.6_Setup.pkg\">Mus2 2.1.6 for Mac<\/a><\/li>\n<\/ul>\n<\/li>\n<li>If you want to make sure that it works on the operating system you are using, you can download the Demo version and test it.<\/li>\n<li>Mus2 is a certified product for both operating systems.<\/li>\n<\/ul>\n<\/div><\/div><\/div><\/div><\/div><\/div><\/div><\/section>\n","protected":false},"excerpt":{"rendered":"Attention: Mus2 3.x is provided with a subscription system. Previous licenses will not apply to versions 3.x and later. Users who do not switch to the subscription system can download the 2.x versions from the links at the bottom of the page. Mus2 3.3.1 is out! You can get detailed information about this release on...","protected":false},"author":1,"featured_media":0,"parent":0,"menu_order":0,"comment_status":"closed","ping_status":"closed","template":"","meta":{"footnotes":""},"class_list":["post-779","page","type-page","status-publish","hentry"],"yoast_head":"<!-- This site is optimized with the Yoast SEO plugin v27.4 - https:\/\/yoast.com\/product\/yoast-seo-wordpress\/ -->\n<title>Download - Mus2<\/title>\n<meta name=\"robots\" content=\"index, follow, max-snippet:-1, max-image-preview:large, max-video-preview:-1\" \/>\n<link rel=\"canonical\" href=\"https:\/\/mus2.com.tr\/en\/download\/\" \/>\n<meta property=\"og:locale\" content=\"en_US\" \/>\n<meta property=\"og:type\" content=\"article\" \/>\n<meta property=\"og:title\" content=\"Download - Mus2\" \/>\n<meta property=\"og:url\" content=\"https:\/\/mus2.com.tr\/en\/download\/\" \/>\n<meta property=\"og:site_name\" content=\"Mus2\" \/>\n<meta property=\"article:publisher\" content=\"https:\/\/www.facebook.com\/Mus2.com.tr\/\" \/>\n<meta property=\"article:modified_time\" content=\"2025-09-22T12:31:12+00:00\" \/>\n<meta property=\"og:image\" content=\"https:\/\/mus2.com.tr\/wp-content\/uploads\/2020\/04\/windows45.png\" \/>\n\t<meta property=\"og:image:width\" content=\"45\" \/>\n\t<meta property=\"og:image:height\" content=\"45\" \/>\n\t<meta property=\"og:image:type\" content=\"image\/png\" \/>\n<meta name=\"twitter:card\" content=\"summary_large_image\" \/>\n<meta name=\"twitter:label1\" content=\"Est. reading time\" \/>\n\t<meta name=\"twitter:data1\" content=\"3 minutes\" \/>\n<script type=\"application\/ld+json\" class=\"yoast-schema-graph\">{\"@context\":\"https:\\\/\\\/schema.org\",\"@graph\":[{\"@type\":\"WebPage\",\"@id\":\"https:\\\/\\\/mus2.com.tr\\\/en\\\/download\\\/\",\"url\":\"https:\\\/\\\/mus2.com.tr\\\/en\\\/download\\\/\",\"name\":\"Download - Mus2\",\"isPartOf\":{\"@id\":\"https:\\\/\\\/mus2.com.tr\\\/en\\\/#website\"},\"primaryImageOfPage\":{\"@id\":\"https:\\\/\\\/mus2.com.tr\\\/en\\\/download\\\/#primaryimage\"},\"image\":{\"@id\":\"https:\\\/\\\/mus2.com.tr\\\/en\\\/download\\\/#primaryimage\"},\"thumbnailUrl\":\"https:\\\/\\\/mus2.com.tr\\\/wp-content\\\/uploads\\\/2020\\\/04\\\/windows45.png\",\"datePublished\":\"2020-06-12T13:11:35+00:00\",\"dateModified\":\"2025-09-22T12:31:12+00:00\",\"breadcrumb\":{\"@id\":\"https:\\\/\\\/mus2.com.tr\\\/en\\\/download\\\/#breadcrumb\"},\"inLanguage\":\"en-US\",\"potentialAction\":[{\"@type\":\"ReadAction\",\"target\":[\"https:\\\/\\\/mus2.com.tr\\\/en\\\/download\\\/\"]}]},{\"@type\":\"ImageObject\",\"inLanguage\":\"en-US\",\"@id\":\"https:\\\/\\\/mus2.com.tr\\\/en\\\/download\\\/#primaryimage\",\"url\":\"https:\\\/\\\/mus2.com.tr\\\/wp-content\\\/uploads\\\/2020\\\/04\\\/windows45.png\",\"contentUrl\":\"https:\\\/\\\/mus2.com.tr\\\/wp-content\\\/uploads\\\/2020\\\/04\\\/windows45.png\"},{\"@type\":\"BreadcrumbList\",\"@id\":\"https:\\\/\\\/mus2.com.tr\\\/en\\\/download\\\/#breadcrumb\",\"itemListElement\":[{\"@type\":\"ListItem\",\"position\":1,\"name\":\"Ana sayfa\",\"item\":\"https:\\\/\\\/mus2.com.tr\\\/en\\\/\"},{\"@type\":\"ListItem\",\"position\":2,\"name\":\"Download\"}]},{\"@type\":\"WebSite\",\"@id\":\"https:\\\/\\\/mus2.com.tr\\\/en\\\/#website\",\"url\":\"https:\\\/\\\/mus2.com.tr\\\/en\\\/\",\"name\":\"Mus2\",\"description\":\"T\u00fcrk makam m\u00fczi\u011fi ve mikrotonal m\u00fczik i\u00e7in nota yaz\u0131m\u0131\",\"publisher\":{\"@id\":\"https:\\\/\\\/mus2.com.tr\\\/en\\\/#organization\"},\"potentialAction\":[{\"@type\":\"SearchAction\",\"target\":{\"@type\":\"EntryPoint\",\"urlTemplate\":\"https:\\\/\\\/mus2.com.tr\\\/en\\\/?s={search_term_string}\"},\"query-input\":{\"@type\":\"PropertyValueSpecification\",\"valueRequired\":true,\"valueName\":\"search_term_string\"}}],\"inLanguage\":\"en-US\"},{\"@type\":\"Organization\",\"@id\":\"https:\\\/\\\/mus2.com.tr\\\/en\\\/#organization\",\"name\":\"Mus2\",\"url\":\"https:\\\/\\\/mus2.com.tr\\\/en\\\/\",\"logo\":{\"@type\":\"ImageObject\",\"inLanguage\":\"en-US\",\"@id\":\"https:\\\/\\\/mus2.com.tr\\\/en\\\/#\\\/schema\\\/logo\\\/image\\\/\",\"url\":\"https:\\\/\\\/mus2.com.tr\\\/wp-content\\\/uploads\\\/2022\\\/05\\\/mus2-logo.png\",\"contentUrl\":\"https:\\\/\\\/mus2.com.tr\\\/wp-content\\\/uploads\\\/2022\\\/05\\\/mus2-logo.png\",\"width\":800,\"height\":317,\"caption\":\"Mus2\"},\"image\":{\"@id\":\"https:\\\/\\\/mus2.com.tr\\\/en\\\/#\\\/schema\\\/logo\\\/image\\\/\"},\"sameAs\":[\"https:\\\/\\\/www.facebook.com\\\/Mus2.com.tr\\\/\"]}]}<\/script>\n<!-- \/ Yoast SEO plugin. -->","yoast_head_json":{"title":"Download - Mus2","robots":{"index":"index","follow":"follow","max-snippet":"max-snippet:-1","max-image-preview":"max-image-preview:large","max-video-preview":"max-video-preview:-1"},"canonical":"https:\/\/mus2.com.tr\/en\/download\/","og_locale":"en_US","og_type":"article","og_title":"Download - Mus2","og_url":"https:\/\/mus2.com.tr\/en\/download\/","og_site_name":"Mus2","article_publisher":"https:\/\/www.facebook.com\/Mus2.com.tr\/","article_modified_time":"2025-09-22T12:31:12+00:00","og_image":[{"width":45,"height":45,"url":"https:\/\/mus2.com.tr\/wp-content\/uploads\/2020\/04\/windows45.png","type":"image\/png"}],"twitter_card":"summary_large_image","twitter_misc":{"Est. reading time":"3 minutes"},"schema":{"@context":"https:\/\/schema.org","@graph":[{"@type":"WebPage","@id":"https:\/\/mus2.com.tr\/en\/download\/","url":"https:\/\/mus2.com.tr\/en\/download\/","name":"Download - Mus2","isPartOf":{"@id":"https:\/\/mus2.com.tr\/en\/#website"},"primaryImageOfPage":{"@id":"https:\/\/mus2.com.tr\/en\/download\/#primaryimage"},"image":{"@id":"https:\/\/mus2.com.tr\/en\/download\/#primaryimage"},"thumbnailUrl":"https:\/\/mus2.com.tr\/wp-content\/uploads\/2020\/04\/windows45.png","datePublished":"2020-06-12T13:11:35+00:00","dateModified":"2025-09-22T12:31:12+00:00","breadcrumb":{"@id":"https:\/\/mus2.com.tr\/en\/download\/#breadcrumb"},"inLanguage":"en-US","potentialAction":[{"@type":"ReadAction","target":["https:\/\/mus2.com.tr\/en\/download\/"]}]},{"@type":"ImageObject","inLanguage":"en-US","@id":"https:\/\/mus2.com.tr\/en\/download\/#primaryimage","url":"https:\/\/mus2.com.tr\/wp-content\/uploads\/2020\/04\/windows45.png","contentUrl":"https:\/\/mus2.com.tr\/wp-content\/uploads\/2020\/04\/windows45.png"},{"@type":"BreadcrumbList","@id":"https:\/\/mus2.com.tr\/en\/download\/#breadcrumb","itemListElement":[{"@type":"ListItem","position":1,"name":"Ana sayfa","item":"https:\/\/mus2.com.tr\/en\/"},{"@type":"ListItem","position":2,"name":"Download"}]},{"@type":"WebSite","@id":"https:\/\/mus2.com.tr\/en\/#website","url":"https:\/\/mus2.com.tr\/en\/","name":"Mus2","description":"T\u00fcrk makam m\u00fczi\u011fi ve mikrotonal m\u00fczik i\u00e7in nota yaz\u0131m\u0131","publisher":{"@id":"https:\/\/mus2.com.tr\/en\/#organization"},"potentialAction":[{"@type":"SearchAction","target":{"@type":"EntryPoint","urlTemplate":"https:\/\/mus2.com.tr\/en\/?s={search_term_string}"},"query-input":{"@type":"PropertyValueSpecification","valueRequired":true,"valueName":"search_term_string"}}],"inLanguage":"en-US"},{"@type":"Organization","@id":"https:\/\/mus2.com.tr\/en\/#organization","name":"Mus2","url":"https:\/\/mus2.com.tr\/en\/","logo":{"@type":"ImageObject","inLanguage":"en-US","@id":"https:\/\/mus2.com.tr\/en\/#\/schema\/logo\/image\/","url":"https:\/\/mus2.com.tr\/wp-content\/uploads\/2022\/05\/mus2-logo.png","contentUrl":"https:\/\/mus2.com.tr\/wp-content\/uploads\/2022\/05\/mus2-logo.png","width":800,"height":317,"caption":"Mus2"},"image":{"@id":"https:\/\/mus2.com.tr\/en\/#\/schema\/logo\/image\/"},"sameAs":["https:\/\/www.facebook.com\/Mus2.com.tr\/"]}]}},"_links":{"self":[{"href":"https:\/\/mus2.com.tr\/en\/wp-json\/wp\/v2\/pages\/779","targetHints":{"allow":["GET"]}}],"collection":[{"href":"https:\/\/mus2.com.tr\/en\/wp-json\/wp\/v2\/pages"}],"about":[{"href":"https:\/\/mus2.com.tr\/en\/wp-json\/wp\/v2\/types\/page"}],"author":[{"embeddable":true,"href":"https:\/\/mus2.com.tr\/en\/wp-json\/wp\/v2\/users\/1"}],"replies":[{"embeddable":true,"href":"https:\/\/mus2.com.tr\/en\/wp-json\/wp\/v2\/comments?post=779"}],"version-history":[{"count":21,"href":"https:\/\/mus2.com.tr\/en\/wp-json\/wp\/v2\/pages\/779\/revisions"}],"predecessor-version":[{"id":3621,"href":"https:\/\/mus2.com.tr\/en\/wp-json\/wp\/v2\/pages\/779\/revisions\/3621"}],"wp:attachment":[{"href":"https:\/\/mus2.com.tr\/en\/wp-json\/wp\/v2\/media?parent=779"}],"curies":[{"name":"wp","href":"https:\/\/api.w.org\/{rel}","templated":true}]}}