{"id":781,"date":"2020-06-12T16:38:23","date_gmt":"2020-06-12T13:38:23","guid":{"rendered":"https:\/\/mus2.com.tr\/buy\/"},"modified":"2025-01-17T15:39:31","modified_gmt":"2025-01-17T12:39:31","slug":"buy","status":"publish","type":"page","link":"https:\/\/mus2.com.tr\/en\/buy\/","title":{"rendered":"Buy"},"content":{"rendered":"<section class=\"l-section wpb_row us_custom_c70c97eb height_medium\"><div class=\"l-section-h i-cf\"><div class=\"g-cols vc_row via_flex valign_top type_default stacking_default\"><div class=\"vc_col-sm-12 wpb_column vc_column_container\"><div class=\"vc_column-inner\"><div class=\"wpb_wrapper\"><div class=\"g-cols wpb_row us_custom_f37b1c65 has_text_color via_flex valign_middle type_default stacking_default\"><div class=\"vc_col-sm-6 wpb_column vc_column_container\"><div class=\"vc_column-inner\"><div class=\"wpb_wrapper\"><div class=\"w-image align_center\"><div class=\"w-image-h\"><img decoding=\"async\" width=\"500\" height=\"148\" src=\"https:\/\/mus2.com.tr\/wp-content\/uploads\/2022\/01\/mus2-3x.png\" class=\"attachment-large size-large\" alt=\"Mus2 3.x\" loading=\"lazy\" srcset=\"https:\/\/mus2.com.tr\/wp-content\/uploads\/2022\/01\/mus2-3x.png 500w, https:\/\/mus2.com.tr\/wp-content\/uploads\/2022\/01\/mus2-3x-300x89.png 300w\" sizes=\"auto, (max-width: 500px) 100vw, 500px\" \/><\/div><\/div><\/div><\/div><\/div><div class=\"vc_col-sm-6 wpb_column vc_column_container\"><div class=\"vc_column-inner\"><div class=\"wpb_wrapper\"><div class=\"wpb_text_column us_custom_6492f7cf\"><div class=\"wpb_wrapper\"><p><strong>Notation software<\/strong><br \/>\nWindows and Mac<\/p>\n<\/div><\/div><\/div><\/div><\/div><\/div><div class=\"g-cols wpb_row via_flex valign_top type_default stacking_default\"><div class=\"vc_col-sm-4 wpb_column vc_column_container has_bg_color\"><div class=\"vc_column-inner us_custom_a530b935\"><div class=\"wpb_wrapper\"><div class=\"wpb_text_column\"><div class=\"wpb_wrapper\"><h3>One Year Subscription<br \/>\n<strong>35 USD<\/strong><\/h3>\n<\/div><\/div><div class=\"w-tabs layout_hor style_default switch_click remove_indents\"><div class=\"w-tabs-list items_2 align_center\"><div class=\"w-tabs-list-h\"><button class=\"w-tabs-item active\" aria-controls=\"content-b65b\" aria-expanded=\"false\"><span class=\"w-tabs-item-title\">Credit Card<\/span><\/button><button class=\"w-tabs-item\" aria-controls=\"content-j902\" aria-expanded=\"false\"><span class=\"w-tabs-item-title\">Wire Transfer<\/span><\/button><\/div><\/div><div class=\"w-tabs-sections titles-align_center icon_none\"><div class=\"w-tabs-section no_indents active\" id=\"b65b\"><button class=\"w-tabs-section-header active\" aria-controls=\"content-b65b\" aria-expanded=\"true\"><h3 class=\"w-tabs-section-title\">Credit Card<\/h3><div class=\"w-tabs-section-control\"><\/div><\/button><div  class=\"w-tabs-section-content\" id=\"content-b65b\"><div class=\"w-tabs-section-content-h i-cf\"><div class=\"w-separator size_small\"><\/div><div class=\"wpb_text_column us_custom_a3dda067\"><div class=\"wpb_wrapper\"><p>In the next step, you will be charged for <strong>one year subscription<\/strong>.<\/p>\n<\/div><\/div><div class=\"w-separator size_small\"><\/div><div class=\"w-btn-wrapper align_none\"><a class=\"w-btn us-btn-style_1\" href=\"https:\/\/iyzi.link\/AHmZHg\"><span class=\"w-btn-label\">Subscribe by Credit Card<\/span><\/a><\/div><\/div><\/div><\/div><div class=\"w-tabs-section no_indents\" id=\"j902\"><button class=\"w-tabs-section-header\" aria-controls=\"content-j902\" aria-expanded=\"false\"><h3 class=\"w-tabs-section-title\">Wire Transfer<\/h3><div class=\"w-tabs-section-control\"><\/div><\/button><div  class=\"w-tabs-section-content\" id=\"content-j902\"><div class=\"w-tabs-section-content-h i-cf\"><div class=\"w-separator size_small\"><\/div><div class=\"wpb_text_column\"><div class=\"wpb_wrapper\"><p>In the next stage the steps for the payment <strong>one year subscription<\/strong> will be explained.<\/p>\n<\/div><\/div><div class=\"w-separator size_small\"><\/div><div class=\"w-btn-wrapper align_none\"><a class=\"w-btn us-btn-style_1\" href=\"https:\/\/mus2.com.tr\/en\/buy\/wire-transfer\/\"><span class=\"w-btn-label\">Subscribe by Wire Transfer<\/span><\/a><\/div><\/div><\/div><\/div><\/div><\/div><\/div><\/div><\/div><div class=\"vc_col-sm-4 wpb_column vc_column_container has_bg_color\"><div class=\"vc_column-inner us_custom_a530b935\"><div class=\"wpb_wrapper\"><div class=\"wpb_text_column\"><div class=\"wpb_wrapper\"><h3>Two Years Subscription<br \/>\n<strong>56 USD<\/strong><\/h3>\n<\/div><\/div><div class=\"w-tabs layout_hor style_default switch_click remove_indents\"><div class=\"w-tabs-list items_2 align_center\"><div class=\"w-tabs-list-h\"><button class=\"w-tabs-item active\" aria-controls=\"content-r25f\" aria-expanded=\"false\"><span class=\"w-tabs-item-title\">Credit Card<\/span><\/button><button class=\"w-tabs-item\" aria-controls=\"content-y4da\" aria-expanded=\"false\"><span class=\"w-tabs-item-title\">Wire Transfer<\/span><\/button><\/div><\/div><div class=\"w-tabs-sections titles-align_center icon_none\"><div class=\"w-tabs-section no_indents active\" id=\"r25f\"><button class=\"w-tabs-section-header active\" aria-controls=\"content-r25f\" aria-expanded=\"true\"><h3 class=\"w-tabs-section-title\">Credit Card<\/h3><div class=\"w-tabs-section-control\"><\/div><\/button><div  class=\"w-tabs-section-content\" id=\"content-r25f\"><div class=\"w-tabs-section-content-h i-cf\"><div class=\"w-separator size_small\"><\/div><div class=\"wpb_text_column us_custom_a3dda067\"><div class=\"wpb_wrapper\"><p>In the next step, you will be charged for <strong>two years subscription<\/strong>.<\/p>\n<\/div><\/div><div class=\"w-separator size_small\"><\/div><div class=\"w-btn-wrapper align_none\"><a class=\"w-btn us-btn-style_1\" href=\"https:\/\/iyzi.link\/AHmZPw\"><span class=\"w-btn-label\">Subscribe by Credit Card<\/span><\/a><\/div><\/div><\/div><\/div><div class=\"w-tabs-section no_indents\" id=\"y4da\"><button class=\"w-tabs-section-header\" aria-controls=\"content-y4da\" aria-expanded=\"false\"><h3 class=\"w-tabs-section-title\">Wire Transfer<\/h3><div class=\"w-tabs-section-control\"><\/div><\/button><div  class=\"w-tabs-section-content\" id=\"content-y4da\"><div class=\"w-tabs-section-content-h i-cf\"><div class=\"w-separator size_small\"><\/div><div class=\"wpb_text_column\"><div class=\"wpb_wrapper\"><p>In the next stage the steps for the payment <strong>two years subscription<\/strong> will be explained.<\/p>\n<\/div><\/div><div class=\"w-separator size_small\"><\/div><div class=\"w-btn-wrapper align_none\"><a class=\"w-btn us-btn-style_1\" href=\"https:\/\/mus2.com.tr\/en\/buy\/wire-transfer\/\"><span class=\"w-btn-label\">Subscribe by Wire Transfer<\/span><\/a><\/div><\/div><\/div><\/div><\/div><\/div><\/div><\/div><\/div><div class=\"vc_col-sm-4 wpb_column vc_column_container has_bg_color\"><div class=\"vc_column-inner us_custom_a530b935\"><div class=\"wpb_wrapper\"><div class=\"wpb_text_column\"><div class=\"wpb_wrapper\"><h3>Three Years Subscription<br \/>\n<strong>80 USD<\/strong><\/h3>\n<\/div><\/div><div class=\"w-tabs layout_hor style_default switch_click remove_indents\"><div class=\"w-tabs-list items_2 align_center\"><div class=\"w-tabs-list-h\"><button class=\"w-tabs-item active\" aria-controls=\"content-yb4a\" aria-expanded=\"false\"><span class=\"w-tabs-item-title\">Credit Card<\/span><\/button><button class=\"w-tabs-item\" aria-controls=\"content-bdbe\" aria-expanded=\"false\"><span class=\"w-tabs-item-title\">Wire Transfer<\/span><\/button><\/div><\/div><div class=\"w-tabs-sections titles-align_center icon_none\"><div class=\"w-tabs-section no_indents active\" id=\"yb4a\"><button class=\"w-tabs-section-header active\" aria-controls=\"content-yb4a\" aria-expanded=\"true\"><h3 class=\"w-tabs-section-title\">Credit Card<\/h3><div class=\"w-tabs-section-control\"><\/div><\/button><div  class=\"w-tabs-section-content\" id=\"content-yb4a\"><div class=\"w-tabs-section-content-h i-cf\"><div class=\"w-separator size_small\"><\/div><div class=\"wpb_text_column us_custom_a3dda067\"><div class=\"wpb_wrapper\"><p>In the next step, you will be charged for <strong>three years subscription<\/strong>.<\/p>\n<\/div><\/div><div class=\"w-separator size_small\"><\/div><div class=\"w-btn-wrapper align_none\"><a class=\"w-btn us-btn-style_1\" href=\"https:\/\/iyzi.link\/AHmZRQ\"><span class=\"w-btn-label\">Subscribe by Credit Card<\/span><\/a><\/div><\/div><\/div><\/div><div class=\"w-tabs-section no_indents\" id=\"bdbe\"><button class=\"w-tabs-section-header\" aria-controls=\"content-bdbe\" aria-expanded=\"false\"><h3 class=\"w-tabs-section-title\">Wire Transfer<\/h3><div class=\"w-tabs-section-control\"><\/div><\/button><div  class=\"w-tabs-section-content\" id=\"content-bdbe\"><div class=\"w-tabs-section-content-h i-cf\"><div class=\"w-separator size_small\"><\/div><div class=\"wpb_text_column\"><div class=\"wpb_wrapper\"><p>In the next stage the steps for the payment <strong>three years subscription<\/strong> will be explained.<\/p>\n<\/div><\/div><div class=\"w-separator size_small\"><\/div><div class=\"w-btn-wrapper align_none\"><a class=\"w-btn us-btn-style_1\" href=\"https:\/\/mus2.com.tr\/en\/buy\/wire-transfer\/\"><span class=\"w-btn-label\">Subscribe by Wire Transfer<\/span><\/a><\/div><\/div><\/div><\/div><\/div><\/div><\/div><\/div><\/div><\/div><div class=\"w-separator size_small\"><\/div><div class=\"wpb_text_column us_custom_b8e38ccb\"><div class=\"wpb_wrapper\"><p>* Please read the explanations in the <a href=\"#onemli-bilgiler\">important information<\/a> section before proceeding.<\/p>\n<\/div><\/div><\/div><\/div><\/div><\/div><\/div><\/section><section class=\"l-section wpb_row height_small\"><div class=\"l-section-h i-cf\"><div class=\"g-cols vc_row via_flex valign_top type_default stacking_default\"><div class=\"vc_col-sm-12 wpb_column vc_column_container has_bg_color\"><div class=\"vc_column-inner us_custom_e59f0a3a\"><div class=\"wpb_wrapper\"><div class=\"wpb_text_column\"><div class=\"wpb_wrapper\"><h2>Mus2 3.2.1 is out!<\/h2>\n<p>For more information, check out our <a href=\"https:\/\/mus2.com.tr\/en\/docs\/mus2-users-guide\/whats-new-in-version-3-2-1\/\">What\u2019s New in Version 3.2.1<\/a> page.<\/p>\n<\/div><\/div><\/div><\/div><\/div><\/div><\/div><\/section><section class=\"l-section wpb_row height_medium\"><div class=\"l-section-h i-cf\"><div class=\"g-cols vc_row via_flex valign_top type_default stacking_default\"><div class=\"vc_col-sm-12 wpb_column vc_column_container\"><div class=\"vc_column-inner\"><div class=\"wpb_wrapper\"><div class=\"g-cols wpb_row via_flex valign_middle type_default stacking_default\"><div class=\"vc_col-sm-6 wpb_column vc_column_container has_text_color has_bg_color\"><div class=\"vc_column-inner us_custom_704bb61e\"><div class=\"wpb_wrapper\"><div class=\"w-image align_none\"><div class=\"w-image-h\"><img decoding=\"async\" width=\"250\" height=\"74\" src=\"https:\/\/mus2.com.tr\/wp-content\/uploads\/2020\/04\/satin-al-mus2-okur.png\" class=\"attachment-large size-large\" alt=\"\" loading=\"lazy\" \/><\/div><\/div><div class=\"w-separator size_small\"><\/div><div class=\"wpb_text_column us_custom_6492f7cf\"><div class=\"wpb_wrapper\"><p><strong>Turkish Music Multimedia Encyclopedia<\/strong><br \/>\nWindows<\/p>\n<\/div><\/div><\/div><\/div><\/div><div class=\"vc_col-sm-6 wpb_column vc_column_container has_bg_color\"><div class=\"vc_column-inner us_custom_5e99037b\"><div class=\"wpb_wrapper\"><div class=\"w-tabs layout_hor style_default switch_click remove_indents\"><div class=\"w-tabs-list items_2 align_center\"><div class=\"w-tabs-list-h\"><button class=\"w-tabs-item active\" aria-controls=\"content-w149\" aria-expanded=\"false\"><span class=\"w-tabs-item-title\">Credit Card<\/span><\/button><button class=\"w-tabs-item\" aria-controls=\"content-u3b7\" aria-expanded=\"false\"><span class=\"w-tabs-item-title\">Wire Transfer<\/span><\/button><\/div><\/div><div class=\"w-tabs-sections titles-align_center icon_none\"><div class=\"w-tabs-section no_indents active\" id=\"w149\"><button class=\"w-tabs-section-header active\" aria-controls=\"content-w149\" aria-expanded=\"true\"><h3 class=\"w-tabs-section-title\">Credit Card<\/h3><div class=\"w-tabs-section-control\"><\/div><\/button><div  class=\"w-tabs-section-content\" id=\"content-w149\"><div class=\"w-tabs-section-content-h i-cf\"><div class=\"w-separator size_small\"><\/div><div class=\"wpb_text_column us_custom_a3dda067\"><div class=\"wpb_wrapper\"><p>In the next step your credit card will be charged <strong>50 USD<\/strong> as a <strong>one-time<\/strong> payment.<\/p>\n<\/div><\/div><div class=\"w-separator size_small\"><\/div><div class=\"w-btn-wrapper align_none\"><a class=\"w-btn us-btn-style_1\" href=\"https:\/\/iyzi.link\/AAGbnw\"><span class=\"w-btn-label\">Purchase by Credit Card<\/span><\/a><\/div><\/div><\/div><\/div><div class=\"w-tabs-section no_indents\" id=\"u3b7\"><button class=\"w-tabs-section-header\" aria-controls=\"content-u3b7\" aria-expanded=\"false\"><h3 class=\"w-tabs-section-title\">Wire Transfer<\/h3><div class=\"w-tabs-section-control\"><\/div><\/button><div  class=\"w-tabs-section-content\" id=\"content-u3b7\"><div class=\"w-tabs-section-content-h i-cf\"><div class=\"w-separator size_small\"><\/div><div class=\"wpb_text_column\"><div class=\"wpb_wrapper\"><p>In the next stage the steps for the <strong>one-time<\/strong> payment of the <strong>50 USD<\/strong> will be explained.<\/p>\n<\/div><\/div><div class=\"w-separator size_small\"><\/div><div class=\"w-btn-wrapper align_none\"><a class=\"w-btn us-btn-style_1\" href=\"https:\/\/mus2.com.tr\/en\/buy\/wire-transfer\/\"><span class=\"w-btn-label\">Subscribe by Wire Transfer<\/span><\/a><\/div><\/div><\/div><\/div><\/div><\/div><\/div><\/div><\/div><\/div><div class=\"w-separator size_small\"><\/div><div class=\"wpb_text_column us_custom_025665fb\"><div class=\"wpb_wrapper\"><p>* Please read the explanations in the <a href=\"#onemli-bilgiler\">important information<\/a> section before proceeding.<\/p>\n<\/div><\/div><\/div><\/div><\/div><\/div><\/div><\/section><section class=\"l-section wpb_row height_medium color_alternate\" id=\"onemli-bilgiler\"><div class=\"l-section-h i-cf\"><div class=\"g-cols vc_row via_flex valign_top type_default stacking_default\"><div class=\"vc_col-sm-12 wpb_column vc_column_container\"><div class=\"vc_column-inner\"><div class=\"wpb_wrapper\"><div class=\"wpb_text_column\"><div class=\"wpb_wrapper\"><h2>Important Information<\/h2>\n<ul>\n<li>To purchase, click the corresponding \u201cSUBSCRIBE\u201d button. Bank information can be accessed via the \u201cSUBSCRIBE\u201d button under the \u201cBy Wire Transfer\u201d heading.<\/li>\n<li>Subscribed users will get all the updates for free.<\/li>\n<li>Older versions of Mus2 will not receive updates.<\/li>\n<li>Users with older versions of Mus2 will be able to continue using their current version.<\/li>\n<li><strong>Internet connection is required<\/strong> to activate Mus2.<\/li>\n<\/ul>\n<h3>Terms of Use<\/h3>\n<ul>\n<li>The terms of use for Mus2 is covered by the <strong>License Agreement<\/strong>displayed during installation.<\/li>\n<li>A single Mus2 license may be used on up to two computers under your ownership.<\/li>\n<li>Each purchased license can be used to unlock both Windows and Mac OS X versions of Mus2. <strong>Mus2okur can be run under Windows only<\/strong>.<\/li>\n<li>For Mus2 <strong>system requirements<\/strong>, please see the <a href=\"https:\/\/mus2.com.tr\/en\/download\/\">Download<\/a> page.<\/li>\n<li>For Mus2okur system requirements and terms of use, please visit the <a href=\"http:\/\/www.musiki.org\/\" target=\"_blank\" rel=\"noopener\">Mus2okur web site<\/a>.<\/li>\n<\/ul>\n<h3>Purchasing Information<\/h3>\n<ul>\n<li>Online purchases <strong>do not include a retail box<\/strong>.<\/li>\n<li><strong>Our products are only sold on this site. We do not sell products on other web sites.<\/strong><\/li>\n<li>Your license and the installation instructions are sent to your email address. Sent messages can sometimes fall into the SPAM (Junk) folder. It would be useful to check this folder as well.<\/li>\n<li>Please keep the email sent to access the license number, in case you need it later. <strong>If you lose your license number, you can contact posta@mus2.com.tr.<\/strong><\/li>\n<li>Please make sure that your e-mail address is spelled correctly. If available, the second e-mail address should be entered in the Note field.<\/li>\n<\/ul>\n<\/div><\/div><\/div><\/div><\/div><\/div><\/div><\/section>\n","protected":false},"excerpt":{"rendered":"Notation software Windows and Mac One Year Subscription 35 USD Credit CardWire TransferCredit CardIn the next step, you will be charged for one year subscription. Subscribe by Credit CardWire TransferIn the next stage the steps for the payment one year subscription will be explained. Subscribe by Wire TransferTwo Years Subscription 56 USD Credit CardWire TransferCredit...","protected":false},"author":1,"featured_media":0,"parent":0,"menu_order":0,"comment_status":"closed","ping_status":"closed","template":"","meta":{"footnotes":""},"class_list":["post-781","page","type-page","status-publish","hentry"],"yoast_head":"<!-- This site is optimized with the Yoast SEO plugin v27.4 - https:\/\/yoast.com\/product\/yoast-seo-wordpress\/ -->\n<title>Buy: Turkish Maqam Music and Microtonal Notation Program - Mus2<\/title>\n<meta name=\"description\" content=\"Buy Mus2 alone or with the Mus2 Okur encyclopedia. You can install on two different computers with a purchased license.\" \/>\n<meta name=\"robots\" content=\"index, follow, max-snippet:-1, max-image-preview:large, max-video-preview:-1\" \/>\n<link rel=\"canonical\" href=\"https:\/\/mus2.com.tr\/en\/buy\/\" \/>\n<meta property=\"og:locale\" content=\"en_US\" \/>\n<meta property=\"og:type\" content=\"article\" \/>\n<meta property=\"og:title\" content=\"Buy: Turkish Maqam Music and Microtonal Notation Program - Mus2\" \/>\n<meta property=\"og:description\" content=\"Buy Mus2 alone or with the Mus2 Okur encyclopedia. You can install on two different computers with a purchased license.\" \/>\n<meta property=\"og:url\" content=\"https:\/\/mus2.com.tr\/en\/buy\/\" \/>\n<meta property=\"og:site_name\" content=\"Mus2\" \/>\n<meta property=\"article:publisher\" content=\"https:\/\/www.facebook.com\/Mus2.com.tr\/\" \/>\n<meta property=\"article:modified_time\" content=\"2025-01-17T12:39:31+00:00\" \/>\n<meta name=\"twitter:card\" content=\"summary_large_image\" \/>\n<meta name=\"twitter:label1\" content=\"Est. reading time\" \/>\n\t<meta name=\"twitter:data1\" content=\"5 minutes\" \/>\n<script type=\"application\/ld+json\" class=\"yoast-schema-graph\">{\"@context\":\"https:\\\/\\\/schema.org\",\"@graph\":[{\"@type\":\"WebPage\",\"@id\":\"https:\\\/\\\/mus2.com.tr\\\/en\\\/buy\\\/\",\"url\":\"https:\\\/\\\/mus2.com.tr\\\/en\\\/buy\\\/\",\"name\":\"Buy: Turkish Maqam Music and Microtonal Notation Program - Mus2\",\"isPartOf\":{\"@id\":\"https:\\\/\\\/mus2.com.tr\\\/en\\\/#website\"},\"datePublished\":\"2020-06-12T13:38:23+00:00\",\"dateModified\":\"2025-01-17T12:39:31+00:00\",\"description\":\"Buy Mus2 alone or with the Mus2 Okur encyclopedia. You can install on two different computers with a purchased license.\",\"breadcrumb\":{\"@id\":\"https:\\\/\\\/mus2.com.tr\\\/en\\\/buy\\\/#breadcrumb\"},\"inLanguage\":\"en-US\",\"potentialAction\":[{\"@type\":\"ReadAction\",\"target\":[\"https:\\\/\\\/mus2.com.tr\\\/en\\\/buy\\\/\"]}]},{\"@type\":\"BreadcrumbList\",\"@id\":\"https:\\\/\\\/mus2.com.tr\\\/en\\\/buy\\\/#breadcrumb\",\"itemListElement\":[{\"@type\":\"ListItem\",\"position\":1,\"name\":\"Ana sayfa\",\"item\":\"https:\\\/\\\/mus2.com.tr\\\/en\\\/\"},{\"@type\":\"ListItem\",\"position\":2,\"name\":\"Buy\"}]},{\"@type\":\"WebSite\",\"@id\":\"https:\\\/\\\/mus2.com.tr\\\/en\\\/#website\",\"url\":\"https:\\\/\\\/mus2.com.tr\\\/en\\\/\",\"name\":\"Mus2\",\"description\":\"T\u00fcrk makam m\u00fczi\u011fi ve mikrotonal m\u00fczik i\u00e7in nota yaz\u0131m\u0131\",\"publisher\":{\"@id\":\"https:\\\/\\\/mus2.com.tr\\\/en\\\/#organization\"},\"potentialAction\":[{\"@type\":\"SearchAction\",\"target\":{\"@type\":\"EntryPoint\",\"urlTemplate\":\"https:\\\/\\\/mus2.com.tr\\\/en\\\/?s={search_term_string}\"},\"query-input\":{\"@type\":\"PropertyValueSpecification\",\"valueRequired\":true,\"valueName\":\"search_term_string\"}}],\"inLanguage\":\"en-US\"},{\"@type\":\"Organization\",\"@id\":\"https:\\\/\\\/mus2.com.tr\\\/en\\\/#organization\",\"name\":\"Mus2\",\"url\":\"https:\\\/\\\/mus2.com.tr\\\/en\\\/\",\"logo\":{\"@type\":\"ImageObject\",\"inLanguage\":\"en-US\",\"@id\":\"https:\\\/\\\/mus2.com.tr\\\/en\\\/#\\\/schema\\\/logo\\\/image\\\/\",\"url\":\"https:\\\/\\\/mus2.com.tr\\\/wp-content\\\/uploads\\\/2022\\\/05\\\/mus2-logo.png\",\"contentUrl\":\"https:\\\/\\\/mus2.com.tr\\\/wp-content\\\/uploads\\\/2022\\\/05\\\/mus2-logo.png\",\"width\":800,\"height\":317,\"caption\":\"Mus2\"},\"image\":{\"@id\":\"https:\\\/\\\/mus2.com.tr\\\/en\\\/#\\\/schema\\\/logo\\\/image\\\/\"},\"sameAs\":[\"https:\\\/\\\/www.facebook.com\\\/Mus2.com.tr\\\/\"]}]}<\/script>\n<!-- \/ Yoast SEO plugin. -->","yoast_head_json":{"title":"Buy: Turkish Maqam Music and Microtonal Notation Program - Mus2","description":"Buy Mus2 alone or with the Mus2 Okur encyclopedia. You can install on two different computers with a purchased license.","robots":{"index":"index","follow":"follow","max-snippet":"max-snippet:-1","max-image-preview":"max-image-preview:large","max-video-preview":"max-video-preview:-1"},"canonical":"https:\/\/mus2.com.tr\/en\/buy\/","og_locale":"en_US","og_type":"article","og_title":"Buy: Turkish Maqam Music and Microtonal Notation Program - Mus2","og_description":"Buy Mus2 alone or with the Mus2 Okur encyclopedia. You can install on two different computers with a purchased license.","og_url":"https:\/\/mus2.com.tr\/en\/buy\/","og_site_name":"Mus2","article_publisher":"https:\/\/www.facebook.com\/Mus2.com.tr\/","article_modified_time":"2025-01-17T12:39:31+00:00","twitter_card":"summary_large_image","twitter_misc":{"Est. reading time":"5 minutes"},"schema":{"@context":"https:\/\/schema.org","@graph":[{"@type":"WebPage","@id":"https:\/\/mus2.com.tr\/en\/buy\/","url":"https:\/\/mus2.com.tr\/en\/buy\/","name":"Buy: Turkish Maqam Music and Microtonal Notation Program - Mus2","isPartOf":{"@id":"https:\/\/mus2.com.tr\/en\/#website"},"datePublished":"2020-06-12T13:38:23+00:00","dateModified":"2025-01-17T12:39:31+00:00","description":"Buy Mus2 alone or with the Mus2 Okur encyclopedia. You can install on two different computers with a purchased license.","breadcrumb":{"@id":"https:\/\/mus2.com.tr\/en\/buy\/#breadcrumb"},"inLanguage":"en-US","potentialAction":[{"@type":"ReadAction","target":["https:\/\/mus2.com.tr\/en\/buy\/"]}]},{"@type":"BreadcrumbList","@id":"https:\/\/mus2.com.tr\/en\/buy\/#breadcrumb","itemListElement":[{"@type":"ListItem","position":1,"name":"Ana sayfa","item":"https:\/\/mus2.com.tr\/en\/"},{"@type":"ListItem","position":2,"name":"Buy"}]},{"@type":"WebSite","@id":"https:\/\/mus2.com.tr\/en\/#website","url":"https:\/\/mus2.com.tr\/en\/","name":"Mus2","description":"T\u00fcrk makam m\u00fczi\u011fi ve mikrotonal m\u00fczik i\u00e7in nota yaz\u0131m\u0131","publisher":{"@id":"https:\/\/mus2.com.tr\/en\/#organization"},"potentialAction":[{"@type":"SearchAction","target":{"@type":"EntryPoint","urlTemplate":"https:\/\/mus2.com.tr\/en\/?s={search_term_string}"},"query-input":{"@type":"PropertyValueSpecification","valueRequired":true,"valueName":"search_term_string"}}],"inLanguage":"en-US"},{"@type":"Organization","@id":"https:\/\/mus2.com.tr\/en\/#organization","name":"Mus2","url":"https:\/\/mus2.com.tr\/en\/","logo":{"@type":"ImageObject","inLanguage":"en-US","@id":"https:\/\/mus2.com.tr\/en\/#\/schema\/logo\/image\/","url":"https:\/\/mus2.com.tr\/wp-content\/uploads\/2022\/05\/mus2-logo.png","contentUrl":"https:\/\/mus2.com.tr\/wp-content\/uploads\/2022\/05\/mus2-logo.png","width":800,"height":317,"caption":"Mus2"},"image":{"@id":"https:\/\/mus2.com.tr\/en\/#\/schema\/logo\/image\/"},"sameAs":["https:\/\/www.facebook.com\/Mus2.com.tr\/"]}]}},"_links":{"self":[{"href":"https:\/\/mus2.com.tr\/en\/wp-json\/wp\/v2\/pages\/781","targetHints":{"allow":["GET"]}}],"collection":[{"href":"https:\/\/mus2.com.tr\/en\/wp-json\/wp\/v2\/pages"}],"about":[{"href":"https:\/\/mus2.com.tr\/en\/wp-json\/wp\/v2\/types\/page"}],"author":[{"embeddable":true,"href":"https:\/\/mus2.com.tr\/en\/wp-json\/wp\/v2\/users\/1"}],"replies":[{"embeddable":true,"href":"https:\/\/mus2.com.tr\/en\/wp-json\/wp\/v2\/comments?post=781"}],"version-history":[{"count":42,"href":"https:\/\/mus2.com.tr\/en\/wp-json\/wp\/v2\/pages\/781\/revisions"}],"predecessor-version":[{"id":3502,"href":"https:\/\/mus2.com.tr\/en\/wp-json\/wp\/v2\/pages\/781\/revisions\/3502"}],"wp:attachment":[{"href":"https:\/\/mus2.com.tr\/en\/wp-json\/wp\/v2\/media?parent=781"}],"curies":[{"name":"wp","href":"https:\/\/api.w.org\/{rel}","templated":true}]}}