{"id":788,"date":"2020-06-13T10:27:11","date_gmt":"2020-06-13T07:27:11","guid":{"rendered":"https:\/\/mus2.com.tr\/support\/"},"modified":"2025-01-13T11:04:42","modified_gmt":"2025-01-13T08:04:42","slug":"support","status":"publish","type":"page","link":"https:\/\/mus2.com.tr\/en\/support\/","title":{"rendered":"Support"},"content":{"rendered":"<h3><a href=\"https:\/\/mus2.com.tr\/en\/docs\/mus2-users-guide\/\">User&#8217;s Guide<\/a><\/h3>\n<p>The User&#8217;s Guide explains various aspects of Mus2. You can access the User&#8217;s Guide both from the Help menu and from the <a href=\"https:\/\/mus2.com.tr\/en\/docs\/mus2-users-guide\/\">Online User&#8217;s Guide<\/a> pages.<\/p>\n<h3><a href=\"mailto:posta@mus2.com.tr\">E-mail Support<\/a><\/h3>\n<p>For technical support questions, comments and other inquiries regarding Mus2, please contact us at:\u00a0<a href=\"mailto:posta@mus2.com.tr\">posta@mus2.com.tr<\/a><\/p>\n<h3><\/h3>\n<hr \/>\n<h2>CompMusic Presentation<\/h2>\n<p>The Mus2 presentation at the CompMusic research project meeting gives an overview of the software and is available on YouTube:<\/p>\n<p><a href=\"https:\/\/www.youtube.com\/watch?v=e40Mes3VG0E\" target=\"_blank\" rel=\"noopener noreferrer\">Mus2. Microtonal notation software within the context of CompMusic<\/a><\/p>\n<hr \/>\n<h2>Company Info:<\/h2>\n<h2>39 Years of Experience in the Software<\/h2>\n<p><strong>Data-Soft Bilgisayar Hizmetleri ve Tic. Ltd. \u015eti.<\/strong><br \/>\n<strong>Phone:<\/strong>+90 (216) 472 4838<\/p>\n<p><strong>Address:<\/strong><br \/>\nBa\u011flarba\u015f\u0131 Mah. Ba\u011fdat Cad.<br \/>\nG\u00fcven \u0130\u015f Merkezi No:415\/92 Kat:4<br \/>\n34844 Maltepe<br \/>\n\u0130stanbul \/ Turkey<\/p>\n","protected":false},"excerpt":{"rendered":"<p>User&#8217;s Guide The User&#8217;s Guide explains various aspects of Mus2. You can access the User&#8217;s Guide both from the Help menu and from the Online User&#8217;s Guide pages. E-mail Support For technical support questions, comments and other inquiries regarding Mus2, please contact us at:\u00a0posta@mus2.com.tr CompMusic Presentation The Mus2 presentation at the CompMusic research project meeting&#8230;<\/p>\n","protected":false},"author":1,"featured_media":0,"parent":0,"menu_order":0,"comment_status":"closed","ping_status":"closed","template":"","meta":{"footnotes":""},"class_list":["post-788","page","type-page","status-publish","hentry"],"yoast_head":"<!-- This site is optimized with the Yoast SEO plugin v27.4 - https:\/\/yoast.com\/product\/yoast-seo-wordpress\/ -->\n<title>Support - Mus2<\/title>\n<meta name=\"robots\" content=\"index, follow, max-snippet:-1, max-image-preview:large, max-video-preview:-1\" \/>\n<link rel=\"canonical\" href=\"https:\/\/mus2.com.tr\/en\/support\/\" \/>\n<meta property=\"og:locale\" content=\"en_US\" \/>\n<meta property=\"og:type\" content=\"article\" \/>\n<meta property=\"og:title\" content=\"Support - Mus2\" \/>\n<meta property=\"og:description\" content=\"User&#8217;s Guide The User&#8217;s Guide explains various aspects of Mus2. You can access the User&#8217;s Guide both from the Help menu and from the Online User&#8217;s Guide pages. E-mail Support For technical support questions, comments and other inquiries regarding Mus2, please contact us at:\u00a0posta@mus2.com.tr CompMusic Presentation The Mus2 presentation at the CompMusic research project meeting...\" \/>\n<meta property=\"og:url\" content=\"https:\/\/mus2.com.tr\/en\/support\/\" \/>\n<meta property=\"og:site_name\" content=\"Mus2\" \/>\n<meta property=\"article:publisher\" content=\"https:\/\/www.facebook.com\/Mus2.com.tr\/\" \/>\n<meta property=\"article:modified_time\" content=\"2025-01-13T08:04:42+00:00\" \/>\n<meta name=\"twitter:card\" content=\"summary_large_image\" \/>\n<meta name=\"twitter:label1\" content=\"Est. reading time\" \/>\n\t<meta name=\"twitter:data1\" content=\"1 minute\" \/>\n<script type=\"application\/ld+json\" class=\"yoast-schema-graph\">{\"@context\":\"https:\\\/\\\/schema.org\",\"@graph\":[{\"@type\":\"WebPage\",\"@id\":\"https:\\\/\\\/mus2.com.tr\\\/en\\\/support\\\/\",\"url\":\"https:\\\/\\\/mus2.com.tr\\\/en\\\/support\\\/\",\"name\":\"Support - Mus2\",\"isPartOf\":{\"@id\":\"https:\\\/\\\/mus2.com.tr\\\/en\\\/#website\"},\"datePublished\":\"2020-06-13T07:27:11+00:00\",\"dateModified\":\"2025-01-13T08:04:42+00:00\",\"breadcrumb\":{\"@id\":\"https:\\\/\\\/mus2.com.tr\\\/en\\\/support\\\/#breadcrumb\"},\"inLanguage\":\"en-US\",\"potentialAction\":[{\"@type\":\"ReadAction\",\"target\":[\"https:\\\/\\\/mus2.com.tr\\\/en\\\/support\\\/\"]}]},{\"@type\":\"BreadcrumbList\",\"@id\":\"https:\\\/\\\/mus2.com.tr\\\/en\\\/support\\\/#breadcrumb\",\"itemListElement\":[{\"@type\":\"ListItem\",\"position\":1,\"name\":\"Ana sayfa\",\"item\":\"https:\\\/\\\/mus2.com.tr\\\/en\\\/\"},{\"@type\":\"ListItem\",\"position\":2,\"name\":\"Support\"}]},{\"@type\":\"WebSite\",\"@id\":\"https:\\\/\\\/mus2.com.tr\\\/en\\\/#website\",\"url\":\"https:\\\/\\\/mus2.com.tr\\\/en\\\/\",\"name\":\"Mus2\",\"description\":\"T\u00fcrk makam m\u00fczi\u011fi ve mikrotonal m\u00fczik i\u00e7in nota yaz\u0131m\u0131\",\"publisher\":{\"@id\":\"https:\\\/\\\/mus2.com.tr\\\/en\\\/#organization\"},\"potentialAction\":[{\"@type\":\"SearchAction\",\"target\":{\"@type\":\"EntryPoint\",\"urlTemplate\":\"https:\\\/\\\/mus2.com.tr\\\/en\\\/?s={search_term_string}\"},\"query-input\":{\"@type\":\"PropertyValueSpecification\",\"valueRequired\":true,\"valueName\":\"search_term_string\"}}],\"inLanguage\":\"en-US\"},{\"@type\":\"Organization\",\"@id\":\"https:\\\/\\\/mus2.com.tr\\\/en\\\/#organization\",\"name\":\"Mus2\",\"url\":\"https:\\\/\\\/mus2.com.tr\\\/en\\\/\",\"logo\":{\"@type\":\"ImageObject\",\"inLanguage\":\"en-US\",\"@id\":\"https:\\\/\\\/mus2.com.tr\\\/en\\\/#\\\/schema\\\/logo\\\/image\\\/\",\"url\":\"https:\\\/\\\/mus2.com.tr\\\/wp-content\\\/uploads\\\/2022\\\/05\\\/mus2-logo.png\",\"contentUrl\":\"https:\\\/\\\/mus2.com.tr\\\/wp-content\\\/uploads\\\/2022\\\/05\\\/mus2-logo.png\",\"width\":800,\"height\":317,\"caption\":\"Mus2\"},\"image\":{\"@id\":\"https:\\\/\\\/mus2.com.tr\\\/en\\\/#\\\/schema\\\/logo\\\/image\\\/\"},\"sameAs\":[\"https:\\\/\\\/www.facebook.com\\\/Mus2.com.tr\\\/\"]}]}<\/script>\n<!-- \/ Yoast SEO plugin. -->","yoast_head_json":{"title":"Support - Mus2","robots":{"index":"index","follow":"follow","max-snippet":"max-snippet:-1","max-image-preview":"max-image-preview:large","max-video-preview":"max-video-preview:-1"},"canonical":"https:\/\/mus2.com.tr\/en\/support\/","og_locale":"en_US","og_type":"article","og_title":"Support - Mus2","og_description":"User&#8217;s Guide The User&#8217;s Guide explains various aspects of Mus2. You can access the User&#8217;s Guide both from the Help menu and from the Online User&#8217;s Guide pages. E-mail Support For technical support questions, comments and other inquiries regarding Mus2, please contact us at:\u00a0posta@mus2.com.tr CompMusic Presentation The Mus2 presentation at the CompMusic research project meeting...","og_url":"https:\/\/mus2.com.tr\/en\/support\/","og_site_name":"Mus2","article_publisher":"https:\/\/www.facebook.com\/Mus2.com.tr\/","article_modified_time":"2025-01-13T08:04:42+00:00","twitter_card":"summary_large_image","twitter_misc":{"Est. reading time":"1 minute"},"schema":{"@context":"https:\/\/schema.org","@graph":[{"@type":"WebPage","@id":"https:\/\/mus2.com.tr\/en\/support\/","url":"https:\/\/mus2.com.tr\/en\/support\/","name":"Support - Mus2","isPartOf":{"@id":"https:\/\/mus2.com.tr\/en\/#website"},"datePublished":"2020-06-13T07:27:11+00:00","dateModified":"2025-01-13T08:04:42+00:00","breadcrumb":{"@id":"https:\/\/mus2.com.tr\/en\/support\/#breadcrumb"},"inLanguage":"en-US","potentialAction":[{"@type":"ReadAction","target":["https:\/\/mus2.com.tr\/en\/support\/"]}]},{"@type":"BreadcrumbList","@id":"https:\/\/mus2.com.tr\/en\/support\/#breadcrumb","itemListElement":[{"@type":"ListItem","position":1,"name":"Ana sayfa","item":"https:\/\/mus2.com.tr\/en\/"},{"@type":"ListItem","position":2,"name":"Support"}]},{"@type":"WebSite","@id":"https:\/\/mus2.com.tr\/en\/#website","url":"https:\/\/mus2.com.tr\/en\/","name":"Mus2","description":"T\u00fcrk makam m\u00fczi\u011fi ve mikrotonal m\u00fczik i\u00e7in nota yaz\u0131m\u0131","publisher":{"@id":"https:\/\/mus2.com.tr\/en\/#organization"},"potentialAction":[{"@type":"SearchAction","target":{"@type":"EntryPoint","urlTemplate":"https:\/\/mus2.com.tr\/en\/?s={search_term_string}"},"query-input":{"@type":"PropertyValueSpecification","valueRequired":true,"valueName":"search_term_string"}}],"inLanguage":"en-US"},{"@type":"Organization","@id":"https:\/\/mus2.com.tr\/en\/#organization","name":"Mus2","url":"https:\/\/mus2.com.tr\/en\/","logo":{"@type":"ImageObject","inLanguage":"en-US","@id":"https:\/\/mus2.com.tr\/en\/#\/schema\/logo\/image\/","url":"https:\/\/mus2.com.tr\/wp-content\/uploads\/2022\/05\/mus2-logo.png","contentUrl":"https:\/\/mus2.com.tr\/wp-content\/uploads\/2022\/05\/mus2-logo.png","width":800,"height":317,"caption":"Mus2"},"image":{"@id":"https:\/\/mus2.com.tr\/en\/#\/schema\/logo\/image\/"},"sameAs":["https:\/\/www.facebook.com\/Mus2.com.tr\/"]}]}},"_links":{"self":[{"href":"https:\/\/mus2.com.tr\/en\/wp-json\/wp\/v2\/pages\/788","targetHints":{"allow":["GET"]}}],"collection":[{"href":"https:\/\/mus2.com.tr\/en\/wp-json\/wp\/v2\/pages"}],"about":[{"href":"https:\/\/mus2.com.tr\/en\/wp-json\/wp\/v2\/types\/page"}],"author":[{"embeddable":true,"href":"https:\/\/mus2.com.tr\/en\/wp-json\/wp\/v2\/users\/1"}],"replies":[{"embeddable":true,"href":"https:\/\/mus2.com.tr\/en\/wp-json\/wp\/v2\/comments?post=788"}],"version-history":[{"count":6,"href":"https:\/\/mus2.com.tr\/en\/wp-json\/wp\/v2\/pages\/788\/revisions"}],"predecessor-version":[{"id":3499,"href":"https:\/\/mus2.com.tr\/en\/wp-json\/wp\/v2\/pages\/788\/revisions\/3499"}],"wp:attachment":[{"href":"https:\/\/mus2.com.tr\/en\/wp-json\/wp\/v2\/media?parent=788"}],"curies":[{"name":"wp","href":"https:\/\/api.w.org\/{rel}","templated":true}]}}